{"id":13983,"date":"2022-02-26T09:35:55","date_gmt":"2022-02-26T07:35:55","guid":{"rendered":"https:\/\/nicoteam.gr\/?post_type=product&#038;p=13983"},"modified":"2025-04-12T10:57:50","modified_gmt":"2025-04-12T08:57:50","slug":"dum-%ce%bd%ce%b1%cf%81%ce%b3%ce%b9%ce%bb%ce%b5%cf%83-h2-009-ss-43cm","status":"publish","type":"product","link":"https:\/\/nicoteam.gr\/tr\/product\/dum-%ce%bd%ce%b1%cf%81%ce%b3%ce%b9%ce%bb%ce%b5%cf%83-h2-009-ss-43cm\/","title":{"rendered":"DUM NARG\u0130LE H2 009 SS 43cm"},"content":{"rendered":"<ul>\n<li>T\u00fcr : Tek<\/li>\n<li>\u015ei\u015fe rengi: \u015eeffaf<\/li>\n<li>\u03a3\u03ce\u03bc\u03b1 \u03bd\u03b1\u03c1\u03b3\u03b9\u03bb\u03ad: GunMetal<\/li>\n<li>\u038e\u03c8\u03bf\u03c2: 43 cm<\/li>\n<\/ul>\n<p>NARG\u0130LE KULLANIMI<br \/>\nMetal boru yakla\u015f\u0131k 1 cm suyun alt\u0131na bat\u0131ncaya kadar borunun i\u00e7ine su koyuyoruz.<br \/>\nNargile aromas\u0131n\u0131 (8-10 gr t\u00fct\u00fcn) kasenin \u00fczerini tamamen kapatmadan kil kaseye ekleyin.<br \/>\nKil kasesinin tamam\u0131n\u0131 kaplayacak kadar b\u00fcy\u00fck bir par\u00e7a al\u00fcminyum folyo al\u0131n ve sar\u0131n. Bir k\u00fcrdan ile yap\u0131n<br \/>\nFolyo \u00fczerinde 10-14 delik.<br \/>\nK\u00f6m\u00fcr\u00fc yak\u0131n (tercihen k\u00fcp \u015feklinde) ve al\u00fcminyum folyo \u00fczerine yerle\u015ftirin (al\u00fcminyum folyo \u00fczerine d\u00fc\u015fen k\u00fcller temizlenmeli ki nefes al\u0131rken duman \u00e7\u0131kmas\u0131n).<br \/>\nE\u011flence!<\/p>","protected":false},"excerpt":{"rendered":"<p>\u03a4\u03cd\u03c0\u03bf\u03c2 : \u039c\u03bf\u03bd\u03cc\u03c2 \u03a7\u03c1\u03ce\u03bc\u03b1 \u03bc\u03c0\u03bf\u03c5\u03ba\u03ac\u03bb\u03b1\u03c2: \u0394\u03b9\u03ac\u03c6\u03b1\u03bd\u03bf \u03a3\u03ce\u03bc\u03b1 \u03bd\u03b1\u03c1\u03b3\u03b9\u03bb\u03ad: GunMetal \u038e\u03c8\u03bf\u03c2: 43 cm \u03a7\u03a1\u0397\u03a3\u0397 \u039d\u0391\u03a1\u0393\u0399\u039b\u0395 \u0392\u03ac\u03b6\u03bf\u03c5\u03bc\u03b5 \u03bd\u03b5\u03c1\u03cc \u03c3\u03c4\u03bf \u03c3\u03c9\u03bb\u03ae\u03bd\u03b1 \u03bc\u03ad\u03c7\u03c1\u03b9 \u03bf \u03bc\u03b5\u03c4\u03b1\u03bb\u03bb\u03b9\u03ba\u03cc\u03c2 \u03c3\u03c9\u03bb\u03ae\u03bd\u03b1\u03c2 \u03bd\u03b1 \u03b2\u03c5\u03b8\u03b9\u03c3\u03c4\u03b5\u03af \u03ba\u03ac\u03c4\u03c9 \u03b1\u03c0\u03cc \u03c4\u03bf \u03bd\u03b5\u03c1\u03cc \u03c0\u03b5\u03c1\u03af\u03c0\u03bf\u03c5 1 cm. \u03a0\u03c1\u03bf\u03c3\u03b8\u03ad\u03c4\u03bf\u03c5\u03bc\u03b5 \u03c4\u03b7 \u03b3\u03b5\u03cd\u03c3\u03b7 \u03bd\u03b1\u03c1\u03b3\u03b9\u03bb\u03ad (8 -10 g \u03ba\u03b1\u03c0\u03bd\u03bf\u03cd) \u03c3\u03c4\u03bf \u03c0\u03ae\u03bb\u03b9\u03bd\u03bf \u03bc\u03c0\u03bf\u03bb\u03ac\u03ba\u03b9 \u03c7\u03c9\u03c1\u03af\u03c2 \u03bd\u03b1 \u03ba\u03b1\u03bb\u03cd\u03c8\u03bf\u03c5\u03bc\u03b5 \u03c0\u03bb\u03ae\u03c1\u03c9\u03c2 \u03c4\u03bf \u03bc\u03c0\u03bf\u03bb. \u03a0\u03ac\u03c1\u03c4\u03b5 \u03ad\u03bd\u03b1 \u03ba\u03bf\u03bc\u03bc\u03ac\u03c4\u03b9 \u03b1\u03bb\u03bf\u03c5\u03bc\u03b9\u03bd\u03cc\u03c7\u03b1\u03c1\u03c4\u03bf \u03b1\u03c1\u03ba\u03b5\u03c4\u03ac \u03bc\u03b5\u03b3\u03ac\u03bb\u03bf \u03ce\u03c3\u03c4\u03b5&#8230;<\/p>","protected":false},"featured_media":13984,"template":"","meta":{"_acf_changed":false,"_kadence_starter_templates_imported_post":false,"_kad_post_transparent":"","_kad_post_title":"","_kad_post_layout":"","_kad_post_sidebar_id":"","_kad_post_content_style":"","_kad_post_vertical_padding":"","_kad_post_feature":"","_kad_post_feature_position":"","_kad_post_header":false,"_kad_post_footer":false},"product_cat":[610],"product_tag":[],"class_list":{"0":"post-13983","1":"product","2":"type-product","3":"status-publish","4":"has-post-thumbnail","6":"product_cat-medium-shisha","7":"product_shipping_class-mi-kapnika","8":"pa_-43-cm","10":"first","11":"outofstock","12":"taxable","13":"shipping-taxable","14":"purchasable","15":"product-type-simple","16":"entry","17":"content-bg","18":"loop-entry"},"acf":[],"_links":{"self":[{"href":"https:\/\/nicoteam.gr\/tr\/wp-json\/wp\/v2\/product\/13983","targetHints":{"allow":["GET"]}}],"collection":[{"href":"https:\/\/nicoteam.gr\/tr\/wp-json\/wp\/v2\/product"}],"about":[{"href":"https:\/\/nicoteam.gr\/tr\/wp-json\/wp\/v2\/types\/product"}],"wp:featuredmedia":[{"embeddable":true,"href":"https:\/\/nicoteam.gr\/tr\/wp-json\/wp\/v2\/media\/13984"}],"wp:attachment":[{"href":"https:\/\/nicoteam.gr\/tr\/wp-json\/wp\/v2\/media?parent=13983"}],"wp:term":[{"taxonomy":"product_cat","embeddable":true,"href":"https:\/\/nicoteam.gr\/tr\/wp-json\/wp\/v2\/product_cat?post=13983"},{"taxonomy":"product_tag","embeddable":true,"href":"https:\/\/nicoteam.gr\/tr\/wp-json\/wp\/v2\/product_tag?post=13983"}],"curies":[{"name":"wp","href":"https:\/\/api.w.org\/{rel}","templated":true}]}}