{"id":13852,"date":"2022-02-25T10:19:19","date_gmt":"2022-02-25T08:19:19","guid":{"rendered":"https:\/\/nicoteam.gr\/?post_type=product&#038;p=13852"},"modified":"2025-01-07T11:57:33","modified_gmt":"2025-01-07T09:57:33","slug":"voopoo-drag-s-pnp-x-kit","status":"publish","type":"product","link":"https:\/\/nicoteam.gr\/tr\/product\/voopoo-drag-s-pnp-x-kit\/","title":{"rendered":"Voopoo Drag S PnP X Kiti"},"content":{"rendered":"<p>YEN\u0130 DRAG S PNP X K\u0130T \u0130LE B\u0130R KNIGHT YOLCULU\u011eUNA BA\u015eLAYIN<br \/>\n5 Yeni \u015f\u00f6valye rengi\/tasar\u0131mlar\u0131<br \/>\nYeni PnP-X atomizer<br \/>\n\u00d6nc\u00fc hava ak\u0131\u015f\u0131 sistemi<br \/>\nOtomatik g\u00fc\u00e7 modu<br \/>\nYeni nesil GENE.TT \u00e7ipi<br \/>\n0,96&#039;TFT renkli ekran<br \/>\nK\u0131z\u0131l \u015f\u00f6valye \u2013 K\u0131rm\u0131z\u0131 \u015e\u00f6valye<br \/>\nVoopoo Drag X PnP X 80W 5ml Kiti<\/p>\n<p>Maskeli \u015f\u00f6valye adalet aray\u0131\u015f\u0131nda<\/p>\n<p>\u015e\u00f6valye Kestanesi \u2013 \u015e\u00f6valye Kestanesi<\/p>\n<p>Zaferi koruyan ejderha \u015f\u00f6valyesi<\/p>\n<p>Gri \u015f\u00f6valye \u2013 Gri \u015e\u00f6valye<\/p>\n<p>Manevi \u015f\u00f6valye<\/p>\n<p>Alt\u0131n kalkan \u2013 Kalkan Alt\u0131n<\/p>\n<p>\u015e\u00f6valye tap\u0131na\u011f\u0131<\/p>\n<p>Kara kartal \u2013 Kara Kartal<\/p>\n<p>Cesur ve korkusuz kara \u015f\u00f6valye<\/p>\n<p>Her \u015f\u00f6valye onu tutarken bize zevk verebilir<br \/>\nDrag X&#039;in ergonomik tasar\u0131m\u0131 kullan\u0131c\u0131n\u0131n eline m\u00fckemmel uyum sa\u011flayarak parmaklar\u0131n cihaz\u0131 sard\u0131\u011f\u0131 hissini verir.<\/p>\n<p>Deri ve metalin birle\u015fimi Voopoo tasar\u0131mc\u0131lar\u0131n\u0131n ald\u0131\u011f\u0131 bir risktir ve bu da onlar\u0131n g\u00fczel, sa\u011flam ve konforlu bir cihaz yaratmas\u0131na yol a\u00e7m\u0131\u015ft\u0131r.<\/p>\n<p>Ger\u00e7ek bir \u015f\u00f6valye gibi donat\u0131lm\u0131\u015f y\u00fckseltilmi\u015f PnP X buharla\u015ft\u0131r\u0131c\u0131<br \/>\nPnP X atomizer, dekoratif metal halkay\u0131 ve \u00dcstten Doldurma yuvas\u0131n\u0131 geli\u015ftirerek tank\u0131n doldurulmas\u0131n\u0131 daha konforlu hale getirdi ve daha fazla s\u0131z\u0131nt\u0131y\u0131 \u00f6nlemek i\u00e7in daha dayan\u0131kl\u0131 bir tasar\u0131ma sahip oldu.<\/p>\n<p>Tercih etti\u011fimiz ba\u015fka bir 510 damla ucuyla de\u011fi\u015ftirebilece\u011fimiz 510 a\u011f\u0131zl\u0131\u011fa sahiptir. Bir \u015f\u00f6valye kadar donan\u0131ml\u0131 olmak size unutulmaz deneyimler ya\u015fatacak.<\/p>\n<p>G\u00fc\u00e7l\u00fc m\u0131knat\u0131s<br \/>\nKullan\u0131\u015fl\u0131 likit yuvas\u0131yla yeni geli\u015ftirilmi\u015f manyetik atomizer, size daha iyi bir s\u0131zd\u0131rmazl\u0131k sa\u011flar ve tank\u0131 en sevdi\u011finiz aromayla doldurman\u0131n daha kolay bir yolunu sunar.<\/p>\n<p>PnP X&#039;in yeni Airflow sistemi ile s\u0131n\u0131rs\u0131z ayarlar<br \/>\nPnP X, her noktadan d\u00fczenlemeyi destekleyen &quot;s\u00fcrekli&quot; bir hava ak\u0131\u015f\u0131 sistemine sahiptir. Hangi direnci kullan\u0131rsak kullanal\u0131m veya hangi parametreleri ayarlarsak ayarlayal\u0131m, yeni hava ak\u0131\u015f\u0131 sistemiyle rahat ve zengin bir e-sigara deneyiminin keyfini \u00e7\u0131karabiliriz.<\/p>\n<p>Drag X, daha h\u0131zl\u0131 \u015farj i\u00e7in dahili 2500 mah pil ve Type-C 5V\/2A \u015farj ba\u011flant\u0131 noktas\u0131yla birlikte gelir. Uzun \u00f6m\u00fcrl\u00fc pili ve h\u0131zl\u0131 \u015farj\u0131, koruyucu \u015f\u00f6valyenizin sizi kollad\u0131\u011f\u0131 hissini verir.<\/p>\n<p>Yeni Nesil Yonga Seti \u2013 Gene.TT<br \/>\nCihaz, Drag&#039;a 0,001 saniyelik ultra h\u0131zl\u0131 yan\u0131t, kararl\u0131l\u0131k ve g\u00fc\u00e7l\u00fc performans sa\u011flayan y\u00fcksek teknolojili bir \u00e7ip olan Gene.TT Chip taraf\u0131ndan desteklenmektedir.<\/p>\n<p>Gene.TT \u00c7ipi, farkl\u0131 Bobinlerin omik direncini otomatik olarak alg\u0131layabilir ve Mod&#039;a, ilgili diren\u00e7 i\u00e7in uygun \u00e7\u0131k\u0131\u015f g\u00fcc\u00fcn\u00fc ayarlamas\u0131 talimat\u0131n\u0131 otomatik olarak verebilir.<\/p>\n<p>Performans ve stabilitenin m\u00fckemmel birle\u015fimi olan Gene.TT, Chip&#039;in yard\u0131m\u0131yla cihaz, nefes kayd\u0131 (PUFF kayd\u0131), Skor s\u0131ralamas\u0131, ak\u0131ll\u0131 mod (SMART modu) vb. gibi bir\u00e7ok ak\u0131ll\u0131 fonksiyon sa\u011flar.<\/p>\n<p>Puan S\u0131ralamas\u0131<br \/>\nPuan s\u0131ralamas\u0131, her elektronik sigara kullan\u0131m\u0131m\u0131zda puan\u0131 hesaplayan ve bunu k\u00fcm\u00fclatif puana ekleyen bir puanlama i\u015flevidir. \u0130statistiklerimize ve bulundu\u011fumuz seviyeye ba\u011fl\u0131 olarak ekran\u0131n alt k\u0131sm\u0131nda sanal bir \u00f6d\u00fcl madalyas\u0131 g\u00f6r\u00fcnecektir.<\/p>\n<p>Kay\u0131t sistemi \u2013 Puf E\u011frisi<br \/>\nCihaz\u0131n Puff Curve kay\u0131t sistemi arac\u0131l\u0131\u011f\u0131yla elektronik sigara al\u0131\u015fkanl\u0131klar\u0131n\u0131z\u0131 ger\u00e7ek zamanl\u0131 olarak izleyin. Cihaz taraf\u0131ndan toplanan veriler her iki haftada bir yenilenerek kullan\u0131c\u0131ya iki haftaya kadar geriye bakma olana\u011f\u0131 sa\u011flan\u0131r.<\/p>\n<p>Maksimum g\u00fc\u00e7 60W<br \/>\nDrag&#039;\u0131n PnP-X&#039;i 5-60W aras\u0131 g\u00fcce ula\u015fabilir. Sadece 0,001 saniyede size \u00e7e\u015fitli yo\u011funluklar ve yo\u011fun buharlar sunar.<\/p>\n<p>Aktivasyon butonu mu yoksa otomatik aktivasyon mu?<br \/>\nCihaz, Ate\u015fleme D\u00fc\u011fmesi veya Otomatik Mod arac\u0131l\u0131\u011f\u0131yla iki etkinle\u015ftirme se\u00e7ene\u011fi sunar.<\/p>\n<p>Ate\u015fleme D\u00fc\u011fmesi, yaln\u0131zca g\u00fc\u00e7 d\u00fc\u011fmesine basarak a\u00e7man\u0131n klasik yoludur.<\/p>\n<p>Otomatik Mod fonksiyonu sayesinde cihaz, herhangi bir tu\u015fa basmadan, hava bas\u0131nc\u0131n\u0131 kontrol eden bir sens\u00f6r yard\u0131m\u0131yla devreye girer ve yaln\u0131zca nefes alarak etkinle\u015ftirilir.<\/p>\n<p>Drag s PnP X, PnP serisindeki t\u00fcm diren\u00e7lerle uyumludur<\/p>\n<p>Mesh PnP Voopoo diren\u00e7leri<br \/>\nVoopoo&#039;nun Mesh PnP bobinleri paslanmaz \u00e7elikten yap\u0131lm\u0131\u015ft\u0131r ve size m\u00fckemmel buhar \u00fcretimi ve harika bir lezzet etkisi verirken y\u00fcksek s\u0131cakl\u0131klarda \u00e7al\u0131\u015fabilir.<\/p>\n<p>Bobinler size harika bir elektronik sigara deneyimi ya\u015fatacak. Kaliteli etki ve temiz tat i\u00e7in 100% organik pamuk kullan\u0131lm\u0131\u015ft\u0131r.<\/p>\n<p>Atomizer 2 bobinle birlikte gelir<\/p>\n<p>\u00d6rg\u00fc Bobin PnP-VM1 0.3ohm<\/p>\n<p>G\u00fc\u00e7 aral\u0131\u011f\u0131: 40W \u2013 60W<\/p>\n<p>\u00d6rg\u00fc Bobin PnP-VM5 0.2ohm<\/p>\n<p>\u00c7oklu koruma sistemleri<br \/>\nK\u0131sa devre korumas\u0131<br \/>\nA\u015f\u0131r\u0131 S\u0131cakl\u0131k Korumas\u0131<br \/>\nA\u015f\u0131r\u0131 \u015earj Korumas\u0131 \u2013 A\u015f\u0131r\u0131 \u015earj Korumas\u0131<br \/>\nMaksimum G\u00fc\u00e7 Korumas\u0131 \u2013 Maksimum G\u00fc\u00e7 Korumas\u0131<br \/>\n\u00c7al\u0131\u015fma s\u00fcresi s\u0131n\u0131r\u0131 10s \u2013 Fazla Mesai Korumas\u0131<\/p>\n<p>A\u015f\u0131r\u0131 De\u015farj Korumas\u0131<br \/>\nH\u0131zl\u0131 \u015farj | Tip-C<br \/>\nDrag&#039;lar\u0131 Type-C \u015farj ba\u011flant\u0131 noktas\u0131 arac\u0131l\u0131\u011f\u0131yla \u015farj edin. Maksimum \u015farj ak\u0131m\u0131 2A&#039;ya kadar ula\u015fabilir.<\/p>\n<p>\u00d6ZELL\u0130KLER<\/p>\n<p>Pil kapasitesi: 2500<\/p>\n<p>\u0130n\u015faat Malzemeleri: \u00c7inko Ala\u015f\u0131m\u0131, Deri, PCTG Plastik<\/p>\n<p>Maksimum g\u00fc\u00e7: 60W<\/p>\n<p>\u00c7\u0131k\u0131\u015f voltaj\u0131: 3,2V- 4,2V<\/p>\n<p>Diren\u00e7 Aral\u0131\u011f\u0131: 0,1ohm - 3,0ohm<\/p>\n<p>Kapasite: 5 ml<\/p>\n<p>Diren\u00e7ler: PnP serisi<\/p>\n<p>\u015earj Ba\u011flant\u0131 Noktas\u0131: Tip-C | 5V \/ 2A<\/p>\n<p>Renkler: \u015e\u00f6valye K\u0131rm\u0131z\u0131s\u0131, \u015e\u00f6valye Kestanesi, Kartal Siyah\u0131, \u015e\u00f6valye Grisi, Kalkan Alt\u0131n\u0131<\/p>","protected":false},"excerpt":{"rendered":"<p>Drag ve PnP serisinin yeni nesil \u00fcr\u00fcnleri, \u00f6nceki nesillerin \u00fcst\u00fcn deneyimini s\u00fcrd\u00fcrmekle kalm\u0131yor, ayn\u0131 zamanda size 5 yeni \u015f\u00f6valye temas\u0131 da sunuyor. Drag S, metal ham maddeler ve konforlu \u00fcst dolum \u00f6zelli\u011fine sahip PnP-X atomizer ile y\u00fckseltildi; her ayr\u0131nt\u0131 \u015f\u00f6valyeye bir \u00f6vg\u00fcd\u00fcr.<\/p>","protected":false},"featured_media":13860,"template":"","meta":{"_acf_changed":false,"_kadence_starter_templates_imported_post":false,"_kad_post_transparent":"","_kad_post_title":"","_kad_post_layout":"","_kad_post_sidebar_id":"","_kad_post_content_style":"","_kad_post_vertical_padding":"","_kad_post_feature":"","_kad_post_feature_position":"","_kad_post_header":false,"_kad_post_footer":false},"product_cat":[511],"product_tag":[],"class_list":{"0":"post-13852","1":"product","2":"type-product","3":"status-publish","4":"has-post-thumbnail","6":"product_cat-apospomeni-mpataria-kits","7":"product_shipping_class-mi-kapnika","8":"pa_-118","10":"first","11":"outofstock","12":"taxable","13":"shipping-taxable","14":"purchasable","15":"product-type-variable","16":"entry","17":"content-bg","18":"loop-entry"},"acf":[],"_links":{"self":[{"href":"https:\/\/nicoteam.gr\/tr\/wp-json\/wp\/v2\/product\/13852","targetHints":{"allow":["GET"]}}],"collection":[{"href":"https:\/\/nicoteam.gr\/tr\/wp-json\/wp\/v2\/product"}],"about":[{"href":"https:\/\/nicoteam.gr\/tr\/wp-json\/wp\/v2\/types\/product"}],"wp:featuredmedia":[{"embeddable":true,"href":"https:\/\/nicoteam.gr\/tr\/wp-json\/wp\/v2\/media\/13860"}],"wp:attachment":[{"href":"https:\/\/nicoteam.gr\/tr\/wp-json\/wp\/v2\/media?parent=13852"}],"wp:term":[{"taxonomy":"product_cat","embeddable":true,"href":"https:\/\/nicoteam.gr\/tr\/wp-json\/wp\/v2\/product_cat?post=13852"},{"taxonomy":"product_tag","embeddable":true,"href":"https:\/\/nicoteam.gr\/tr\/wp-json\/wp\/v2\/product_tag?post=13852"}],"curies":[{"name":"wp","href":"https:\/\/api.w.org\/{rel}","templated":true}]}}