{"id":13825,"date":"2022-02-25T10:08:03","date_gmt":"2022-02-25T08:08:03","guid":{"rendered":"https:\/\/nicoteam.gr\/?post_type=product&#038;p=13825"},"modified":"2025-10-30T10:50:06","modified_gmt":"2025-10-30T08:50:06","slug":"voopoo-drag-x-pro-100w","status":"publish","type":"product","link":"https:\/\/nicoteam.gr\/tr\/product\/voopoo-drag-x-pro-100w\/","title":{"rendered":"Voopoo Drag X Pro 100w"},"content":{"rendered":"<p>Gene.Fan 3.0 Voopoo i\u00e7in b\u00fcy\u00fck bir teknolojik s\u0131\u00e7rama<br \/>\nYeni Drag X Pro, moda s\u00fcper h\u0131zl\u0131 tepki (0,001 saniye), kararl\u0131l\u0131k ve g\u00fc\u00e7l\u00fc performans sa\u011flayan y\u00fcksek teknoloji \u00fcr\u00fcn\u00fc yeni Gene.Fan 3.0 \u00e7ipiyle donat\u0131lm\u0131\u015ft\u0131r.<\/p>\n<p>Yeni Chip Gene.Fan 3.0 teknolojilerinin dahil edilmesiyle Drag X Pro&#039;nun genel performans\u0131, \u00f6nceki Drag modellerine g\u00f6re 20% ile iyile\u015ftirildi.<\/p>\n<p>Yedi muhte\u015fem renk<\/p>\n<p>Etkileyici renkli ekran<br \/>\nDrag X Pro, \u00e7e\u015fitli bilgi ve verilerin net bir \u015fekilde g\u00f6r\u00fcnt\u00fclenmesi i\u00e7in 0,96 in\u00e7 renkli TFT ekranla donat\u0131lm\u0131\u015ft\u0131r. Ayar aray\u00fcz\u00fcne girmek i\u00e7in &quot;+&quot; ve &quot;-&quot; d\u00fc\u011fmelerine ayn\u0131 anda bas\u0131n, ayar se\u00e7eneklerini se\u00e7mek i\u00e7in &quot;+&quot; &quot;-&quot; kullan\u0131n ve onaylamak i\u00e7in g\u00fc\u00e7 d\u00fc\u011fmesine bas\u0131n.<\/p>\n<p>T\u00fcm parametre ayarlar\u0131 ve PUFF (Puff Sayac\u0131) say\u0131s\u0131 ekranda ger\u00e7ek zamanl\u0131 olarak g\u00f6sterilir.<\/p>\n<p>Gezinmesi kolay Mod \u00f6zellikleri<br \/>\nAk\u0131ll\u0131 | RBA Modu | TC Modu<\/p>\n<p>Ayarlar\u0131 girdikten sonra \u201cMod\u201d se\u00e7ene\u011fini se\u00e7in ve Mod alt aray\u00fcz\u00fcnden cihaz modunu se\u00e7in ve cihaz\u0131n \u00e7al\u0131\u015fma modunu se\u00e7in.<\/p>\n<p>Ak\u0131ll\u0131 Mod | Yeni ba\u015flayanlar i\u00e7in ideal<br \/>\nGene.Fan 3.0 Chip&#039;in yard\u0131m\u0131yla cihaz, cihaz\u0131n parametrelerini ayarlaman\u0131za ve farkl\u0131 Bobinlerin omik direncini otomatik olarak tespit etmenize ve ayn\u0131 zamanda cihaza uygun \u00e7\u0131k\u0131\u015f g\u00fcc\u00fcn\u00fc ayarlamas\u0131 talimat\u0131n\u0131 vermenize olanak tan\u0131yan benzersiz bir i\u015flev sunar. kar\u015f\u0131l\u0131k gelen diren\u00e7.<\/p>\n<p>RBA Modu | G\u00fc\u00e7 S\u0131n\u0131r\u0131n\u0131z\u0131 A\u015f\u0131n<br \/>\nRBA i\u015flevi tercihinize g\u00f6re ayarlanabilir, g\u00fc\u00e7 \u00e7\u0131k\u0131\u015f\u0131n\u0131 tam olarak kontrol etmenize olanak tan\u0131yarak cihaz\u0131 kendi \u00f6l\u00e7\u00fcmlerinize g\u00f6re ayarlayabilirsiniz.<\/p>\n<p>H\u0131zl\u0131 \u015farj | Tip-C 5V \/ 2A<br \/>\nCihaz, adapt\u00f6r (pakete dahil) yard\u0131m\u0131yla harici 18650 pil veya 21700 pil ile \u00e7al\u0131\u015ft\u0131r\u0131lmaktad\u0131r.Type-C 5V\/2A h\u0131zl\u0131 \u015farj sistemi ile \u015farj h\u0131z\u0131 50% kadar art\u0131r\u0131labilmektedir.<\/p>\n<p>* Piller pakete dahil de\u011fildir<\/p>\n<p>* \u00c7\u0131kar\u0131labilir kasa \u2013 pil adapt\u00f6r\u00fc dahildir<\/p>\n<p>A\u00e7ma\/Kapama D\u00fc\u011fmesi<br \/>\nBu \u015fimdiye kadarki en b\u00fcy\u00fck yenilik olabilir. Switch&#039;i (A\u00e7ma\/Kapama butonu) de\u011fi\u015ftirerek cihaz\u0131 a\u00e7\u0131p kapatabiliriz. Bu arada cihaz, ate\u015fleme tu\u015funa be\u015f kez bas\u0131larak geleneksel A\u00e7ma\/Kapama fonksiyonunu s\u00fcrd\u00fcr\u00fcyor.<\/p>\n<p>\u00c7ok fonksiyonlu A\u00e7ma\/Kapama D\u00fc\u011fmesini ayarlamak i\u00e7in, ayarlara girdikten sonra &quot;Anahtar&quot; se\u00e7ene\u011fini se\u00e7meli ve ard\u0131ndan alt aray\u00fczdeki fonksiyon anahtar\u0131n\u0131n \u00e7al\u0131\u015fmas\u0131n\u0131 se\u00e7meliyiz: &quot;Cihaz\u0131 a\u00e7\/kapat&quot; veya &quot;Kilitle\/ cihaz\u0131n kilidini a\u00e7&quot;.<\/p>\n<p>Ate\u015fleme D\u00fc\u011fmesi \u2013 Otomatik Mod<br \/>\nCihaz bize Ate\u015fleme D\u00fc\u011fmesini ve Otomatik Modu se\u00e7mek i\u00e7in iki aktivasyon se\u00e7ene\u011fi sunuyor.<\/p>\n<p>Ate\u015fleme D\u00fc\u011fmesi klasik etkinle\u015ftirme y\u00f6ntemidir; yaln\u0131zca ate\u015fleme d\u00fc\u011fmesine basmak modu etkinle\u015ftirir. Otomatik Mod ile herhangi bir tu\u015fa ihtiya\u00e7 duymadan \u00e7al\u0131\u015fan cihaz, hava bas\u0131nc\u0131n\u0131 kontrol eden sens\u00f6r yard\u0131m\u0131yla sadece nefes alarak devreye giriyor.<\/p>\n<p>Voopoo&#039;dan yeni TPP X 5.5ml atomizer<br \/>\nAtomizer, atomizerin genel performans\u0131n\u0131 en \u00fcst d\u00fczeye \u00e7\u0131karan iki y\u00f6nl\u00fc hava kanal\u0131n\u0131n yard\u0131m\u0131yla aerodinami\u011fe ve yeni 360\u00b0 hava giri\u015f sistemine \u00f6nem verilerek tasarlanm\u0131\u015ft\u0131r.<\/p>\n<p>360\u00b0 hava giri\u015f sistemi<br \/>\nAtomizer benzersiz bir 360\u00b0 Hava Ak\u0131\u015f\u0131 sistemine sahiptir, hava atomizerin yan taraf\u0131ndaki iki b\u00fcy\u00fck porttan girer ve daha sonra yandan ve alttan diren\u00e7ten ge\u00e7erek birle\u015fir ve sonra yukar\u0131ya d\u00f6ner, b\u00f6ylece keskin ve temiz bir koku olu\u015fur. En sevdi\u011finiz yedek s\u0131v\u0131lardan lezzetin sunumu.<\/p>\n<p>Yeni kolay doldurma sistemi<br \/>\nYeni y\u00fckseltilmi\u015f 5,5 ml&#039;lik manyetik b\u00f6lme, tank\u0131 yeniden doldurman\u0131n yeni, daha basit ve daha g\u00fcvenli bir yolunu sa\u011flar.<\/p>\n<p>Tank\u0131n \u00fcst k\u0131sm\u0131ndaki gizli d\u00fc\u011fmeye bas\u0131n ve sola d\u00f6nd\u00fcr\u00fcn.<br \/>\nSilikon kapa\u011f\u0131n\u0131 a\u00e7\u0131n ve yuvadan yeniden doldurma s\u0131v\u0131s\u0131n\u0131 doldurun.<br \/>\nDoldurduktan sonra silikon kapa\u011f\u0131n\u0131 kapat\u0131p sa\u011fa \u00e7evirin.<\/p>\n<p>Voopoo&#039;nun yeni TPP bobinlerinden etkileyici aroma performans\u0131<br \/>\nYeni TPP diren\u00e7 serisi, s\u0131v\u0131y\u0131 buhara d\u00f6n\u00fc\u015ft\u00fcrme i\u015fleminin ger\u00e7ekle\u015fti\u011fi direncin i\u00e7 alan\u0131n\u0131 - atomizasyon alan\u0131n\u0131 art\u0131ran yeni patentli bir teknolojiye sahiptir.<\/p>\n<p>Is\u0131tma h\u0131z\u0131 ve buharlama alan\u0131ndaki art\u0131\u015f, m\u00fckemmel buhar \u00fcretimiyle birlikte muazzam lezzet \u00e7\u0131k\u0131\u015f\u0131yla sonu\u00e7lan\u0131r.<\/p>\n<p>T\u00fcm TPP Bobinleriyle uyumlu<\/p>\n<p>*TPP-X 510 taban\u0131 t\u00fcm TPP-X Pod tanklar\u0131n\u0131 ve PnP Pod&#039;lar\u0131n\u0131 kabul edebilir<\/p>\n<p>*TPP X atomizer t\u00fcm TPP serisi bobinlerle uyumludur<\/p>\n<p>*TPP X atomizer, PnP bobin serisiyle uyumlu de\u011fildir<\/p>\n<p>*PnP Bobinler yaln\u0131zca Pod PnP tanklar\u0131yla kullan\u0131labilir.<\/p>\n<p>Kit 2 diren\u00e7le birlikte gelir.<\/p>\n<p>TPP DM2 0.2ohm Bobin<br \/>\n\u00d6rg\u00fc Bobin TPP-DM2 0.2ohm<\/p>\n<p>G\u00fc\u00e7 aral\u0131\u011f\u0131: 40W \u2013 60W<\/p>\n<p>TPP DM3 0.15ohm Bobin<br \/>\nVay be<\/p>\n<p>G\u00fc\u00e7 aral\u0131\u011f\u0131: 80W \u2013 100W<\/p>\n<p>\u00c7oklu koruma sistemleri<br \/>\nA\u015f\u0131r\u0131 kullan\u0131ma kar\u015f\u0131 koruma<br \/>\nY\u00fcksek s\u0131cakl\u0131k korumas\u0131<br \/>\nY\u00fcksek voltaj korumas\u0131<br \/>\nA\u015f\u0131r\u0131 \u015farj korumas\u0131<br \/>\nD\u00fc\u015f\u00fck pil korumas\u0131<br \/>\nK\u0131sa devre korumas\u0131<br \/>\n\u00d6zellikler<br \/>\nBoyut: 28,8 mm x 34,5 mm x 135,5 mm<\/p>\n<p>Pil: \u00c7\u0131kar\u0131labilir \u2013 1 x 18650 (adapt\u00f6rl\u00fc) veya 1 x 21700<\/p>\n<p>\u0130n\u015faat malzemesi: \u00c7inko ala\u015f\u0131m\u0131, PCTG plastik ve deri<\/p>\n<p>Maksimum g\u00fc\u00e7: 100W<\/p>\n<p>Diren\u00e7ler: Uyumluluk \u2013 T\u00fcm TPP serisi diren\u00e7lerle<\/p>\n<p>Diren\u00e7 aral\u0131\u011f\u0131: 0,1ohm \u2013 3,0ohm<\/p>\n<p>Tank Kapasitesi: 5.5ml<\/p>\n<p>\u015earj portu: H\u0131zl\u0131 \u015farj Type-C 5V \/ 2A<\/p>\n<p>Renkler: Gobi Gri, Kaliforniya Turuncusu, Sahra Kahvesi, Garda Mavisi, Safir Mavisi, Klasik Siyah, Mistik K\u0131rm\u0131z\u0131<\/p>","protected":false},"excerpt":{"rendered":"<p>DRAG X Pro, Drag serisinin klasik tasar\u0131m\u0131n\u0131 deri ve metalin harika birle\u015fimiyle s\u00fcrd\u00fcr\u00fcyor. Maksimum 100W&#039;a kadar g\u00fcce sahiptir ve \u00e7\u0131kar\u0131labilir 18650 veya 21700 tipi pil ile \u00e7al\u0131\u015f\u0131r.<\/p>","protected":false},"featured_media":13833,"template":"","meta":{"_acf_changed":false,"_kadence_starter_templates_imported_post":false,"_kad_post_transparent":"default","_kad_post_title":"","_kad_post_layout":"default","_kad_post_sidebar_id":"","_kad_post_content_style":"default","_kad_post_vertical_padding":"default","_kad_post_feature":"","_kad_post_feature_position":"","_kad_post_header":false,"_kad_post_footer":false},"product_cat":[511],"product_tag":[],"class_list":{"0":"post-13825","1":"product","2":"type-product","3":"status-publish","4":"has-post-thumbnail","6":"product_cat-apospomeni-mpataria-kits","7":"product_shipping_class-mi-kapnika","8":"pa_-118","9":"pa_-844","11":"first","12":"outofstock","13":"taxable","14":"shipping-taxable","15":"product-type-variable","16":"entry","17":"content-bg","18":"loop-entry"},"acf":[],"_links":{"self":[{"href":"https:\/\/nicoteam.gr\/tr\/wp-json\/wp\/v2\/product\/13825","targetHints":{"allow":["GET"]}}],"collection":[{"href":"https:\/\/nicoteam.gr\/tr\/wp-json\/wp\/v2\/product"}],"about":[{"href":"https:\/\/nicoteam.gr\/tr\/wp-json\/wp\/v2\/types\/product"}],"wp:featuredmedia":[{"embeddable":true,"href":"https:\/\/nicoteam.gr\/tr\/wp-json\/wp\/v2\/media\/13833"}],"wp:attachment":[{"href":"https:\/\/nicoteam.gr\/tr\/wp-json\/wp\/v2\/media?parent=13825"}],"wp:term":[{"taxonomy":"product_cat","embeddable":true,"href":"https:\/\/nicoteam.gr\/tr\/wp-json\/wp\/v2\/product_cat?post=13825"},{"taxonomy":"product_tag","embeddable":true,"href":"https:\/\/nicoteam.gr\/tr\/wp-json\/wp\/v2\/product_tag?post=13825"}],"curies":[{"name":"wp","href":"https:\/\/api.w.org\/{rel}","templated":true}]}}