{"id":13795,"date":"2022-02-25T09:23:47","date_gmt":"2022-02-25T07:23:47","guid":{"rendered":"https:\/\/nicoteam.gr\/?post_type=product&#038;p=13795"},"modified":"2024-06-19T10:20:31","modified_gmt":"2024-06-19T08:20:31","slug":"voopoo-drag-x-plus-mod-100w","status":"publish","type":"product","link":"https:\/\/nicoteam.gr\/tr\/product\/voopoo-drag-x-plus-mod-100w\/","title":{"rendered":"Voopoo Drag X Plus Mod 100w"},"content":{"rendered":"<h3>\u0394\u03b9\u03b1\u03bb\u03ad\u03be\u03c4\u03b5 \u03c4\u03bf Theme \u03c0\u03bf\u03c5 \u03c3\u03b1\u03c2 \u03c4\u03b1\u03b9\u03c1\u03b9\u03ac\u03b6\u03b5\u03b9<\/h3>\n<p>\u03a4\u03bf Drag X Plus \u03b5\u03af\u03bd\u03b1\u03b9 \u03b5\u03be\u03bf\u03c0\u03bb\u03b9\u03c3\u03bc\u03ad\u03bd\u03bf \u03bc\u03b5 \u03ad\u03b3\u03c7\u03c1\u03c9\u03bc\u03b7 \u03bf\u03b8\u03cc\u03bd\u03b7 TFT 0,96 \u03b9\u03bd\u03c4\u03c3\u03ce\u03bd \u03b3\u03b9\u03b1 \u03ba\u03b1\u03b8\u03b1\u03c1\u03ae \u03b5\u03bc\u03c6\u03ac\u03bd\u03b9\u03c3\u03b7 \u03b4\u03b9\u03ac\u03c6\u03bf\u03c1\u03c9\u03bd \u03c0\u03bb\u03b7\u03c1\u03bf\u03c6\u03bf\u03c1\u03b9\u03ce\u03bd \u03ba\u03b1\u03b9 \u03b4\u03b5\u03b4\u03bf\u03bc\u03ad\u03bd\u03c9\u03bd \u03ba\u03b1\u03b9 \u03bc\u03b5 \u03b4\u03c5\u03bd\u03b1\u03c4\u03cc\u03c4\u03b7\u03c4\u03b1 \u03b5\u03bd\u03b1\u03bb\u03bb\u03b1\u03b3\u03ae\u03c2 \u03c3\u03c4\u03c5\u03bb \u03b8\u03b5\u03bc\u03ac\u03c4\u03c9\u03bd UI. \u03a0\u03b1\u03c4\u03ae\u03c3\u03c4\u03b5 \u03c4\u03b1\u03c5\u03c4\u03cc\u03c7\u03c1\u03bf\u03bd\u03b1 &#8220;+&#8221; \u03ba\u03b1\u03b9 &#8220;-&#8221; \u03b3\u03b9\u03b1 \u03b5\u03af\u03c3\u03bf\u03b4\u03bf \u03c3\u03c4\u03b7 \u03b4\u03b9\u03b5\u03c0\u03b1\u03c6\u03ae \u03b5\u03bd\u03b1\u03bb\u03bb\u03b1\u03b3\u03ae\u03c2 \u03b8\u03b5\u03bc\u03ac\u03c4\u03c9\u03bd.<\/p>\n<h3>Ak\u0131ll\u0131 Mod | Yeni ba\u015flayanlar i\u00e7in ideal<\/h3>\n<p>\u0397 \u03c3\u03c5\u03c3\u03ba\u03b5\u03c5\u03ae \u03bc\u03b5 \u03c4\u03b7\u03bd \u03b2\u03bf\u03ae\u03b8\u03b5\u03b9\u03b1 \u03c4\u03bf\u03c5 Gene.Fan 2.0 Chip \u03c0\u03c1\u03bf\u03c3\u03c6\u03ad\u03c1\u03b5\u03b9 \u03bc\u03b9\u03b1 \u03bc\u03bf\u03bd\u03b1\u03b4\u03b9\u03ba\u03ae \u03bb\u03b5\u03b9\u03c4\u03bf\u03c5\u03c1\u03b3\u03af\u03b1 \u03c0\u03bf\u03c5 \u03b5\u03c0\u03b9\u03c4\u03c1\u03ad\u03c0\u03b5\u03b9 \u03bd\u03b1 \u03c0\u03c1\u03bf\u03c3\u03b1\u03c1\u03bc\u03cc\u03c3\u03b5\u03c4\u03b5 \u03c4\u03b9\u03c2 \u03c0\u03b1\u03c1\u03b1\u03bc\u03ad\u03c4\u03c1\u03bf\u03c5\u03c2 \u03c4\u03b7\u03c2 \u03c3\u03c5\u03c3\u03ba\u03b5\u03c5\u03ae\u03c2 \u03ba\u03b1\u03b9 \u03bd\u03b1 \u03b5\u03bd\u03c4\u03bf\u03c0\u03af\u03b6\u03b5\u03b9 \u03b1\u03c5\u03c4\u03cc\u03bc\u03b1\u03c4\u03b1 \u03c4\u03b7\u03bd \u03c9\u03bc\u03b9\u03ba\u03ae \u03b1\u03bd\u03c4\u03af\u03c3\u03c4\u03b1\u03c3\u03b7 \u03b4\u03b9\u03b1\u03c6\u03bf\u03c1\u03b5\u03c4\u03b9\u03ba\u03ce\u03bd Coil \u03ba\u03b1\u03b9 \u03c4\u03b1\u03c5\u03c4\u03cc\u03c7\u03c1\u03bf\u03bd\u03b1 \u03bd\u03b1 \u03b4\u03ce\u03c3\u03b5\u03b9 \u03b5\u03bd\u03c4\u03bf\u03bb\u03ae \u03c3\u03c4\u03b7\u03bd \u03c3\u03c5\u03c3\u03ba\u03b5\u03c5\u03ae \u03bd\u03b1 \u03c1\u03c5\u03b8\u03bc\u03af\u03c3\u03b5\u03b9 \u03c4\u03b7\u03bd \u03ba\u03b1\u03c4\u03ac\u03bb\u03bb\u03b7\u03bb\u03b7 \u03b9\u03c3\u03c7\u03cd \u03b5\u03be\u03cc\u03b4\u03bf\u03c5 \u03b3\u03b9\u03b1 \u03c4\u03b7\u03bd \u03b1\u03bd\u03c4\u03af\u03c3\u03c4\u03bf\u03b9\u03c7\u03b7 \u03b1\u03bd\u03c4\u03af\u03c3\u03c4\u03b1\u03c3\u03b7.<\/p>\n<p>\u03a0\u03b1\u03c4\u03ae\u03c3\u03c4\u03b5 \u03c4\u03bf firebutton 3 \u03c6\u03bf\u03c1\u03ad\u03c2 \u03b3\u03b9\u03b1 \u03b5\u03bd\u03b1\u03bb\u03bb\u03b1\u03b3\u03ae \u03bc\u03b5\u03c4\u03b1\u03be\u03cd \u03bb\u03b5\u03b9\u03c4\u03bf\u03c5\u03c1\u03b3\u03af\u03b1 Smart \u03ba\u03b1\u03b9 RBA.<\/p>\n<h3>H\u0131zl\u0131 \u015farj | Tip-C 5V \/ 2A<\/h3>\n<p>\u0397 \u03c3\u03c5\u03c3\u03ba\u03b5\u03c5\u03ae \u03c4\u03c1\u03bf\u03c6\u03bf\u03b4\u03bf\u03c4\u03b5\u03af\u03c4\u03b1\u03b9 \u03b1\u03c0\u03cc \u03bc\u03b9\u03b1 \u03b5\u03be\u03c9\u03c4\u03b5\u03c1\u03b9\u03ba\u03ae \u03bc\u03c0\u03b1\u03c4\u03b1\u03c1\u03af\u03b1 18650 \u03bc\u03b5 \u03c4\u03b7\u03bd \u03b2\u03bf\u03ae\u03b8\u03b5\u03b9\u03b1 \u03c4\u03bf\u03c5 \u03b1\u03bd\u03c4\u03ac\u03c0\u03c4\u03bf\u03c1\u03b1 \u03ae \u03b1\u03c0\u03cc \u03bc\u03b9\u03b1 \u03bc\u03c0\u03b1\u03c4\u03b1\u03c1\u03af\u03b1 21700. \u039c\u03b5 \u03c4\u03bf \u03c3\u03cd\u03c3\u03c4\u03b7\u03bc\u03b1 \u03b3\u03c1\u03ae\u03b3\u03bf\u03c1\u03b7\u03c2 \u03c6\u03cc\u03c1\u03c4\u03b9\u03c3\u03b7\u03c2 \u03c4\u03cd\u03c0\u03bf\u03c5 Type-C 5V \/ 2A, \u03b7 \u03c4\u03b1\u03c7\u03cd\u03c4\u03b7\u03c4\u03b1 \u03c6\u03cc\u03c1\u03c4\u03b9\u03c3\u03b7\u03c2 \u03bc\u03c0\u03bf\u03c1\u03b5\u03af \u03bd\u03b1 \u03b1\u03c5\u03be\u03b7\u03b8\u03b5\u03af \u03ba\u03b1\u03c4\u03ac 50%.\\<\/p>\n<p><strong><em>\u039f\u03b9 \u03bc\u03c0\u03b1\u03c4\u03b1\u03c1\u03af\u03b5\u03c2 \u03b4\u03b5\u03bd \u03c0\u03b5\u03c1\u03b9\u03bb\u03b1\u03bc\u03b2\u03ac\u03bd\u03bf\u03bd\u03c4\u03b1\u03b9 \u03c3\u03c4\u03b7\u03bd \u03c3\u03c5\u03c3\u03ba\u03b5\u03c5\u03b1\u03c3\u03af\u03b1!!!<\/em><\/strong><\/p>\n<p>\u0394\u03b9\u03b1\u03b8\u03ad\u03c3\u03b9\u03bc\u03bf \u03c3\u03b5 \u03c0\u03ad\u03bd\u03c4\u03b5 \u03c5\u03c0\u03ad\u03c1\u03bf\u03c7\u03b1 \u03c7\u03c1\u03ce\u03bc\u03b1\u03c4\u03b1, \u03c4\u03bf DRAG X Plus \u03b4\u03b9\u03b1\u03c4\u03b7\u03c1\u03b5\u03af \u03c4\u03bf \u03c0\u03ac\u03b8\u03bf\u03c2 \u03b3\u03b9\u03b1 \u03c4\u03b7\u03bd \u03ba\u03bf\u03bc\u03c8\u03cc\u03c4\u03b7\u03c4\u03b1 \u03ba\u03b1\u03b9 \u03c4\u03bf \u03cc\u03bc\u03bf\u03c1\u03c6\u03bf \u03c3\u03c4\u03c5\u03bb. \u0388\u03bd\u03b1 \u03c0\u03c1\u03b1\u03b3\u03bc\u03b1\u03c4\u03b9\u03ba\u03ac \u03b5\u03bd\u03c4\u03c5\u03c0\u03c9\u03c3\u03b9\u03b1\u03ba\u03cc Box Mod!!<\/p>\n<h4>\u00c7oklu koruma sistemleri<\/h4>\n<ul>\n<li>K\u0131sa devre korumas\u0131<\/li>\n<li>A\u015f\u0131r\u0131 \u0131s\u0131nma korumas\u0131<\/li>\n<li>A\u015f\u0131r\u0131 y\u00fckleme korumas\u0131<\/li>\n<li>Maksimum g\u00fc\u00e7 korumas\u0131<\/li>\n<li>\u00c7al\u0131\u015fma s\u00fcresi s\u0131n\u0131r\u0131 10s<\/li>\n<\/ul>\n<h4>Onu \u00f6ne \u00e7\u0131karan birka\u00e7 \u00f6zellik<\/h4>\n<ul>\n<li>\u0391\u03c0\u03bf\u03c3\u03c0\u03ce\u03bc\u03b5\u03bd\u03b7 \u03bc\u03c0\u03b1\u03c4\u03b1\u03c1\u03af\u03b1 18650 \u03ae 21700<\/li>\n<li>Ak\u0131ll\u0131 Mod \u2013 Ak\u0131ll\u0131 Mod<\/li>\n<li>\u039c\u03ad\u03b3\u03b9\u03c3\u03c4\u03b7 \u03b9\u03c3\u03c7\u03cd\u03c2 100 Watt<\/li>\n<li>Geli\u015fmi\u015f GENE.FAN 2.0 \u00c7ip<\/li>\n<li>\u0395\u03bb\u03b1\u03c6\u03c1\u03cd \u03b3\u03b9\u03b1 \u03b5\u03c5\u03ba\u03bf\u03bb\u03af\u03b1 \u03c3\u03c4\u03b7 \u03bc\u03b5\u03c4\u03b1\u03c6\u03bf\u03c1\u03ac<\/li>\n<li>H\u0131zl\u0131 \u015farj Tip-C 5V \/ 2A<\/li>\n<\/ul>\n<h4>\u00d6zellikler<\/h4>\n<p><strong>Boyut:<\/strong>\u00a029mm x 35mm x 88mm<\/p>\n<p><strong>\u039c\u03c0\u03b1\u03c4\u03b1\u03c1\u03af\u03b1:<\/strong>\u00a0\u0391\u03c0\u03bf\u03c3\u03c0\u03ce\u03bc\u03b5\u03bd\u03b7 &#8211; 1 x 18650 (\u03bc\u03b5 \u03c4\u03bf\u03bd \u03b1\u03bd\u03c4\u03ac\u03c0\u03c4\u03bf\u03c1\u03b1) \u03ae 1 x 21700<\/p>\n<p><strong>\u0130n\u015faat malzemesi:<\/strong>\u00a0\u039a\u03c1\u03ac\u03bc\u03b1 \u03c8\u03b5\u03c5\u03b4\u03b1\u03c1\u03b3\u03cd\u03c1\u03bf\u03c5, \u03c0\u03bb\u03b1\u03c3\u03c4\u03b9\u03ba\u03cc PCTG \u03ba\u03b1\u03b9 \u03b4\u03ad\u03c1\u03bc\u03b1<\/p>\n<p><strong>Maksimum G\u00fc\u00e7:<\/strong>\u00a0100W<\/p>\n<p><strong>Diren\u00e7 Aral\u0131\u011f\u0131:<\/strong>\u00a00.1ohm \u2013 3.0ohm<\/p>\n<p><strong>\u015earj ba\u011flant\u0131 noktas\u0131:<\/strong>\u00a0\u0393\u03c1\u03ae\u03b3\u03bf\u03c1\u03b7 \u03c6\u03cc\u03c1\u03c4\u03b9\u03c3\u03b7 Type-C 5V \/ 2A<\/p>\n<p><strong>\u03a7\u03c1\u03ce\u03bc\u03b1\u03c4\u03b1<\/strong><strong>:<\/strong>\u00a0Classic, Sandy Brown, Marsala, Smoky Grey, Prussian Blue<\/p>","protected":false},"excerpt":{"rendered":"<p>Voopoo&#039;nun yeni Mod Drag X Plus&#039;\u0131 maksimum 100W g\u00fcce sahiptir ve \u00e7\u0131kar\u0131labilir 18650 veya 21700 pil ile \u00e7al\u0131\u015f\u0131r.<\/p>\n<p>Mod, moda s\u00fcper h\u0131zl\u0131 yan\u0131t (0,001 saniye), kararl\u0131l\u0131k ve g\u00fc\u00e7l\u00fc performans sa\u011flayan y\u00fcksek teknolojili bir \u00e7ip olan Gene.Fan 2.0 ile donat\u0131lm\u0131\u015ft\u0131r.<\/p>","protected":false},"featured_media":13802,"template":"","meta":{"_acf_changed":false,"_kadence_starter_templates_imported_post":false,"_kad_post_transparent":"","_kad_post_title":"","_kad_post_layout":"","_kad_post_sidebar_id":"","_kad_post_content_style":"","_kad_post_vertical_padding":"","_kad_post_feature":"","_kad_post_feature_position":"","_kad_post_header":false,"_kad_post_footer":false},"product_cat":[508],"product_tag":[],"class_list":{"0":"post-13795","1":"product","2":"type-product","3":"status-publish","4":"has-post-thumbnail","6":"product_cat-apospomeni-mpataria","7":"product_shipping_class-mi-kapnika","8":"pa_-118","9":"pa_-844","11":"first","12":"outofstock","13":"taxable","14":"shipping-taxable","15":"purchasable","16":"product-type-variable","17":"entry","18":"content-bg","19":"loop-entry"},"acf":[],"_links":{"self":[{"href":"https:\/\/nicoteam.gr\/tr\/wp-json\/wp\/v2\/product\/13795","targetHints":{"allow":["GET"]}}],"collection":[{"href":"https:\/\/nicoteam.gr\/tr\/wp-json\/wp\/v2\/product"}],"about":[{"href":"https:\/\/nicoteam.gr\/tr\/wp-json\/wp\/v2\/types\/product"}],"wp:featuredmedia":[{"embeddable":true,"href":"https:\/\/nicoteam.gr\/tr\/wp-json\/wp\/v2\/media\/13802"}],"wp:attachment":[{"href":"https:\/\/nicoteam.gr\/tr\/wp-json\/wp\/v2\/media?parent=13795"}],"wp:term":[{"taxonomy":"product_cat","embeddable":true,"href":"https:\/\/nicoteam.gr\/tr\/wp-json\/wp\/v2\/product_cat?post=13795"},{"taxonomy":"product_tag","embeddable":true,"href":"https:\/\/nicoteam.gr\/tr\/wp-json\/wp\/v2\/product_tag?post=13795"}],"curies":[{"name":"wp","href":"https:\/\/api.w.org\/{rel}","templated":true}]}}