{"id":13691,"date":"2022-02-24T11:50:03","date_gmt":"2022-02-24T09:50:03","guid":{"rendered":"https:\/\/nicoteam.gr\/?post_type=product&#038;p=13691"},"modified":"2024-01-04T12:37:09","modified_gmt":"2024-01-04T10:37:09","slug":"coilart-mage-mech-tricker-kit","status":"publish","type":"product","link":"https:\/\/nicoteam.gr\/tr\/product\/coilart-mage-mech-tricker-kit\/","title":{"rendered":"Coilart Mage Mech Hilesi Kiti"},"content":{"rendered":"<ul>\n<li><span>Malzeme: \u00e7inko ala\u015f\u0131m\u0131<\/span><\/li>\n<li><span>Siyah renk<\/span><\/li>\n<li><span>Boyutlar: 125*24mm<\/span><\/li>\n<li><span>Manyetik ate\u015f butonu<\/span><\/li>\n<li><span>K\u00fct\u00fck k\u0131rm\u0131z\u0131 bak\u0131r yap\u0131<\/span><\/li>\n<li><span>Siyah donma korumas\u0131<\/span><\/li>\n<li><span>Kendi kendini d\u00fczenleyen ak\u00fc konta\u011f\u0131<\/span><\/li>\n<li><span>Hibrit 510 ba\u011flant\u0131s\u0131<\/span><\/li>\n<li><span>24k alt\u0131n kaplama g\u00fcverte<\/span><\/li>\n<li><span>Ayarlanabilir hava ak\u0131\u015f\u0131<\/span><\/li>\n<\/ul>","protected":false},"excerpt":{"rendered":"<p><span>En yeni Coilart Mage mekanik mod kiti, kendinden ayarl\u0131 pil mekanik temas fonksiyonu ve hava ak\u0131\u015f\u0131 kontrol kutusunu i\u00e7erir, k\u0131rm\u0131z\u0131 bak\u0131r yap\u0131l\u0131 ve siyah buzlu kaplamal\u0131 mod ve re\u00e7ine versiyonu 3 farkl\u0131 sulu boya sanat\u0131 tasar\u0131m\u0131 g\u00f6sterir, daha parlak ve moda g\u00f6r\u00fcn\u00fcr, mekanik kit Coilart Mage 1 adet 18650 pil ile \u00e7al\u0131\u015f\u0131r.\u00a0<\/span><span>tank\u0131n 24k alt\u0131n kaplamal\u0131 bir g\u00fcvertesi var<\/span><\/p>","protected":false},"featured_media":13692,"template":"","meta":{"_acf_changed":false,"_kadence_starter_templates_imported_post":false,"_kad_post_transparent":"","_kad_post_title":"","_kad_post_layout":"","_kad_post_sidebar_id":"","_kad_post_content_style":"","_kad_post_vertical_padding":"","_kad_post_feature":"","_kad_post_feature_position":"","_kad_post_header":false,"_kad_post_footer":false},"product_cat":[511],"product_tag":[],"class_list":{"0":"post-13691","1":"product","2":"type-product","3":"status-publish","4":"has-post-thumbnail","6":"product_cat-apospomeni-mpataria-kits","7":"product_shipping_class-mi-kapnika","9":"first","10":"outofstock","11":"taxable","12":"shipping-taxable","13":"purchasable","14":"product-type-simple","15":"entry","16":"content-bg","17":"loop-entry"},"acf":[],"_links":{"self":[{"href":"https:\/\/nicoteam.gr\/tr\/wp-json\/wp\/v2\/product\/13691","targetHints":{"allow":["GET"]}}],"collection":[{"href":"https:\/\/nicoteam.gr\/tr\/wp-json\/wp\/v2\/product"}],"about":[{"href":"https:\/\/nicoteam.gr\/tr\/wp-json\/wp\/v2\/types\/product"}],"wp:featuredmedia":[{"embeddable":true,"href":"https:\/\/nicoteam.gr\/tr\/wp-json\/wp\/v2\/media\/13692"}],"wp:attachment":[{"href":"https:\/\/nicoteam.gr\/tr\/wp-json\/wp\/v2\/media?parent=13691"}],"wp:term":[{"taxonomy":"product_cat","embeddable":true,"href":"https:\/\/nicoteam.gr\/tr\/wp-json\/wp\/v2\/product_cat?post=13691"},{"taxonomy":"product_tag","embeddable":true,"href":"https:\/\/nicoteam.gr\/tr\/wp-json\/wp\/v2\/product_tag?post=13691"}],"curies":[{"name":"wp","href":"https:\/\/api.w.org\/{rel}","templated":true}]}}