{"id":13639,"date":"2022-02-24T09:46:19","date_gmt":"2022-02-24T07:46:19","guid":{"rendered":"https:\/\/nicoteam.gr\/?post_type=product&#038;p=13639"},"modified":"2024-06-06T12:24:54","modified_gmt":"2024-06-06T10:24:54","slug":"eleaf-istick-100w-box-mod","status":"publish","type":"product","link":"https:\/\/nicoteam.gr\/tr\/product\/eleaf-istick-100w-box-mod\/","title":{"rendered":"Eleaf iStick TC 100W Kutu Modu"},"content":{"rendered":"<ul>\n<li>\n<ul>\n<li>\u039c\u03ad\u03b3\u03b5\u03b8\u03bf\u03c2: 52mm x 23mm x 94mm<\/li>\n<li>\u039c\u03b5\u03c4\u03b1\u03b2\u03bb\u03b7\u03c4\u03ae \u0399\u03c3\u03c7\u03cd: 5.0W \u2013 100W<\/li>\n<li>\u039c\u03b5\u03c4\u03b1\u03b2\u03bb\u03b7\u03c4\u03ae \u03a4\u03ac\u03c3\u03b7: 2.0V \u2013 10V<\/li>\n<li>\u0395\u03cd\u03c1\u03bf\u03c2 \u03b1\u03bd\u03c4\u03af\u03c3\u03c4\u03b1\u03c3\u03b7\u03c2: 0.15 to 5.0 ohm<\/li>\n<li>\u03a7\u03c1\u03b5\u03b9\u03ac\u03b6\u03b5\u03c4\u03b1\u03b9 2 \u03bc\u03c0\u03b1\u03c4\u03b1\u03c1\u03af\u03b5\u03c2 \u03c4\u03cd\u03c0\u03bf\u03c5 18650 (\u0394\u03b5\u03bd \u03c3\u03c5\u03bc\u03c0\u03b5\u03c1\u03b9\u03bb\u03b1\u03bc\u03b2\u03b1\u03bd\u03b5\u03c4\u03b5)<\/li>\n<li>\u039f\u03b8\u03cc\u03bd\u03b7 \u03b5\u03bd\u03b4\u03b5\u03af\u03be\u03b5\u03c9\u03bd<\/li>\n<li>\u03a3\u03cd\u03bd\u03b4\u03b5\u03c3\u03bc\u03bf\u03b9 \u03b1\u03c0\u03cc \u03b1\u03bd\u03bf\u03be\u03b5\u03af\u03b4\u03c9\u03c4\u03bf \u03b1\u03c4\u03c3\u03ac\u03bb\u03b9 \u03c4\u03cd\u03c0\u03bf\u03c5 510<\/li>\n<li>\u039a\u03b1\u03c4\u03b1\u03c3\u03ba\u03b5\u03c5\u03ae \u03b1\u03c0\u03cc \u03b1\u03bb\u03bf\u03c5\u03bc\u03af\u03bd\u03b9\u03bf<\/li>\n<li>\u0395\u03be\u03b5\u03bb\u03b9\u03b3\u03bc\u03ad\u03bd\u03b7 \u03bb\u03b5\u03b9\u03c4\u03bf\u03c5\u03c1\u03b3\u03af\u03b1 \u03c0\u03c1\u03bf\u03b5\u03b9\u03b4\u03bf\u03c0\u03bf\u03af\u03b7\u03c3\u03b7\u03c2 \u03b8\u03b5\u03c1\u03bc\u03bf\u03ba\u03c1\u03b1\u03c3\u03af\u03b1\u03c2<\/li>\n<li>\u03a0\u03c1\u03bf\u03c3\u03c4\u03b1\u03c3\u03af\u03b1 \u03c7\u03b1\u03bc\u03b7\u03bb\u03ae\u03c2 \u03c4\u03ac\u03c3\u03b7\u03c2<\/li>\n<li>\u03a0\u03c1\u03bf\u03c3\u03c4\u03b1\u03c3\u03af\u03b1 \u03b8\u03b5\u03c1\u03bc\u03bf\u03ba\u03c1\u03b1\u03c3\u03af\u03b1\u03c2<\/li>\n<li>\u03a0\u03c1\u03bf\u03c3\u03c4\u03b1\u03c3\u03af\u03b1 \u03b1\u03c4\u03bc\u03bf\u03c0\u03bf\u03b9\u03b7\u03c4\u03ae<\/li>\n<li>K\u0131sa devre korumas\u0131<\/li>\n<\/ul>\n<\/li>\n<\/ul>","protected":false},"excerpt":{"rendered":"<p>\u03a4\u03bf\u00a0<em><strong>iStick 100W<\/strong><\/em>\u00a0buharla\u015ft\u0131r\u0131c\u0131lar\u0131 destekleme yetene\u011fine sahiptir\u00a0<em>rezistans<\/em>\u00a0Zengin buhar ve harika tat \u00fcretmek i\u00e7in ideal olan 0,15ohm&#039;a kadar. G\u00fc\u00e7l\u00fc 510 tarz\u0131 \u00e7elik konnekt\u00f6r\u00fc korur. iStick 100W, yan kapaktan kolayca takabilece\u011finiz iki adet 18650 pil ile \u00e7al\u0131\u015f\u0131r.<\/p>","protected":false},"featured_media":13640,"template":"","meta":{"_acf_changed":false,"_kadence_starter_templates_imported_post":false,"_kad_post_transparent":"default","_kad_post_title":"","_kad_post_layout":"default","_kad_post_sidebar_id":"","_kad_post_content_style":"default","_kad_post_vertical_padding":"default","_kad_post_feature":"","_kad_post_feature_position":"","_kad_post_header":false,"_kad_post_footer":false},"product_cat":[508],"product_tag":[],"class_list":{"0":"post-13639","1":"product","2":"type-product","3":"status-publish","4":"has-post-thumbnail","6":"product_cat-apospomeni-mpataria","7":"product_shipping_class-mi-kapnika","9":"first","10":"outofstock","11":"taxable","12":"shipping-taxable","13":"purchasable","14":"product-type-simple","15":"entry","16":"content-bg","17":"loop-entry"},"acf":[],"_links":{"self":[{"href":"https:\/\/nicoteam.gr\/tr\/wp-json\/wp\/v2\/product\/13639","targetHints":{"allow":["GET"]}}],"collection":[{"href":"https:\/\/nicoteam.gr\/tr\/wp-json\/wp\/v2\/product"}],"about":[{"href":"https:\/\/nicoteam.gr\/tr\/wp-json\/wp\/v2\/types\/product"}],"wp:featuredmedia":[{"embeddable":true,"href":"https:\/\/nicoteam.gr\/tr\/wp-json\/wp\/v2\/media\/13640"}],"wp:attachment":[{"href":"https:\/\/nicoteam.gr\/tr\/wp-json\/wp\/v2\/media?parent=13639"}],"wp:term":[{"taxonomy":"product_cat","embeddable":true,"href":"https:\/\/nicoteam.gr\/tr\/wp-json\/wp\/v2\/product_cat?post=13639"},{"taxonomy":"product_tag","embeddable":true,"href":"https:\/\/nicoteam.gr\/tr\/wp-json\/wp\/v2\/product_tag?post=13639"}],"curies":[{"name":"wp","href":"https:\/\/api.w.org\/{rel}","templated":true}]}}