{"id":13599,"date":"2022-02-23T13:42:49","date_gmt":"2022-02-23T11:42:49","guid":{"rendered":"https:\/\/nicoteam.gr\/?post_type=product&#038;p=13599"},"modified":"2023-08-28T10:19:02","modified_gmt":"2023-08-28T08:19:02","slug":"teslacigs-innovator-22-kit","status":"publish","type":"product","link":"https:\/\/nicoteam.gr\/tr\/product\/teslacigs-innovator-22-kit\/","title":{"rendered":"TESLACIGS YEN\u0130L\u0130K\u00c7\u0130 22 K\u0130T"},"content":{"rendered":"<p><span>\u03a0\u03b5\u03c1\u03b9\u03c0\u03bf\u03b9\u03b7\u03b8\u03b5\u03af\u03c4\u03b5 \u03c4\u03bf\u03bd \u03b5\u03b1\u03c5\u03c4\u03cc \u03c3\u03b1\u03c2 \u03bc\u03b5 \u03c4\u03bf Teslacigs Innovator 22 Pod System Kit \u03c0\u03bf\u03c5 \u03b5\u03af\u03bd\u03b1\u03b9 \u03bc\u03b9\u03b1 \u03b1\u03bd\u03b1\u03b2\u03ac\u03b8\u03bc\u03b9\u03c3\u03b7 \u03c0\u03bf\u03c5 \u03bc\u03c0\u03bf\u03c1\u03b5\u03af\u03c4\u03b5 \u03bd\u03b1 \u03b4\u03bf\u03ba\u03b9\u03bc\u03ac\u03c3\u03b5\u03c4\u03b5.\u00a0\u0391\u03c5\u03c4\u03cc \u03c4\u03bf \u03bd\u03ad\u03bf \u03ba\u03b9\u03c4 \u03c3\u03c5\u03c3\u03c4\u03ae\u03bc\u03b1\u03c4\u03bf\u03c2 Pod \u03b5\u03af\u03bd\u03b1\u03b9 \u03c3\u03c5\u03bc\u03b2\u03b1\u03c4\u03cc \u03c4\u03cc\u03c3\u03bf \u03bc\u03b5 \u03b1\u03bb\u03ac\u03c4\u03b9 \u03bd\u03b9\u03ba\u03bf\u03c4\u03af\u03bd\u03b7\u03c2 \u03cc\u03c3\u03bf \u03ba\u03b1\u03b9 \u03bc\u03b5 \u03ba\u03b1\u03bd\u03bf\u03bd\u03b9\u03ba\u03cc \u03c7\u03c5\u03bc\u03cc \u03b1\u03c4\u03bc\u03bf\u03cd.\u00a0\u039a\u03ac\u03b8\u03b5 \u03b5\u03b9\u03c3\u03c0\u03bd\u03bf\u03ae \u03b5\u03af\u03bd\u03b1\u03b9 \u03b5\u03be\u03b1\u03b9\u03c1\u03b5\u03c4\u03b9\u03ba\u03ac \u03bf\u03bc\u03b1\u03bb\u03ae \u03b3\u03b9\u03b1 \u03bc\u03b9\u03b1 \u03c5\u03c0\u03ad\u03c1\u03bf\u03c7\u03b7 \u03b1\u03af\u03c3\u03b8\u03b7\u03c3\u03b7 \u03b1\u03c0\u03cc \u03c3\u03c4\u03cc\u03bc\u03b1 \u03c3\u03b5 \u03c0\u03bd\u03b5\u03cd\u03bc\u03bf\u03bd\u03b1 \u03c7\u03ac\u03c1\u03b7 \u03c3\u03c4\u03bf \u03b4\u03b9\u03c0\u03bb\u03cc \u03b8\u03b5\u03c1\u03bc\u03b1\u03bd\u03c4\u03b9\u03ba\u03cc \u03c3\u03c4\u03bf\u03b9\u03c7\u03b5\u03af\u03bf \u03ba\u03b1\u03b9 \u03c4\u03bf \u03b5\u03c0\u03b9\u03bb\u03b5\u03b3\u03bc\u03ad\u03bd\u03bf \u03bf\u03c1\u03b3\u03b1\u03bd\u03b9\u03ba\u03cc \u03b2\u03b1\u03bc\u03b2\u03ac\u03ba\u03b9.\u00a0\u039c\u03b5 \u03ad\u03bd\u03b1 \u03c1\u03c5\u03b8\u03bc\u03b9\u03b6\u03cc\u03bc\u03b5\u03bd\u03bf \u03c3\u03cd\u03c3\u03c4\u03b7\u03bc\u03b1 \u03c1\u03bf\u03ae\u03c2 \u03b1\u03ad\u03c1\u03b1, \u03b7 \u03c3\u03c5\u03c3\u03ba\u03b5\u03c5\u03ae \u03bc\u03c0\u03bf\u03c1\u03b5\u03af \u03bd\u03b1 \u03b1\u03bd\u03c4\u03ad\u03be\u03b5\u03b9 \u03bc\u03b5\u03b3\u03ac\u03bb\u03b5\u03c2 \u03c0\u03bf\u03c3\u03cc\u03c4\u03b7\u03c4\u03b5\u03c2 \u03ba\u03b1\u03c0\u03bd\u03bf\u03cd \u03ba\u03b1\u03b9 \u03bd\u03b1 \u03c0\u03c1\u03bf\u03c3\u03c6\u03ad\u03c1\u03b5\u03b9 \u03b5\u03ba\u03c0\u03bb\u03b7\u03ba\u03c4\u03b9\u03ba\u03ae \u03b3\u03b5\u03cd\u03c3\u03b7.\u00a0\u03a4\u03bf \u03c1\u03c5\u03b8\u03bc\u03b9\u03b6\u03cc\u03bc\u03b5\u03bd\u03bf \u03c3\u03cd\u03c3\u03c4\u03b7\u03bc\u03b1 \u03c1\u03bf\u03ae\u03c2 \u03b1\u03ad\u03c1\u03b1 \u03ba\u03bb\u03b5\u03b9\u03b4\u03ce\u03bd\u03b5\u03b9 \u03b5\u03c0\u03af\u03c3\u03b7\u03c2 \u03b3\u03b9\u03b1 \u03bd\u03b1 \u03b1\u03c0\u03bf\u03c4\u03c1\u03ad\u03c8\u03b5\u03b9 \u03bf\u03c0\u03bf\u03b9\u03b1\u03b4\u03ae\u03c0\u03bf\u03c4\u03b5 \u03b1\u03c1\u03b1\u03af\u03c9\u03c3\u03b7 \u03ba\u03b1\u03b9 \u03c4\u03c5\u03c7\u03cc\u03bd \u03b4\u03b9\u03b1\u03c1\u03c1\u03bf\u03ae \u03c5\u03b3\u03c1\u03bf\u03cd e-liquid.\u00a0\u03a4\u03bf \u03ba\u03b9\u03c4 \u03c3\u03c5\u03c3\u03c4\u03ae\u03bc\u03b1\u03c4\u03bf\u03c2 Teslacigs Innovator 22 Pod \u03c0\u03b5\u03c1\u03b9\u03bb\u03b1\u03bc\u03b2\u03ac\u03bd\u03b5\u03b9 \u03bc\u03b9\u03b1 \u03bc\u03c0\u03b1\u03c4\u03b1\u03c1\u03af\u03b1 1100 mAh \u03bc\u03b5 \u03b5\u03bd\u03c3\u03c9\u03bc\u03b1\u03c4\u03c9\u03bc\u03ad\u03bd\u03b7 \u03bc\u03c0\u03b1\u03c4\u03b1\u03c1\u03af\u03b1 \u03c5\u03c8\u03b7\u03bb\u03ae\u03c2 \u03c4\u03b1\u03c7\u03cd\u03c4\u03b7\u03c4\u03b1\u03c2 19400 \u03b3\u03b9\u03b1 \u03b4\u03b9\u03ac\u03c1\u03ba\u03b5\u03b9\u03b1 \u03b6\u03c9\u03ae\u03c2 \u03bc\u03c0\u03b1\u03c4\u03b1\u03c1\u03af\u03b1\u03c2 \u03cc\u03bb\u03b7 \u03c4\u03b7\u03bd \u03b7\u03bc\u03ad\u03c1\u03b1.\u00a0\u0391\u03c5\u03c4\u03ae \u03b7 \u03c3\u03c5\u03c3\u03ba\u03b5\u03c5\u03ae \u03b1\u03c0\u03b1\u03b9\u03c4\u03b5\u03af \u03b5\u03bb\u03ac\u03c7\u03b9\u03c3\u03c4\u03b7 \u03c6\u03cc\u03c1\u03c4\u03b9\u03c3\u03b7 \u03b3\u03b9\u03b1 \u03bd\u03b1 \u03b4\u03b9\u03b1\u03c1\u03ba\u03ad\u03c3\u03b5\u03b9 \u03cc\u03bb\u03b7 \u03c4\u03b7\u03bd \u03b7\u03bc\u03ad\u03c1\u03b1.\u00a0\u0395\u03af\u03bd\u03b1\u03b9 \u03b5\u03be\u03b1\u03b9\u03c1\u03b5\u03c4\u03b9\u03ba\u03ac \u03b1\u03bd\u03b8\u03b5\u03ba\u03c4\u03b9\u03ba\u03cc, \u03b4\u03b5\u03bd \u03b5\u03af\u03bd\u03b1\u03b9 \u03b5\u03cd\u03ba\u03bf\u03bb\u03bf \u03bd\u03b1 \u03b3\u03c1\u03b1\u03c4\u03c3\u03bf\u03c5\u03bd\u03b9\u03c3\u03c4\u03b5\u03af \u03ba\u03b1\u03b9 \u03c0\u03bf\u03bb\u03cd \u03b5\u03bb\u03b1\u03c6\u03c1\u03cd, \u03ba\u03b1\u03b8\u03b9\u03c3\u03c4\u03ce\u03bd\u03c4\u03b1\u03c2 \u03c4\u03bf \u03b5\u03cd\u03ba\u03bf\u03bb\u03bf \u03c3\u03c4\u03bf \u03c4\u03b1\u03be\u03af\u03b4\u03b9.<\/span><\/p>\n<h3><span>\u03a0\u03c1\u03bf\u03b4\u03b9\u03b1\u03b3\u03c1\u03b1\u03c6\u03ad\u03c2 &amp; \u03a7\u03b1\u03c1\u03b1\u03ba\u03c4\u03b7\u03c1\u03b9\u03c3\u03c4\u03b9\u03ba\u03ac<\/span><\/h3>\n<ul>\n<li><span>\u03a0\u03c1\u03bf\u03b4\u03b9\u03b1\u03b3\u03c1\u03b1\u03c6\u03ad\u03c2 Mod:<\/span><\/li>\n<li><span>\u039c\u03c0\u03b1\u03c4\u03b1\u03c1\u03af\u03b1: 1100 mAh<\/span><\/li>\n<li><span>\u0394\u03b9\u03b1\u03c3\u03c4\u03ac\u03c3\u03b5\u03b9\u03c2: 22mm x 67mm<\/span><\/li>\n<li><span>\u0399\u03c3\u03c7\u03cd\u03c2 \u03b5\u03be\u03cc\u03b4\u03bf\u03c5: 15-27 W<\/span><\/li>\n<li><span>\u03a7\u03c1\u03cc\u03bd\u03bf\u03c2 \u03c6\u03cc\u03c1\u03c4\u03b9\u03c3\u03b7\u03c2: 1,1 \u03ce\u03c1\u03b5\u03c2<\/span><\/li>\n<li><span>\u03a4\u03ac\u03c3\u03b7 \u03b5\u03be\u03cc\u03b4\u03bf\u03c5: 3,2-4,2V<\/span><\/li>\n<li><span>\u03a1\u03b5\u03cd\u03bc\u03b1 \u03c6\u03cc\u03c1\u03c4\u03b9\u03c3\u03b7\u03c2 USB: 5V\/1A<\/span><\/li>\n<\/ul>\n<h3><span>\u03a0\u03c1\u03bf\u03b4\u03b9\u03b1\u03b3\u03c1\u03b1\u03c6\u03ad\u03c2 \u03b4\u03b5\u03be\u03b1\u03bc\u03b5\u03bd\u03ae\u03c2:\u00a0<\/span><\/h3>\n<ul>\n<li><span>\u0394\u03b9\u03b1\u03c3\u03c4\u03ac\u03c3\u03b5\u03b9\u03c2: 22mm x 44,5mm<\/span><\/li>\n<li><span>\u03a7\u03c9\u03c1\u03b7\u03c4\u03b9\u03ba\u03cc\u03c4\u03b7\u03c4\u03b1: 1,8 mL<\/span><\/li>\n<li><span>\u0391\u03bd\u03c4\u03af\u03c3\u03c4\u03b1\u03c3\u03b7: T-A1 0,6 Ohm, T-A2 0,9 Ohm<\/span><\/li>\n<\/ul>","protected":false},"excerpt":{"rendered":"<p><span>E\u011flence\u00a0<\/span><span>Teslacig&#039;ler<\/span><span>\u00a0Innovator 22 Pod Sistem Kiti daha iyiye do\u011fru y\u00fckseltildi. Bu yeni Pod Sistem Kiti, \u00e7ift \u0131s\u0131tma eleman\u0131, organik pamuk, ayarlanabilir hava ak\u0131\u015f\u0131 sistemi, 1100mAh pil i\u00e7erir ve hafifli\u011fiyle son derece ta\u015f\u0131nabilirdir. M\u00fckemmel bir \u015fekilde tasarlanan Teslacigs Innovator 22, s\u00fct gibi bulutlar olu\u015fturan m\u00fckemmel bir performansa sahiptir. Her elektronik sigara kullan\u0131c\u0131s\u0131n\u0131n arad\u0131\u011f\u0131 nihai a\u011f\u0131zdan akci\u011fere his i\u00e7in her vuru\u015f p\u00fcr\u00fczs\u00fczd\u00fcr.<\/span><\/p>","protected":false},"featured_media":13603,"template":"","meta":{"_acf_changed":false,"_kadence_starter_templates_imported_post":false,"_kad_post_transparent":"","_kad_post_title":"","_kad_post_layout":"","_kad_post_sidebar_id":"","_kad_post_content_style":"","_kad_post_vertical_padding":"","_kad_post_feature":"","_kad_post_feature_position":"","_kad_post_header":false,"_kad_post_footer":false},"product_cat":[512],"product_tag":[],"class_list":{"0":"post-13599","1":"product","2":"type-product","3":"status-publish","4":"has-post-thumbnail","6":"product_cat-ensomatomeni-mpataria-kits","7":"product_shipping_class-mi-kapnika","9":"first","10":"instock","11":"taxable","12":"shipping-taxable","13":"purchasable","14":"product-type-variable","15":"entry","16":"content-bg","17":"loop-entry"},"acf":[],"_links":{"self":[{"href":"https:\/\/nicoteam.gr\/tr\/wp-json\/wp\/v2\/product\/13599","targetHints":{"allow":["GET"]}}],"collection":[{"href":"https:\/\/nicoteam.gr\/tr\/wp-json\/wp\/v2\/product"}],"about":[{"href":"https:\/\/nicoteam.gr\/tr\/wp-json\/wp\/v2\/types\/product"}],"wp:featuredmedia":[{"embeddable":true,"href":"https:\/\/nicoteam.gr\/tr\/wp-json\/wp\/v2\/media\/13603"}],"wp:attachment":[{"href":"https:\/\/nicoteam.gr\/tr\/wp-json\/wp\/v2\/media?parent=13599"}],"wp:term":[{"taxonomy":"product_cat","embeddable":true,"href":"https:\/\/nicoteam.gr\/tr\/wp-json\/wp\/v2\/product_cat?post=13599"},{"taxonomy":"product_tag","embeddable":true,"href":"https:\/\/nicoteam.gr\/tr\/wp-json\/wp\/v2\/product_tag?post=13599"}],"curies":[{"name":"wp","href":"https:\/\/api.w.org\/{rel}","templated":true}]}}