{"id":13592,"date":"2022-02-23T13:25:51","date_gmt":"2022-02-23T11:25:51","guid":{"rendered":"https:\/\/nicoteam.gr\/?post_type=product&#038;p=13592"},"modified":"2023-08-28T10:19:02","modified_gmt":"2023-08-28T08:19:02","slug":"vaptio-tyro-kit-1500mah","status":"publish","type":"product","link":"https:\/\/nicoteam.gr\/tr\/product\/vaptio-tyro-kit-1500mah\/","title":{"rendered":"Vaptio Tyro Kiti 1500mAh"},"content":{"rendered":"<p>Pil ve \u015earj<\/p>\n<p>Tyro, 1500 mAh kapasiteli dahili y\u00fcksek de\u015farjl\u0131 bir batarya ile donat\u0131lm\u0131\u015ft\u0131r ve bu da s\u0131k \u015farj etme ihtiyac\u0131n\u0131 en aza indirir. Ayr\u0131ca ayn\u0131 anda hem \u015farj etmenizi hem de kullanman\u0131z\u0131 sa\u011flayan yerle\u015fik koruma sistemleri (de\u015farj, a\u015f\u0131r\u0131 \u015farj, k\u0131sa devre, uzun s\u00fcreli kullan\u0131m) ve ge\u00e7i\u015fli \u015farj sistemine sahiptir.<\/p>\n<p>Kalan pili kontrol etmek i\u00e7in d\u00fc\u011fmede 2 farkl\u0131 renkli g\u00f6stergeye sahip bir LED \u0131\u015f\u0131k bulunur: \u015earj edilmi\u015f pil i\u00e7in beyaz ve pilin \u015farj edilmesi gerekti\u011finde k\u0131rm\u0131z\u0131.<\/p>\n<p>Buharla\u015ft\u0131r\u0131c\u0131 ve diren\u00e7ler<\/p>\n<p>Tyro&#039;nun buharla\u015ft\u0131r\u0131c\u0131s\u0131, daha fazla \u00f6zerklik i\u00e7in 2 ml&#039;lik bir s\u0131v\u0131 kapasitesine ve yeniden doldurman\u0131n \u00e7ok kolay bir yoluna sahiptir.<\/p>\n<p>Yeniden doldurma deli\u011fi g\u00f6r\u00fcnene kadar kapa\u011f\u0131 \u00e7evirin, s\u0131v\u0131n\u0131z\u0131 doldurun, tekrar \u00e7evirin ve haz\u0131rs\u0131n\u0131z!<\/p>\n<p>Tyro, 0,7\u03a9 ve 1,6\u03a9 (Aspire&#039;\u0131n Nautilus atomizeriyle uyumlu) 2 farkl\u0131 bobin kullan\u0131r.<\/p>\n<p><span class=\"csBD37D128\">Hangi direnci se\u00e7erseniz se\u00e7in, dengeli bir e-sigara deneyiminin keyfine varacaks\u0131n\u0131z.\u00a0<\/span><span class=\"cs3A007DBA\">tatmin edici buhar \u00fcretimi<\/span><span class=\"csBD37D128\">\u00a0Ve\u00a0<\/span><span class=\"cs3A007DBA\">lezzetin sad\u0131k sunumu<\/span><span class=\"csBD37D128\">.<\/span><\/p>\n<p><span class=\"csBD37D128\">Ayr\u0131ca,\u00a0<\/span><strong><span class=\"cs3A007DBA\">hava ak\u0131\u015f kontrol sistemi<\/span><\/strong><span class=\"csBD37D128\">\u00a0Vaporizat\u00f6r\u00fcn taban\u0131ndaki deliklerden (geni\u015f bir ayar aral\u0131\u011f\u0131 i\u00e7in nokta ve yuva),\u00a0<\/span><span class=\"cs35DFD680\">Nefes alma s\u0131ras\u0131nda istedi\u011finiz hava miktar\u0131n\u0131 tam olarak ayarlay\u0131n<\/span><span class=\"csBD37D128\">.<\/span><\/p>","protected":false},"excerpt":{"rendered":"<p>\u039f\u00a0\u03b5\u03c1\u03b3\u03bf\u03bd\u03bf\u03bc\u03b9\u03ba\u03cc\u03c2 \u03c3\u03c7\u03b5\u03b4\u03b9\u03b1\u03c3\u03bc\u03cc\u03c2\u00a0\u03c4\u03cd\u03c0\u03bf\u03c5 \u00ab\u03c3\u03c4\u03c5\u03bb\u03cc\u00bb,\u00a0\u03bf\u03b9 \u03bc\u03b9\u03ba\u03c1\u03ad\u03c2 \u03b4\u03b9\u03b1\u03c3\u03c4\u03ac\u03c3\u03b5\u03b9\u03c2\u00a0(\u03b4\u03b9\u03ac\u03bc\u03b5\u03c4\u03c1\u03bf\u03c2 19mm \u03ba\u03b1\u03b9 \u03c3\u03c5\u03bd\u03bf\u03bb\u03b9\u03ba\u03cc \u03cd\u03c8\u03bf\u03c2 122mm), \u03b7\u00a0\u03b5\u03c5\u03c7\u03c1\u03b7\u03c3\u03c4\u03af\u03b1\u00a0\u03c4\u03bf\u03c5 (\u03bb\u03b5\u03b9\u03c4\u03bf\u03c5\u03c1\u03b3\u03af\u03b1 \u03bc\u03b5 \u03ad\u03bd\u03b1 \u03ba\u03bf\u03c5\u03bc\u03c0\u03af) \u03ba\u03b9 \u03bf\u00a0\u03b5\u03cd\u03ba\u03bf\u03bb\u03bf\u03c2 \u03c4\u03c1\u03cc\u03c0\u03bf\u03c2 \u03b1\u03bd\u03b1\u03c0\u03bb\u03ae\u03c1\u03c9\u03c3\u03b7\u03c2 \u03c5\u03b3\u03c1\u03bf\u03cd\u00a0\u03ba\u03b1\u03b8\u03b9\u03c3\u03c4\u03bf\u03cd\u03bd \u03c4\u03bf Tyro \u03b9\u03b4\u03b1\u03bd\u03b9\u03ba\u03cc \u03b3\u03b9\u03b1 \u03c4\u03bf\u03c5\u03c2 \u03bd\u03ad\u03bf\u03c5\u03c2 \u03b1\u03c4\u03bc\u03b9\u03c3\u03c4\u03ad\u03c2 \u03ba\u03b1\u03b9 \u03cc\u03c7\u03b9 \u03bc\u03cc\u03bd\u03bf.<\/p>\n<p>\u0397\u00a0\u03bc\u03b5\u03b3\u03ac\u03bb\u03b7 \u03c7\u03c9\u03c1\u03b7\u03c4\u03b9\u03ba\u03cc\u03c4\u03b7\u03c4\u03b1 \u03c4\u03b7\u03c2 \u03bc\u03c0\u03b1\u03c4\u03b1\u03c1\u03af\u03b1\u03c2 1500mAh, \u03c3\u03b5 \u03c3\u03c5\u03bd\u03b4\u03c5\u03b1\u03c3\u03bc\u03cc \u03bc\u03b5 \u03c4\u03bf\u00a0\u03c3\u03cd\u03c3\u03c4\u03b7\u03bc\u03b1 \u03c6\u03cc\u03c1\u03c4\u03b9\u03c3\u03b7\u03c2 pass through, \u03c0\u03c1\u03bf\u03c3\u03c6\u03ad\u03c1\u03b5\u03b9 \u03b1\u03c5\u03be\u03b7\u03bc\u03ad\u03bd\u03b7 \u03b1\u03c5\u03c4\u03bf\u03bd\u03bf\u03bc\u03af\u03b1 \u03bc\u03ad\u03c3\u03b1 \u03c3\u03c4\u03b7\u03bd \u03b7\u03bc\u03ad\u03c1\u03b1.<\/p>","protected":false},"featured_media":13596,"template":"","meta":{"_acf_changed":false,"_kadence_starter_templates_imported_post":false,"_kad_post_transparent":"","_kad_post_title":"","_kad_post_layout":"","_kad_post_sidebar_id":"","_kad_post_content_style":"","_kad_post_vertical_padding":"","_kad_post_feature":"","_kad_post_feature_position":"","_kad_post_header":false,"_kad_post_footer":false},"product_cat":[512],"product_tag":[],"class_list":{"0":"post-13592","1":"product","2":"type-product","3":"status-publish","4":"has-post-thumbnail","6":"product_cat-ensomatomeni-mpataria-kits","7":"product_shipping_class-mi-kapnika","9":"first","10":"outofstock","11":"taxable","12":"shipping-taxable","13":"purchasable","14":"product-type-simple","15":"entry","16":"content-bg","17":"loop-entry"},"acf":[],"_links":{"self":[{"href":"https:\/\/nicoteam.gr\/tr\/wp-json\/wp\/v2\/product\/13592","targetHints":{"allow":["GET"]}}],"collection":[{"href":"https:\/\/nicoteam.gr\/tr\/wp-json\/wp\/v2\/product"}],"about":[{"href":"https:\/\/nicoteam.gr\/tr\/wp-json\/wp\/v2\/types\/product"}],"wp:featuredmedia":[{"embeddable":true,"href":"https:\/\/nicoteam.gr\/tr\/wp-json\/wp\/v2\/media\/13596"}],"wp:attachment":[{"href":"https:\/\/nicoteam.gr\/tr\/wp-json\/wp\/v2\/media?parent=13592"}],"wp:term":[{"taxonomy":"product_cat","embeddable":true,"href":"https:\/\/nicoteam.gr\/tr\/wp-json\/wp\/v2\/product_cat?post=13592"},{"taxonomy":"product_tag","embeddable":true,"href":"https:\/\/nicoteam.gr\/tr\/wp-json\/wp\/v2\/product_tag?post=13592"}],"curies":[{"name":"wp","href":"https:\/\/api.w.org\/{rel}","templated":true}]}}