{"id":13589,"date":"2022-02-23T13:20:06","date_gmt":"2022-02-23T11:20:06","guid":{"rendered":"https:\/\/nicoteam.gr\/?post_type=product&#038;p=13589"},"modified":"2024-06-06T12:27:35","modified_gmt":"2024-06-06T10:27:35","slug":"eleaf-istick-t80-kit-silver","status":"publish","type":"product","link":"https:\/\/nicoteam.gr\/tr\/product\/eleaf-istick-t80-kit-silver\/","title":{"rendered":"Eleaf iStick T80 Tak\u0131m\u0131 G\u00fcm\u00fc\u015f"},"content":{"rendered":"<h3>G\u00fczel tasar\u0131m\u0131yla son derece hafif<\/h3>\n<p>Kompakt ve dayan\u0131kl\u0131 yap\u0131, ta\u015f\u0131nabilirlik, yap\u0131m kalitesi ve g\u00fc\u00e7l\u00fc performans istick T80&#039;in \u00f6zelliklerinden baz\u0131lar\u0131d\u0131r. Modun g\u00f6vdesi al\u00fcminyum ala\u015f\u0131mdan yap\u0131ld\u0131\u011f\u0131 i\u00e7in ayn\u0131 zamanda hafif ve dayan\u0131kl\u0131d\u0131r.<\/p>\n<h3>Eleaf istick T80 Kutu Modu<\/h3>\n<p>80 Watt&#039;a kadar \u00e7\u0131kabilen 3000 mah pil ile iStick T80 kesinlikle y\u00fcksek performans i\u00e7in tasarland\u0131.<\/p>\n<h3>Eleaf&#039;ten \u00e7ok say\u0131da koruma sistemi<\/h3>\n<h3>\u00c7ocuklara Dayan\u0131kl\u0131 Versiyon Pesso<\/h3>\n<h3>Yeni EF 0,3ohm ve EF-M 0,6ohm diren\u00e7li Pesso vaporizat\u00f6r<\/h3>\n<p>Eleaf&#039;in yeni Pesso 2ml atomizeriyle iki yeni diren\u00e7 se\u00e7ene\u011fimiz var:<\/p>\n<h3>EF 0.3ohm<\/h3>\n<p>EF 0.3ohm bobin, lezzetten \u00f6d\u00fcn vermeden m\u00fckemmel buhar \u00fcretimiyle 30W - 60W g\u00fc\u00e7 aral\u0131\u011f\u0131na sahiptir.<\/p>\n<p><strong>Ohmik diren\u00e7:<\/strong>\u00a00,3 ohm<\/p>\n<p><strong>Malzeme:\u00a0<\/strong>Kanthal<\/p>\n<p><strong>G\u00fc\u00e7 aral\u0131\u011f\u0131:<\/strong>\u00a030-60W<\/p>\n<p><strong>A\u011f\u0131rl\u0131k:<\/strong>\u00a07g<\/p>\n<h3>EF-M 0.6ohm<\/h3>\n<p>EF-M 0.6ohm bobinin i\u00e7indeki a\u011f yap\u0131s\u0131, bobin ile yeniden doldurulan s\u0131v\u0131 aras\u0131ndaki y\u00fczey alan\u0131n\u0131 maksimuma \u00e7\u0131kararak zengin buharla daha yo\u011fun ve temiz bir tat elde edilmesini sa\u011flar.<\/p>\n<p><strong>Ohmik diren\u00e7:<\/strong>\u00a00,6 ohm<\/p>\n<p><strong>Malzeme:<\/strong>\u00a0SS316L<\/p>\n<p><strong>G\u00fc\u00e7 aral\u0131\u011f\u0131:<\/strong>\u00a018-35W<\/p>\n<p><strong>A\u011f\u0131rl\u0131k:<\/strong>\u00a07g<\/p>\n<p>Diren\u00e7leri de\u011fi\u015ftirme i\u015flemi daha kolay ve daha h\u0131zl\u0131 olamazd\u0131. \u0130tme ve \u00c7ekme sistemine sahip olan direnci \u00e7ekip yenisini takman\u0131z yeterlidir.<\/p>\n<h3>Kolay s\u0131v\u0131 doldurma sistemi | \u00dcstten Doldurma Sistemi<\/h3>\n<p>istick T80 Pesso Kit&#039;i \u00f6ne \u00e7\u0131karan baz\u0131 \u00f6zellikler:<\/p>\n<ul>\n<li>Dahili 3000mah pil<\/li>\n<li>Tip-C \u015farj ba\u011flant\u0131 noktas\u0131<\/li>\n<li>H\u0131zl\u0131 \u015farj<\/li>\n<li>\u00c7ocuklar\u0131n a\u00e7amayaca\u011f\u0131 koruma<\/li>\n<li>Yeni EF diren\u00e7leri<\/li>\n<li>\u00c7oklu koruma sistemleri<\/li>\n<li>\u00dcstten Dolum dolum sistemi<\/li>\n<li>Ayarlanabilir hava ak\u0131\u015f\u0131 kontrol\u00fc<\/li>\n<\/ul>\n<h4>\u00d6zellikler<\/h4>\n<p><strong>Boyut:<\/strong>\u00a036mm \u00d7 28mm \u00d7 130mm<\/p>\n<p><strong>Tank kapasitesi:<\/strong>\u00a02ml \/ 5ml<\/p>\n<p><strong>Pil kapasitesi:<\/strong>\u00a03000 mah<\/p>\n<p><strong>G\u00fc\u00e7 aral\u0131\u011f\u0131:<\/strong>\u00a01W-80W<\/p>\n<p><strong>Voltaj aral\u0131\u011f\u0131:<\/strong>\u00a00.5V-9V<\/p>\n<p><strong>Diren\u00e7 Aral\u0131\u011f\u0131:<\/strong>\u00a00,05 ohm \u2013 3,0 ohm<\/p>\n<p><strong>Doluyor:<\/strong>\u00a05V \/ 2A<\/p>\n<p><strong>Rezistans:<\/strong>\u00a0EF-M 0,6ohm | EF 0.3ohm<\/p>\n<p>&nbsp;<\/p>","protected":false},"excerpt":{"rendered":"<p>Elaf istick serisinin yeni \u00fcyesi iStick T80, En \u00c7ok Satan iStick TC 40W&#039;nin uzun zamand\u0131r beklenen halefidir. Abartmadan g\u00fczel bir g\u00f6r\u00fcn\u00fcme sahip zarif bir tasar\u0131ma sahiptir, 3000 mah dahili b\u00fcy\u00fck kapasiteli pile ve maksimum 80 watt g\u00fcce sahiptir.<\/p>","protected":false},"featured_media":13590,"template":"","meta":{"_acf_changed":false,"_kadence_starter_templates_imported_post":false,"_kad_post_transparent":"","_kad_post_title":"","_kad_post_layout":"","_kad_post_sidebar_id":"","_kad_post_content_style":"","_kad_post_vertical_padding":"","_kad_post_feature":"","_kad_post_feature_position":"","_kad_post_header":false,"_kad_post_footer":false},"product_cat":[512],"product_tag":[],"class_list":{"0":"post-13589","1":"product","2":"type-product","3":"status-publish","4":"has-post-thumbnail","6":"product_cat-ensomatomeni-mpataria-kits","7":"product_shipping_class-mi-kapnika","9":"first","10":"outofstock","11":"taxable","12":"shipping-taxable","13":"purchasable","14":"product-type-simple","15":"entry","16":"content-bg","17":"loop-entry"},"acf":[],"_links":{"self":[{"href":"https:\/\/nicoteam.gr\/tr\/wp-json\/wp\/v2\/product\/13589","targetHints":{"allow":["GET"]}}],"collection":[{"href":"https:\/\/nicoteam.gr\/tr\/wp-json\/wp\/v2\/product"}],"about":[{"href":"https:\/\/nicoteam.gr\/tr\/wp-json\/wp\/v2\/types\/product"}],"wp:featuredmedia":[{"embeddable":true,"href":"https:\/\/nicoteam.gr\/tr\/wp-json\/wp\/v2\/media\/13590"}],"wp:attachment":[{"href":"https:\/\/nicoteam.gr\/tr\/wp-json\/wp\/v2\/media?parent=13589"}],"wp:term":[{"taxonomy":"product_cat","embeddable":true,"href":"https:\/\/nicoteam.gr\/tr\/wp-json\/wp\/v2\/product_cat?post=13589"},{"taxonomy":"product_tag","embeddable":true,"href":"https:\/\/nicoteam.gr\/tr\/wp-json\/wp\/v2\/product_tag?post=13589"}],"curies":[{"name":"wp","href":"https:\/\/api.w.org\/{rel}","templated":true}]}}