{"id":13583,"date":"2022-02-23T13:08:09","date_gmt":"2022-02-23T11:08:09","guid":{"rendered":"https:\/\/nicoteam.gr\/?post_type=product&#038;p=13583"},"modified":"2023-08-28T10:20:30","modified_gmt":"2023-08-28T08:20:30","slug":"vaptio-tyro-nano-kit","status":"publish","type":"product","link":"https:\/\/nicoteam.gr\/tr\/product\/vaptio-tyro-nano-kit\/","title":{"rendered":"Vaptio Tyro Nano Kiti"},"content":{"rendered":"<p><span>\u0395\u03c0\u03c9\u03bd\u03c5\u03bc\u03af\u03b1: VAPTIO<\/span><br \/>\n<span>\u03a4\u03cd\u03c0\u03bf\u03c2: All-in-One<\/span><br \/>\n<span>\u039c\u03ad\u03b3\u03b5\u03b8\u03bf\u03c2: 22*114,5mm<\/span><br \/>\n<span>\u03a7\u03c9\u03c1\u03b7\u03c4\u03b9\u03ba\u03cc\u03c4\u03b7\u03c4\u03b1 \u03b4\u03bf\u03c7\u03b5\u03af\u03bf\u03c5: 2ml<\/span><br \/>\n<span>COSMO Coil: 0,7ohm,mesh<\/span><br \/>\n<span>\u0395\u03bd\u03c3\u03c9\u03bc\u03b1\u03c4\u03c9\u03bc\u03ad\u03bd\u03b7 \u03bc\u03c0\u03b1\u03c4\u03b1\u03c1\u03af\u03b1: 900mAh<\/span><br \/>\n<span>\u0395\u03cd\u03c1\u03bf\u03c2 \u03b9\u03c3\u03c7\u03cd\u03bf\u03c2: 7-30W<\/span><br \/>\n<span>\u03a1\u03b5\u03cd\u03bc\u03b1 \u03c6\u03cc\u03c1\u03c4\u03b9\u03c3\u03b7\u03c2: 5V\/1A<\/span><br \/>\n<span>\u039c\u03ad\u03b3\u03b5\u03b8\u03bf\u03c2: 19 105mm<\/span><br \/>\n<span>\u03a5\u03bb\u03b9\u03ba\u03cc: \u03b1\u03bd\u03bf\u03be\u03b5\u03af\u03b4\u03c9\u03c4\u03bf \u03b1\u03c4\u03c3\u03ac\u03bb\u03b9<\/span><br \/>\n<span>\u0388\u03bd\u03b4\u03b5\u03b9\u03be\u03b7: \u03a6\u03c9\u03c2 Led<\/span><\/p>","protected":false},"excerpt":{"rendered":"<p>Vape&#039;ye yeni ba\u015flayanlar i\u00e7in ideal bir ba\u015flang\u0131\u00e7 kitidir, bu kit 30W g\u00fc\u00e7 sa\u011flayabilir ve dahili 900 mah bataryaya sahiptir, ayr\u0131ca 2 ml kapasiteli bir tanka sahiptir, bu k\u00fc\u00e7\u00fck vaptio m\u00fccevheri size \u00e7ok ho\u015f bir vape ve optimum dayan\u0131kl\u0131l\u0131k garanti edecektir, bobinler Tyro kiti ve Cosmo kitiyle uyumludur.<\/p>","protected":false},"featured_media":13585,"template":"","meta":{"_acf_changed":false,"_kadence_starter_templates_imported_post":false,"_kad_post_transparent":"","_kad_post_title":"","_kad_post_layout":"","_kad_post_sidebar_id":"","_kad_post_content_style":"","_kad_post_vertical_padding":"","_kad_post_feature":"","_kad_post_feature_position":"","_kad_post_header":false,"_kad_post_footer":false},"product_cat":[512],"product_tag":[],"class_list":{"0":"post-13583","1":"product","2":"type-product","3":"status-publish","4":"has-post-thumbnail","6":"product_cat-ensomatomeni-mpataria-kits","7":"product_shipping_class-mi-kapnika","9":"first","10":"instock","11":"taxable","12":"shipping-taxable","13":"purchasable","14":"product-type-variable","15":"entry","16":"content-bg","17":"loop-entry"},"acf":[],"_links":{"self":[{"href":"https:\/\/nicoteam.gr\/tr\/wp-json\/wp\/v2\/product\/13583","targetHints":{"allow":["GET"]}}],"collection":[{"href":"https:\/\/nicoteam.gr\/tr\/wp-json\/wp\/v2\/product"}],"about":[{"href":"https:\/\/nicoteam.gr\/tr\/wp-json\/wp\/v2\/types\/product"}],"wp:featuredmedia":[{"embeddable":true,"href":"https:\/\/nicoteam.gr\/tr\/wp-json\/wp\/v2\/media\/13585"}],"wp:attachment":[{"href":"https:\/\/nicoteam.gr\/tr\/wp-json\/wp\/v2\/media?parent=13583"}],"wp:term":[{"taxonomy":"product_cat","embeddable":true,"href":"https:\/\/nicoteam.gr\/tr\/wp-json\/wp\/v2\/product_cat?post=13583"},{"taxonomy":"product_tag","embeddable":true,"href":"https:\/\/nicoteam.gr\/tr\/wp-json\/wp\/v2\/product_tag?post=13583"}],"curies":[{"name":"wp","href":"https:\/\/api.w.org\/{rel}","templated":true}]}}