{"id":13576,"date":"2022-02-23T12:47:21","date_gmt":"2022-02-23T10:47:21","guid":{"rendered":"https:\/\/nicoteam.gr\/?post_type=product&#038;p=13576"},"modified":"2026-01-02T14:24:01","modified_gmt":"2026-01-02T12:24:01","slug":"innokin-coolfire-mini-mod-40w-1300mah","status":"publish","type":"product","link":"https:\/\/nicoteam.gr\/tr\/product\/innokin-coolfire-mini-mod-40w-1300mah\/","title":{"rendered":"Innokin CoolFire Mini Mod 40W 1300mAh"},"content":{"rendered":"<ul>\n<li><span>\u0394\u03b9\u03b1\u03c3\u03c4\u03ac\u03c3\u03b5\u03b9\u03c2: 2-7\/16&#8243; x 1-3\/8&#8243; x 7\/8&#8243;<\/span><\/li>\n<li><span>Ultra Portable Design<\/span><\/li>\n<li><span>\u039a\u03bb\u03c9\u03c3\u03c4\u03ad\u03c2 \u03b1\u03c0\u03cc \u03b1\u03bd\u03bf\u03be\u03b5\u03af\u03b4\u03c9\u03c4\u03bf \u03b1\u03c4\u03c3\u03ac\u03bb\u03b9 510<\/span><\/li>\n<li><span>\u0395\u03c0\u03b9\u03c7\u03c1\u03c5\u03c3\u03c9\u03bc\u03ad\u03bd\u03b7 \u03ba\u03b1\u03c1\u03c6\u03af\u03c4\u03c3\u03b1 \u03b5\u03c0\u03b1\u03c6\u03ae\u03c2 \u03bc\u03b5 \u03b5\u03bb\u03b1\u03c4\u03ae\u03c1\u03b9\u03bf<\/span><\/li>\n<li><span>\u03a7\u03c9\u03c1\u03b7\u03c4\u03b9\u03ba\u03cc\u03c4\u03b7\u03c4\u03b1 \u03bc\u03c0\u03b1\u03c4\u03b1\u03c1\u03af\u03b1\u03c2: \u0395\u03bd\u03c3\u03c9\u03bc\u03b1\u03c4\u03c9\u03bc\u03ad\u03bd\u03b7 \u03bc\u03c0\u03b1\u03c4\u03b1\u03c1\u03af\u03b1 1300 mAh<\/span><\/li>\n<li><span>\u0399\u03c3\u03c7\u03cd\u03c2 \u03bb\u03b5\u03b9\u03c4\u03bf\u03c5\u03c1\u03b3\u03af\u03b1\u03c2: 6,0 &#8211; 40,0 W<\/span><\/li>\n<li><span>\u03a4\u03ac\u03c3\u03b7 \u03bb\u03b5\u03b9\u03c4\u03bf\u03c5\u03c1\u03b3\u03af\u03b1\u03c2: 3,0 &#8211; 7,5V<\/span><\/li>\n<li><span>\u0395\u03bb\u03ac\u03c7\u03b9\u03c3\u03c4\u03b7 \u03b1\u03bd\u03c4\u03af\u03c3\u03c4\u03b1\u03c3\u03b7: 0,2 hm<\/span><\/li>\n<li><span>\u039c\u03ad\u03b3\u03b9\u03c3\u03c4\u03bf \u03c1\u03b5\u03cd\u03bc\u03b1 \u03b5\u03be\u03cc\u03b4\u03bf\u03c5: 12A<\/span><\/li>\n<li><span>\u039c\u03ad\u03b3\u03b9\u03c3\u03c4\u03b7 \u03c4\u03ac\u03c3\u03b7 \u03b5\u03be\u03cc\u03b4\u03bf\u03c5: 7,5V<\/span><\/li>\n<li><span>\u03a5\u03c8\u03b7\u03bb\u03ae\u03c2 \u03c0\u03bf\u03b9\u03cc\u03c4\u03b7\u03c4\u03b1\u03c2 \u03ba\u03b1\u03b9 \u03c6\u03c9\u03c4\u03b5\u03b9\u03bd\u03ae \u03bf\u03b8\u03cc\u03bd\u03b7 OLED<\/span><\/li>\n<li><span>\u0393\u03c1\u03ae\u03b3\u03bf\u03c1\u03b7 \u03c6\u03cc\u03c1\u03c4\u03b9\u03c3\u03b7 5V\/1A Micro USB<\/span><\/li>\n<li><span>\u0388\u03bd\u03b4\u03b5\u03b9\u03be\u03b7 \u03b4\u03b9\u03ac\u03c1\u03ba\u03b5\u03b9\u03b1\u03c2 \u03b6\u03c9\u03ae\u03c2 \u03bc\u03c0\u03b1\u03c4\u03b1\u03c1\u03af\u03b1\u03c2 LED<\/span><\/li>\n<li><span>\u03a4\u03b5\u03c7\u03bd\u03bf\u03bb\u03bf\u03b3\u03af\u03b1 Vape \u039a\u03b1\u03c4\u03ac \u03c4\u03b7 \u03a6\u03cc\u03c1\u03c4\u03b9\u03c3\u03b7<\/span><\/li>\n<li><span>\u03a0\u03c1\u03bf\u03b5\u03b9\u03b4\u03bf\u03c0\u03bf\u03af\u03b7\u03c3\u03b7 \u03c7\u03b1\u03bc\u03b7\u03bb\u03ae\u03c2 \u03c4\u03ac\u03c3\u03b7\u03c2<\/span><\/li>\n<li><span>K\u0131sa devre korumas\u0131<\/span><\/li>\n<li><span>A\u015f\u0131r\u0131 \u015farj korumas\u0131<\/span><\/li>\n<\/ul>","protected":false},"excerpt":{"rendered":"<p><span>Innokin Coolfire Ace Mod inan\u0131lmaz derecede kompakt ve ta\u015f\u0131nabilir bir tasar\u0131ma sahiptir.\u00a0<\/span><span>Coolfire Ace, b\u00fcy\u00fck boyutu olmaks\u0131z\u0131n orijinal Coolfire 4 ile ayn\u0131 40 watt tepe g\u00fcc\u00fcne ve \u015fekline sahiptir.\u00a0<\/span><span>Coolfire Ace, y\u00fcksek kaliteli ve parlak OLED ekrana sahip yerle\u015fik 1300mAh bataryaya sahiptir.\u00a0<\/span><span>Coolfire Ace, orijinal Coolfire 4 serisiyle ayn\u0131 &quot;\u015earj ederken Vape&quot; teknolojisine sahiptir.\u00a0<\/span><span>Coolfire Ace, birlikte verilen mikro USB kablosuyla \u015farj edilebilir.\u00a0<\/span><span>Innokin Coolfire Ace i\u015flevsel, \u015f\u0131k ve ta\u015f\u0131nabilir olup ayn\u0131 zamanda hem yeni ba\u015flayanlara hem de deneyimli gazetelere hitap etmektedir.<\/span><\/p>","protected":false},"featured_media":13582,"template":"","meta":{"_acf_changed":false,"_kadence_starter_templates_imported_post":false,"_kad_post_transparent":"","_kad_post_title":"","_kad_post_layout":"","_kad_post_sidebar_id":"","_kad_post_content_style":"","_kad_post_vertical_padding":"","_kad_post_feature":"","_kad_post_feature_position":"","_kad_post_header":false,"_kad_post_footer":false},"product_cat":[140],"product_tag":[],"class_list":{"0":"post-13576","1":"product","2":"type-product","3":"status-publish","4":"has-post-thumbnail","6":"product_cat-ensomatomeni-mpataria","7":"product_shipping_class-mi-kapnika","9":"first","10":"outofstock","11":"taxable","12":"shipping-taxable","13":"purchasable","14":"product-type-simple","15":"entry","16":"content-bg","17":"loop-entry"},"acf":[],"_links":{"self":[{"href":"https:\/\/nicoteam.gr\/tr\/wp-json\/wp\/v2\/product\/13576","targetHints":{"allow":["GET"]}}],"collection":[{"href":"https:\/\/nicoteam.gr\/tr\/wp-json\/wp\/v2\/product"}],"about":[{"href":"https:\/\/nicoteam.gr\/tr\/wp-json\/wp\/v2\/types\/product"}],"wp:featuredmedia":[{"embeddable":true,"href":"https:\/\/nicoteam.gr\/tr\/wp-json\/wp\/v2\/media\/13582"}],"wp:attachment":[{"href":"https:\/\/nicoteam.gr\/tr\/wp-json\/wp\/v2\/media?parent=13576"}],"wp:term":[{"taxonomy":"product_cat","embeddable":true,"href":"https:\/\/nicoteam.gr\/tr\/wp-json\/wp\/v2\/product_cat?post=13576"},{"taxonomy":"product_tag","embeddable":true,"href":"https:\/\/nicoteam.gr\/tr\/wp-json\/wp\/v2\/product_tag?post=13576"}],"curies":[{"name":"wp","href":"https:\/\/api.w.org\/{rel}","templated":true}]}}