{"id":13539,"date":"2022-02-23T10:31:35","date_gmt":"2022-02-23T08:31:35","guid":{"rendered":"https:\/\/nicoteam.gr\/?post_type=product&#038;p=13539"},"modified":"2023-08-28T10:20:31","modified_gmt":"2023-08-28T08:20:31","slug":"teslacigs-three-mod-150w-5000mah","status":"publish","type":"product","link":"https:\/\/nicoteam.gr\/tr\/product\/teslacigs-three-mod-150w-5000mah\/","title":{"rendered":"Teslacigs Three Mod 150w 5000mah"},"content":{"rendered":"<div><img loading=\"lazy\" decoding=\"async\" class=\"alignnone size-full wp-image-13542\" src=\"https:\/\/nicoteam.gr\/wp-content\/uploads\/2022\/02\/4.jpg\" alt=\"\" width=\"750\" height=\"500\" srcset=\"https:\/\/nicoteam.gr\/wp-content\/uploads\/2022\/02\/4.jpg 750w, https:\/\/nicoteam.gr\/wp-content\/uploads\/2022\/02\/4-600x400.jpg 600w, https:\/\/nicoteam.gr\/wp-content\/uploads\/2022\/02\/4-300x200.jpg 300w, https:\/\/nicoteam.gr\/wp-content\/uploads\/2022\/02\/4-96x64.jpg 96w, https:\/\/nicoteam.gr\/wp-content\/uploads\/2022\/02\/4-42x28.jpg 42w, https:\/\/nicoteam.gr\/wp-content\/uploads\/2022\/02\/4-150x100.jpg 150w\" sizes=\"auto, (max-width: 750px) 100vw, 750px\" \/><\/div>\n<div><\/div>\n<div>\u03a7\u03c9\u03c1\u03b7\u03c4\u03b9\u03ba\u03cc\u03c4\u03b7\u03c4\u03b1 \u03bc\u03c0\u03b1\u03c4\u03b1\u03c1\u03af\u03b1\u03c2: 5000mah<\/div>\n<div>\u039c\u03ad\u03b3\u03b5\u03b8\u03bf\u03c2 \u03bc\u03c0\u03b1\u03c4\u03b1\u03c1\u03af\u03b1\u03c2: 52*25*81 mm<\/div>\n<div>\u039c\u03ad\u03b3\u03b9\u03c3\u03c4\u03b7 \u03b9\u03c3\u03c7\u03cd\u03c2: 150 W<\/div>\n<div>Ba\u011flant\u0131 konular\u0131: 510<\/div>\n<div>\u0392\u03ac\u03c1\u03bf\u03c2: 388g<\/div>","protected":false},"excerpt":{"rendered":"<p>\u03a4\u03bf Teslacigs Three \u03b5\u03af\u03bd\u03b1\u03b9 \u03c4\u03bf \u03bd\u03ad\u03bf \u03bc\u03ad\u03bb\u03bf\u03c2 \u03c4\u03b7\u03c2 \u03c3\u03b5\u03b9\u03c1\u03ac\u03c2 Tesla Stealth, \u03b5\u03af\u03bd\u03b1\u03b9 \u03ad\u03bd\u03b1 power bank \u03b3\u03b9\u03b1 \u03c4\u03bf \u03c4\u03b7\u03bb\u03ad\u03c6\u03c9\u03bd\u03cc \u03c3\u03b1\u03c2, \u03bc\u03b9\u03b1 \u03b9\u03c3\u03c7\u03c5\u03c1\u03ae \u03ba\u03b1\u03b9 \u03b5\u03be\u03b1\u03c1\u03c4\u03b7\u03bc\u03ad\u03bd\u03b7 \u03c3\u03c5\u03c3\u03ba\u03b5\u03c5\u03ae, \u03b5\u03c3\u03c9\u03c4\u03b5\u03c1\u03b9\u03ba\u03ae \u03bc\u03c0\u03b1\u03c4\u03b1\u03c1\u03af\u03b1 LiPo 5000 mAh, \u03bc\u03b7 \u03c1\u03c5\u03b8\u03bc\u03b9\u03b6\u03cc\u03bc\u03b5\u03bd\u03b7 \u03b9\u03c3\u03c7\u03cd\u03c2 \u03ad\u03c9\u03c2 150 W.\u00a0\u03a3\u03af\u03b3\u03bf\u03c5\u03c1\u03b1 \u03b8\u03b1 \u03c3\u03b1\u03c2 \u03c6\u03ad\u03c1\u03b5\u03b9 \u03bc\u03b9\u03b1 \u03b1\u03be\u03b9\u03bf\u03c3\u03b7\u03bc\u03b5\u03af\u03c9\u03c4\u03b7 \u03b5\u03bc\u03c0\u03b5\u03b9\u03c1\u03af\u03b1 \u03b1\u03c4\u03bc\u03af\u03c3\u03bc\u03b1\u03c4\u03bf\u03c2.<\/p>","protected":false},"featured_media":13540,"template":"","meta":{"_acf_changed":false,"_kadence_starter_templates_imported_post":false,"_kad_post_transparent":"","_kad_post_title":"","_kad_post_layout":"","_kad_post_sidebar_id":"","_kad_post_content_style":"","_kad_post_vertical_padding":"","_kad_post_feature":"","_kad_post_feature_position":"","_kad_post_header":false,"_kad_post_footer":false},"product_cat":[140],"product_tag":[],"class_list":{"0":"post-13539","1":"product","2":"type-product","3":"status-publish","4":"has-post-thumbnail","6":"product_cat-ensomatomeni-mpataria","7":"product_shipping_class-mi-kapnika","9":"first","10":"outofstock","11":"taxable","12":"shipping-taxable","13":"purchasable","14":"product-type-simple","15":"entry","16":"content-bg","17":"loop-entry"},"acf":[],"_links":{"self":[{"href":"https:\/\/nicoteam.gr\/tr\/wp-json\/wp\/v2\/product\/13539","targetHints":{"allow":["GET"]}}],"collection":[{"href":"https:\/\/nicoteam.gr\/tr\/wp-json\/wp\/v2\/product"}],"about":[{"href":"https:\/\/nicoteam.gr\/tr\/wp-json\/wp\/v2\/types\/product"}],"wp:featuredmedia":[{"embeddable":true,"href":"https:\/\/nicoteam.gr\/tr\/wp-json\/wp\/v2\/media\/13540"}],"wp:attachment":[{"href":"https:\/\/nicoteam.gr\/tr\/wp-json\/wp\/v2\/media?parent=13539"}],"wp:term":[{"taxonomy":"product_cat","embeddable":true,"href":"https:\/\/nicoteam.gr\/tr\/wp-json\/wp\/v2\/product_cat?post=13539"},{"taxonomy":"product_tag","embeddable":true,"href":"https:\/\/nicoteam.gr\/tr\/wp-json\/wp\/v2\/product_tag?post=13539"}],"curies":[{"name":"wp","href":"https:\/\/api.w.org\/{rel}","templated":true}]}}