{"id":13456,"date":"2022-02-22T14:02:05","date_gmt":"2022-02-22T12:02:05","guid":{"rendered":"https:\/\/nicoteam.gr\/?post_type=product&#038;p=13456"},"modified":"2023-08-28T10:20:33","modified_gmt":"2023-08-28T08:20:33","slug":"vaporesso-swag-2-kit-2ml","status":"publish","type":"product","link":"https:\/\/nicoteam.gr\/tr\/product\/vaporesso-swag-2-kit-2ml\/","title":{"rendered":"Vaporesso Swag 2 Kiti (2ml)"},"content":{"rendered":"<p>Vaporesso Swag serisinin yeni nesli olan Vaporesso Swag 2 Kiti, onu daha hafif, daha fazla hale getiren \u00f6zel bir kau\u00e7uk re\u00e7ineyi benimser.<br \/>\ndayan\u0131kl\u0131 ve daha rahat. 2ml kapasiteli olup 1 adet 18650 pil ile \u00e7al\u0131\u015f\u0131r.\u00a0<strong>i\u00e7ermiyor<\/strong>,<br \/>\nve ayr\u0131ca sat\u0131n al\u0131nmas\u0131 gerekir. Ve darbe modlu AXON Chip taraf\u0131ndan desteklenerek size daha g\u00fc\u00e7l\u00fc,<br \/>\nHer bas\u0131\u015fta lezzet bulutlar\u0131. Ayr\u0131ca yap\u0131s\u0131 itibariyle GT4 bobini ba\u015fta olmak \u00fczere t\u00fcm GT serisi bobinlerle uyumludur.<br \/>\nDaha temiz bir tat ve daha kal\u0131n bulutlar sunan \u00e7ift \u00e7ekirdekli ve \u00e7ay lifi malzeme.<\/p>\n<div id=\"content_description\" class=\"ty-wysiwyg-content content-description\">\n<div>\n<ul>\n<li><b>Mod Boyutlar\u0131<\/b>\u00a050x25x75mm<\/li>\n<li><b>Tank kapasitesi<\/b>\u00a02 ml<\/li>\n<li><b>Bobin tipi<\/b>\u00a00.15ohm GT4 \u00d6rg\u00fcl\u00fc Bobin (50~75W), 0.5ohm GT CCELL Bobin (25~35W)<\/li>\n<li><b>\u00fcr\u00fcn tipi<\/b>\u00a0Volkswagen<\/li>\n<li><b>Pil T\u00fcr\u00fc<\/b>\u00a018650<\/li>\n<li>G\u00fc\u00e7 \u00c7\u0131k\u0131\u015f\u0131 5~80W<\/li>\n<li>Ekran 0,91\u2033<\/li>\n<li>Damla Ucu ile Damla Ucu<\/li>\n<li>Konu Tipi 510<\/li>\n<li>USB&#039;yi \u015farj edin<\/li>\n<\/ul>\n<p><strong>Detaylar<\/strong><\/p>\n<ul>\n<li>2ml kapasiteli<\/li>\n<li>Mikro USB ba\u011flant\u0131 noktas\u0131na sahip bir adet 18650 pil ile \u00e7al\u0131\u015f\u0131r<\/li>\n<li>Her dokunu\u015fta size daha g\u00fc\u00e7l\u00fc, lezzetli bulutlar sunmak i\u00e7in darbe modlu AXON Chip taraf\u0131ndan desteklenmektedir<\/li>\n<li>Size net verileri g\u00f6stermek i\u00e7in 0,91 in\u00e7 OLED ekranla donat\u0131lm\u0131\u015ft\u0131r<\/li>\n<li>T\u00fcm GT serisi bobinlerle uyumlu<\/li>\n<\/ul>\n<\/div>\n<\/div>\n<div id=\"content_features\" class=\"ty-wysiwyg-content content-features\">\n<div class=\"ty-product-feature-group\">\n<div class=\"ty-product-feature\">\n<div class=\"ty-product-feature__value\"><\/div>\n<\/div>\n<\/div>\n<\/div>","protected":false},"excerpt":{"rendered":"<p>Ergonomik tasar\u0131ma sahip k\u00fc\u00e7\u00fck boyutlu mod, insta-fire, darbe ve ECO i\u015flevlerine sahip AXON \u00e7ipi, kullan\u0131c\u0131 dostu, NRG atomizer ile set.<\/p>","protected":false},"featured_media":13457,"template":"","meta":{"_acf_changed":false,"_kadence_starter_templates_imported_post":false,"_kad_post_transparent":"","_kad_post_title":"","_kad_post_layout":"","_kad_post_sidebar_id":"","_kad_post_content_style":"","_kad_post_vertical_padding":"","_kad_post_feature":"","_kad_post_feature_position":"","_kad_post_header":false,"_kad_post_footer":false},"product_cat":[511],"product_tag":[],"class_list":{"0":"post-13456","1":"product","2":"type-product","3":"status-publish","4":"has-post-thumbnail","6":"product_cat-apospomeni-mpataria-kits","7":"product_shipping_class-mi-kapnika","9":"first","10":"instock","11":"taxable","12":"shipping-taxable","13":"purchasable","14":"product-type-simple","15":"entry","16":"content-bg","17":"loop-entry"},"acf":[],"_links":{"self":[{"href":"https:\/\/nicoteam.gr\/tr\/wp-json\/wp\/v2\/product\/13456","targetHints":{"allow":["GET"]}}],"collection":[{"href":"https:\/\/nicoteam.gr\/tr\/wp-json\/wp\/v2\/product"}],"about":[{"href":"https:\/\/nicoteam.gr\/tr\/wp-json\/wp\/v2\/types\/product"}],"wp:featuredmedia":[{"embeddable":true,"href":"https:\/\/nicoteam.gr\/tr\/wp-json\/wp\/v2\/media\/13457"}],"wp:attachment":[{"href":"https:\/\/nicoteam.gr\/tr\/wp-json\/wp\/v2\/media?parent=13456"}],"wp:term":[{"taxonomy":"product_cat","embeddable":true,"href":"https:\/\/nicoteam.gr\/tr\/wp-json\/wp\/v2\/product_cat?post=13456"},{"taxonomy":"product_tag","embeddable":true,"href":"https:\/\/nicoteam.gr\/tr\/wp-json\/wp\/v2\/product_tag?post=13456"}],"curies":[{"name":"wp","href":"https:\/\/api.w.org\/{rel}","templated":true}]}}