{"id":13453,"date":"2022-02-22T13:55:20","date_gmt":"2022-02-22T11:55:20","guid":{"rendered":"https:\/\/nicoteam.gr\/?post_type=product&#038;p=13453"},"modified":"2026-01-14T11:19:32","modified_gmt":"2026-01-14T09:19:32","slug":"vaporesso-swag-2-80w-mod-blue","status":"publish","type":"product","link":"https:\/\/nicoteam.gr\/tr\/product\/vaporesso-swag-2-80w-mod-blue\/","title":{"rendered":"Vaporesso Swag 2 80W Mod"},"content":{"rendered":"<p>\u038c\u03c0\u03c9\u03c2 \u03bf \u03c0\u03c1\u03bf\u03ba\u03ac\u03c4\u03bf\u03c7\u03cc\u03c2 \u03c4\u03bf\u03c5, \u03c4\u03bf Vaporesso Swag II 80W \u03c4\u03c1\u03bf\u03c6\u03bf\u03b4\u03bf\u03c4\u03b5\u03af\u03c4\u03b1\u03b9 \u03bc\u03b5 \u03bc\u03af\u03b1 \u03bc\u03c0\u03b1\u03c4\u03b1\u03c1\u03af\u03b1 18650, \u03ba\u03b1\u03b9 \u03b1\u03c0\u03bf\u03b4\u03af\u03b4\u03b5\u03b9 \u03bc\u03ad\u03c7\u03c1\u03b9 \u03c4\u03b1 80 watt. \u0394\u03b9\u03b1\u03b8\u03ad\u03c4\u03b5\u03b9 \u03b5\u03c5\u03b1\u03bd\u03ac\u03b3\u03bd\u03c9\u03c3\u03c4\u03b7 \u03bf\u03b8\u03cc\u03bd\u03b7, \u03ba\u03bf\u03bd\u03ad\u03ba\u03c4\u03bf\u03c1\u03b1 510 \u03ba\u03b1\u03c4\u03b1\u03c3\u03ba\u03b5\u03c5\u03b1\u03c3\u03bc\u03ad\u03bd\u03bf \u03b1\u03c0\u03cc \u03b1\u03c4\u03c3\u03ac\u03bb\u03b9 \u03ba\u03b1\u03b9 \u03ba\u03bf\u03c1\u03c5\u03c6\u03b1\u03af\u03b1\u03c2 \u03b1\u03c0\u03cc\u03ba\u03c1\u03b9\u03c3\u03b7\u03c2 \u03ba\u03bf\u03c5\u03bc\u03c0\u03b9\u03ac \u03b3\u03b9\u03b1 \u03c4\u03b7\u03bd \u03c0\u03bb\u03bf\u03ae\u03b3\u03b7\u03c3\u03ae \u03c3\u03b1\u03c2. To Swag II, \u03b2\u03b1\u03c3\u03af\u03b6\u03b5\u03c4\u03b1\u03b9 \u03c3\u03b5 \u03bc\u03b9\u03b1 \u03c3\u03cd\u03b3\u03c7\u03c1\u03bf\u03bd\u03b7 \u03c0\u03bb\u03b1\u03ba\u03ad\u03c4\u03b1 \u03b5\u03bb\u03ad\u03b3\u03c7\u03bf\u03c5 \u03c0\u03bf\u03c5 \u03c0\u03c1\u03bf\u03c3\u03c6\u03ad\u03c1\u03b5\u03b9 \u03b1\u03c0\u03bb\u03bf\u03c0\u03bf\u03b9\u03b7\u03bc\u03ad\u03bd\u03b7 \u03bb\u03b5\u03b9\u03c4\u03bf\u03c5\u03c1\u03b3\u03af\u03b1, \u03b5\u03cd\u03ba\u03bf\u03bb\u03b7 \u03c0\u03bb\u03bf\u03ae\u03b3\u03b7\u03c3\u03b7 \u03ba\u03b1\u03b9 \u03cc\u03bb\u03b5\u03c2 \u03c4\u03b9\u03c2 \u03c3\u03cd\u03b3\u03c7\u03c1\u03bf\u03bd\u03b5\u03c2 \u03c0\u03c1\u03bf\u03b4\u03b9\u03b1\u03b3\u03c1\u03b1\u03c6\u03ad\u03c2 \u03b1\u03c3\u03c6\u03b1\u03bb\u03b5\u03af\u03b1\u03c2 \u03c0\u03bf\u03c5 \u03c7\u03c1\u03b5\u03b9\u03ac\u03b6\u03bf\u03bd\u03c4\u03b1\u03b9 \u03b3\u03b9\u03b1 \u03bd\u03b1 \u03b1\u03c0\u03bf\u03bb\u03b1\u03bc\u03b2\u03ac\u03bd\u03b5\u03c4\u03b5 \u03bc\u03b5 \u03b1\u03c3\u03c6\u03ac\u03bb\u03b5\u03b9\u03b1 \u03c4\u03bf \u03ba\u03b1\u03b8\u03b7\u03bc\u03b5\u03c1\u03b9\u03bd\u03cc \u03c3\u03b1\u03c2 \u03ac\u03c4\u03bc\u03b9\u03c3\u03bc\u03b1. \u0394\u03b9\u03b1\u03b8\u03ad\u03c4\u03b5\u03b9, \u03c4\u03bf \u03b1\u03bd\u03b1\u03b2\u03b1\u03b8\u03bc\u03b9\u03c3\u03bc\u03ad\u03bd\u03bf chipset Axon, \u03cc\u03c0\u03c9\u03c2 \u03c4\u03bf Gen \u03c4\u03b7\u03c2 Vaporesso, \u03b4\u03af\u03bd\u03bf\u03bd\u03c4\u03b1\u03c2 \u03c3\u03b1\u03c2 x5 (\u03c0\u03b5\u03bd\u03c4\u03b1\u03c0\u03bb\u03ac\u03c3\u03b9\u03b1) \u03b4\u03cd\u03bd\u03b1\u03bc\u03b7 \u03c3\u03b5 \u03ba\u03ac\u03b8\u03b5 \u03c4\u03b6\u03bf\u03cd\u03c1\u03b1.<\/p>\n<p>\u03a3\u03c5\u03b3\u03ba\u03b5\u03ba\u03c1\u03b9\u03bc\u03ad\u03bd\u03b1, \u03bc\u03b5 \u03c4\u03b7 \u03c0\u03b1\u03bb\u03bc\u03b9\u03ba\u03ae \u03bb\u03b5\u03b9\u03c4\u03bf\u03c5\u03c1\u03b3\u03af\u03b1 (Pulse Mode), \u03b8\u03b1 \u03ad\u03c7\u03b5\u03c4\u03b5 \u03c0\u03bb\u03bf\u03cd\u03c3\u03b9\u03b1 \u03c0\u03b1\u03c1\u03b1\u03b3\u03c9\u03b3\u03ae \u03b1\u03c4\u03bc\u03bf\u03cd, \u03b1\u03bb\u03bb\u03ac \u03ba\u03b1\u03b9 \u03c0\u03b9\u03bf \u03b3\u03b5\u03c5\u03c3\u03c4\u03b9\u03ba\u03cc \u03ac\u03c4\u03bc\u03b9\u03c3\u03bc\u03b1 \u03c3\u03b5 \u03ba\u03ac\u03b8\u03b5 \u03c4\u03b6\u03bf\u03cd\u03c1\u03b1 (\u03ba\u03ac\u03b8\u03b5 0.02s).<\/p>\n<p>\u03a4\u03bf \u03bd\u03ad\u03bf, \u03b1\u03c0\u03af\u03c3\u03c4\u03b5\u03c5\u03c4\u03b1 \u03b1\u03c0\u03bb\u03bf\u03c0\u03bf\u03b9\u03b7\u03bc\u03ad\u03bd\u03bf \u03bc\u03b5\u03bd\u03bf\u03cd \u03b4\u03af\u03bd\u03b5\u03b9 \u03c4\u03b7 \u03b4\u03c5\u03bd\u03b1\u03c4\u03cc\u03c4\u03b7\u03c4\u03b1 \u03c3\u03b5 \u03c0\u03b1\u03bb\u03b9\u03bf\u03cd\u03c2 \u03b1\u03bb\u03bb\u03ac \u03ba\u03b1\u03b9 \u03bd\u03ad\u03bf\u03c5\u03c2 \u03b1\u03c4\u03bc\u03b9\u03c3\u03c4\u03ad\u03c2 \u03bd\u03b1 \u03b1\u03c0\u03bf\u03bb\u03b1\u03cd\u03c3\u03bf\u03c5\u03bd \u03c4\u03b9\u03c2 \u03c8\u03b7\u03c6\u03b9\u03b1\u03ba\u03ad\u03c2 \u03c4\u03bf\u03c5 \u03b5\u03c5\u03ba\u03bf\u03bb\u03af\u03b5\u03c2. \u0393\u03b9\u03b1 \u03c0\u03b1\u03c1\u03ac\u03b4\u03b5\u03b9\u03b3\u03bc\u03b1, \u03c4\u03bf \u03b5\u03c5\u03c6\u03c5\u03ad\u03c2 \u0391xon \u03b1\u03bd\u03b1\u03b3\u03bd\u03c9\u03c1\u03af\u03b6\u03b5\u03b9 \u03b1\u03c5\u03c4\u03cc\u03bc\u03b1\u03c4\u03b1 \u03c4\u03b9\u03c2 \u03b1\u03bd\u03c4\u03b9\u03c3\u03c4\u03ac\u03c3\u03b5\u03b9\u03c2 TC(\u03ad\u03bb\u03b5\u03b3\u03c7\u03bf \u0398\u03b5\u03c1\u03bc\u03bf\u03ba\u03c1\u03b1\u03c3\u03af\u03b1\u03c2), \u03b4\u03af\u03bd\u03bf\u03bd\u03c4\u03b1\u03c2 \u03c4\u03b7 \u03b4\u03c5\u03bd\u03b1\u03c4\u03cc\u03c4\u03b7\u03c4\u03b1 \u03ba\u03b1\u03bb\u03cd\u03c4\u03b5\u03c1\u03b7\u03c2 \u03b3\u03b5\u03cd\u03c3\u03b7\u03c2. \u03a4\u03bf \u03bc\u03cc\u03bd\u03bf \u03c0\u03bf\u03c5 \u03c7\u03c1\u03b5\u03b9\u03ac\u03b6\u03b5\u03c4\u03b1\u03b9 \u03bd\u03b1 \u03ba\u03ac\u03bd\u03b5\u03c4\u03b5, \u03b5\u03af\u03bd\u03b1\u03b9 \u03bd\u03b1 \u03c1\u03c5\u03b8\u03bc\u03af\u03c3\u03b5\u03c4\u03b5 \u03c4\u03b7\u03bd \u03ad\u03bd\u03c4\u03b1\u03c3\u03b7! \u039c\u03af\u03b1 \u03b1\u03ba\u03cc\u03bc\u03b7 \u03bb\u03b5\u03b9\u03c4\u03bf\u03c5\u03c1\u03b3\u03af\u03b1, \u03b7 &#8220;ECO Mode&#8221; \u03c0\u03b1\u03c1\u03b1\u03c4\u03b5\u03af\u03bd\u03b5\u03b9 \u03c4\u03bf\u03bd \u03c7\u03c1\u03cc\u03bd\u03bf \u03bb\u03b5\u03b9\u03c4\u03bf\u03c5\u03c1\u03b3\u03af\u03b1\u03c2 \u03c4\u03b7\u03c2 \u03c3\u03c5\u03c3\u03ba\u03b5\u03c5\u03ae\u03c2 , \u03b1\u03c0\u03cc \u03c4\u03b7\u03bd \u03ce\u03c1\u03b1 \u03c0\u03bf\u03c5 \u03b8\u03b1 \u03b4\u03b9\u03b1\u03c0\u03b9\u03c3\u03c4\u03ce\u03c3\u03b5\u03c4\u03b5 \u03cc\u03c4\u03b9 \u03b7 \u03c3\u03c5\u03c3\u03ba\u03b5\u03c5\u03ae \u03c3\u03b1\u03c2 \u03b8\u03ad\u03bb\u03b5\u03b9 \u03c6\u03cc\u03c1\u03c4\u03b9\u03c3\u03b7. \u0391\u03bd\u03b1\u03bc\u03c6\u03af\u03b2\u03bf\u03bb\u03b1 \u03b5\u03af\u03bd\u03b1\u03b9 \u03bc\u03b9\u03b1 \u03c0\u03c1\u03bf\u03c3\u03b8\u03ae\u03ba\u03b7 \u03c4\u03b7\u03c2 Vaporesso, \u03c0\u03bf\u03c5 \u03ba\u03b1\u03c4\u03b1\u03c4\u03ac\u03c3\u03c3\u03b5\u03b9 \u03c4\u03bf Swag II \u03c3\u03c4\u03b1 \u03c0\u03b9\u03bf smart mods! E\u03c0\u03b9\u03c0\u03c1\u03bf\u03c3\u03b8\u03ad\u03c4\u03c9\u03c2, \u03c0\u03c1\u03bf\u03c3\u03b8\u03ad\u03c4\u03b5\u03b9 \u03bc\u03af\u03b1 \u03bd\u03ad\u03b1 \u03bb\u03b5\u03b9\u03c4\u03bf\u03c5\u03c1\u03b3\u03af\u03b1 &#8220;DIY Mode&#8221; \u03c0\u03bf\u03c5 \u03ad\u03c7\u03b5\u03c4\u03b5 \u03c4\u03b7 \u03b4\u03c5\u03bd\u03b1\u03c4\u03cc\u03c4\u03b7\u03c4\u03b1 \u03bd\u03b1 \u03ad\u03c7\u03b5\u03c4\u03b5 \u03cc\u03bb\u03b1 \u03c4\u03b1 \u03c7\u03b1\u03c1\u03b1\u03ba\u03c4\u03b7\u03c1\u03b9\u03c3\u03c4\u03b9\u03ba\u03ac diy, \u03c0\u03bf\u03c5 \u03b4\u03b9\u03b1\u03b8\u03ad\u03c4\u03b5\u03b9 \u03c4\u03bf \u03c0\u03c1\u03cc\u03c3\u03c6\u03b1\u03c4\u03bf Omni Board.<\/p>\n<ul class=\"attributes-list js-accordion-content js-attributes\">\n<li class=\"attribute3 ItemAttributes_BatteryCapacity\"><span class=\"label\">Pil Kapasitesi:<\/span>\u00a0<span class=\"value\" data-attribute=\"ItemAttributes_BatteryCapacity\">\u0391\u03c0\u03bf\u03c3\u03c0\u03ce\u03bc\u03b5\u03bd\u03b7 \u039c\u03c0\u03b1\u03c4\u03b1\u03c1\u03af\u03b1 18650<\/span><\/li>\n<li class=\"attribute4 ItemAttributes_Dimensions\"><span class=\"label\">Boyutlar:<\/span>\u00a0<span class=\"value\" data-attribute=\"ItemAttributes_Dimensions\">75mm \u038e\u03c8\u03bf\u03c2, 50mm \u039c\u03ae\u03ba\u03bf\u03c2, 25mm \u03a0\u03bb\u03ac\u03c4\u03bf\u03c2<\/span><\/li>\n<li class=\"attribute5 ItemAttributes_Weight\"><span class=\"label\">A\u011f\u0131rl\u0131k:<\/span>\u00a0<span class=\"value\" data-attribute=\"ItemAttributes_Weight\">70g<\/span><\/li>\n<li class=\"attribute6 ItemAttributes_UserManuals\"><span class=\"label\">\u039f\u03b4\u03b7\u03b3\u03af\u03b5\u03c2 \u03a7\u03c1\u03ae\u03c3\u03b7\u03c2:<\/span>\u00a0<span class=\"value\" data-attribute=\"ItemAttributes_UserManuals\">\u0395\u03bb\u03bb\u03b7\u03bd\u03b9\u03ba\u03ac, \u0391\u03b3\u03b3\u03bb\u03b9\u03ba\u03ac<\/span><\/li>\n<li class=\"attribute7 ItemAttributes_VariableWattageRange\"><span class=\"label\">\u03a1\u03cd\u03b8\u03bc\u03b9\u03c3\u03b7 \u03b9\u03c3\u03c7\u03cdo\u03c2:<\/span>\u00a0<span class=\"value\" data-attribute=\"ItemAttributes_VariableWattageRange\">\u03b1\u03c0\u03cc 5.0 \u03ad\u03c9\u03c2 80.0 Watts<\/span><\/li>\n<li class=\"attribute8 ItemAttributes_CoilRange\"><span class=\"label\">\u0391\u03bd\u03b1\u03b3\u03bd\u03ce\u03c1\u03b9\u03c3\u03b7 \u03b1\u03bd\u03c4\u03af\u03c3\u03c4\u03b1\u03c3\u03b7\u03c2:<\/span>\u00a0<span class=\"value\" data-attribute=\"ItemAttributes_CoilRange\">0.03 &#8211; 5ohm<\/span><\/li>\n<li class=\"attribute9 ItemAttributes_AtomizerThreading\"><span class=\"label\">\u0130plik:<\/span>\u00a0<span class=\"value\" data-attribute=\"ItemAttributes_AtomizerThreading\">510 \u03bc\u03b5 Spring Connector<\/span><\/li>\n<li class=\"attribute10 ItemAttributes_AvailableColors\"><span class=\"label\">Mevcut renkler:<\/span>\u00a0<span class=\"value\" data-attribute=\"ItemAttributes_AvailableColors\">\u039c\u03b1\u03cd\u03c1\u03bf, \u0391\u03c3\u03b7\u03bc\u03af, \u039c\u03c0\u03bb\u03b5, \u039a\u03cc\u03ba\u03ba\u03b9\u03bd\u03bf<\/span><\/li>\n<li class=\"attribute11 ItemAttributes_BatteryType_1\"><span class=\"label\">\u03a4\u03cd\u03c0\u03bf\u03c2 \u039c\u03c0\u03b1\u03c4\u03b1\u03c1\u03af\u03b1\u03c2:<\/span>\u00a0<span class=\"value\" data-attribute=\"ItemAttributes_BatteryType_1\">Volkswagen<\/span><\/li>\n<li class=\"attribute12 ItemAttributes_ModBatteryType\"><span class=\"label\">\u03a4\u03cd\u03c0\u03bf\u03c2 \u039c\u03c0\u03b1\u03c4\u03b1\u03c1\u03af\u03b1\u03c2:<\/span>\u00a0<span class=\"value\" data-attribute=\"ItemAttributes_ModBatteryType\">\u0391\u03c0\u03bf\u03c3\u03c0\u03ce\u03bc\u03b5\u03bd\u03b7<\/span><\/li>\n<\/ul>","protected":false},"excerpt":{"rendered":"<p>O\u00a0<strong>Ya\u011fma II<\/strong>, bu biridir<strong>\u00a0g\u00fc\u00e7l\u00fc<\/strong>,\u00a0<strong>rahat<\/strong>\u00a0Ve\u00a0<strong>kolay<\/strong>\u00a0modu kullan\u0131rken\u00a0<strong>G\u00fczel tasar\u0131m<\/strong>\u00a0Ve\u00a0<strong>m\u00fckemmel in\u015faat<\/strong>. Var\u00a0<strong>d\u00f6rt kat kaplama<\/strong>, \u00f6zellikle<strong>\u00a0yumu\u015fak his<\/strong>\u00a0bunu yapan\u00a0<strong>dayan\u0131kl\u0131<\/strong>\u00a0Gen gibi darbelere ve \u00e7izilmelere kar\u015f\u0131! B\u00fcy\u00fclemek i\u00e7in tasarland\u0131 ve dikkat \u00e7ekiyor\u00a0<strong>onun k\u00fc\u00e7\u00fck boyutu<\/strong>, ile b\u00fct\u00fcnl\u00fc\u011f\u00fcnde\u00a0<strong>e\u015fsiz estetik<\/strong>\u00a0ve benzersiz\u00a0<strong>hafifli\u011fi.<\/strong><\/p>","protected":false},"featured_media":13509,"template":"","meta":{"_acf_changed":false,"_kadence_starter_templates_imported_post":false,"_kad_post_transparent":"","_kad_post_title":"","_kad_post_layout":"","_kad_post_sidebar_id":"","_kad_post_content_style":"","_kad_post_vertical_padding":"","_kad_post_feature":"","_kad_post_feature_position":"","_kad_post_header":false,"_kad_post_footer":false},"product_cat":[508],"product_tag":[],"class_list":{"0":"post-13453","1":"product","2":"type-product","3":"status-publish","4":"has-post-thumbnail","6":"product_cat-apospomeni-mpataria","7":"product_shipping_class-mi-kapnika","9":"first","10":"outofstock","11":"taxable","12":"shipping-taxable","13":"product-type-variable","14":"entry","15":"content-bg","16":"loop-entry"},"acf":[],"_links":{"self":[{"href":"https:\/\/nicoteam.gr\/tr\/wp-json\/wp\/v2\/product\/13453","targetHints":{"allow":["GET"]}}],"collection":[{"href":"https:\/\/nicoteam.gr\/tr\/wp-json\/wp\/v2\/product"}],"about":[{"href":"https:\/\/nicoteam.gr\/tr\/wp-json\/wp\/v2\/types\/product"}],"wp:featuredmedia":[{"embeddable":true,"href":"https:\/\/nicoteam.gr\/tr\/wp-json\/wp\/v2\/media\/13509"}],"wp:attachment":[{"href":"https:\/\/nicoteam.gr\/tr\/wp-json\/wp\/v2\/media?parent=13453"}],"wp:term":[{"taxonomy":"product_cat","embeddable":true,"href":"https:\/\/nicoteam.gr\/tr\/wp-json\/wp\/v2\/product_cat?post=13453"},{"taxonomy":"product_tag","embeddable":true,"href":"https:\/\/nicoteam.gr\/tr\/wp-json\/wp\/v2\/product_tag?post=13453"}],"curies":[{"name":"wp","href":"https:\/\/api.w.org\/{rel}","templated":true}]}}