{"id":13448,"date":"2022-02-22T13:51:28","date_gmt":"2022-02-22T11:51:28","guid":{"rendered":"https:\/\/nicoteam.gr\/?post_type=product&#038;p=13448"},"modified":"2025-11-21T20:00:18","modified_gmt":"2025-11-21T18:00:18","slug":"justfog-minifit-kit-1-5ml","status":"publish","type":"product","link":"https:\/\/nicoteam.gr\/tr\/product\/justfog-minifit-kit-1-5ml\/","title":{"rendered":"Justfog Minifit Kiti 1.5ml"},"content":{"rendered":"<p>Minifit&#039;in toplam uzunlu\u011fu 7 cm&#039;yi a\u015fmazken, modelin toplam a\u011f\u0131rl\u0131\u011f\u0131 ise yaln\u0131zca 19,9 gramd\u0131r. Cihaz yaln\u0131zca iki ayr\u0131 par\u00e7adan olu\u015fuyor: Mikro USB kablosuyla \u015farj olabilen ve \u015farj s\u0131ras\u0131nda modelin ayn\u0131 anda kullan\u0131lmas\u0131na olanak tan\u0131yan 370mAh batarya ve kal\u0131c\u0131 olarak y\u00fcksek performansl\u0131 tat direncini b\u00fcnyesinde bar\u0131nd\u0131ran, s\u0131v\u0131yla doldurulmu\u015f 100% su ge\u00e7irmez ampul. ve hacim 1,6ohm&#039;da \u00f6l\u00e7\u00fcld\u00fc.<\/p>\n<p><strong>Ultra K\u00fc\u00e7\u00fck boyut, Maksimum kullan\u0131m kolayl\u0131\u011f\u0131, M\u00fckemmel performans.<\/strong><\/p>\n<p>Minifit ile k\u00fc\u00e7\u00fck bir elektronik sigara cihaz\u0131n\u0131 yeniden doldurmak ve kullanmak hi\u00e7 bu kadar kolay olmam\u0131\u015ft\u0131. Ampul\u00fcn alttan basit bir \u015fekilde a\u00e7\u0131lmas\u0131, yeniden doldurman\u0131za olanak tan\u0131rken, yar\u0131 saydam malzemesi, s\u0131v\u0131n\u0131z\u0131n seviyesini kolayca kontrol etmenize olanak tan\u0131r. Yeniden doldurduktan sonra kullan\u0131c\u0131n\u0131n tek yapmas\u0131 gereken, ampul\u00fc pile takmak ve y\u00fcksek performans\u0131n yumu\u015fak, ho\u015f bir inhalasyonunun keyfini \u00e7\u0131karmakt\u0131r.<\/p>\n<p><strong>Just Fog kalite \u00f6zellikleri<\/strong><\/p>\n<p>Kullan\u0131c\u0131 i\u00e7in hem tasar\u0131m hem de kullan\u0131m kolayl\u0131\u011f\u0131 a\u00e7\u0131s\u0131ndan m\u00fckemmel kalitede elektronik sigara \u00fcr\u00fcnleri \u00fcretmeyi ama\u00e7layan Just Fog \u015firketinin t\u00fcm felsefesi, yeni Just Fog MiniFit modeline de yans\u0131yor. Firma, basit bir dille, kullan\u0131c\u0131y\u0131 ek se\u00e7eneklerden mahrum b\u0131rakmadan, ayn\u0131 zamanda benzersiz bir performans-tat sonucu elde ederek, her k\u00fc\u00e7\u00fck detay\u0131nda kaliteyle \u00f6ne \u00e7\u0131kan bir elektronik sigara sunuyor.<\/p>\n<p><strong>Just Fog Minifit Kitinin teknik \u00f6zellikleri:<\/strong><\/p>\n<ul>\n<li>Pod tipi elektronik sigara<\/li>\n<li>Pil dengesi ekran\u0131<\/li>\n<li>Pil: 370 mah<\/li>\n<li>Kalan pil g\u00f6stergesi: 3 seviye<\/li>\n<li>B\u00f6lme Boyutlar\u0131: 21mm X 15mm X 70mm<\/li>\n<li>1.6ohm&#039;da organik pamuk malzemeli diren\u00e7<\/li>\n<li>Kaps\u00fcl a\u011f\u0131rl\u0131\u011f\u0131: 20g<\/li>\n<li>Kaps\u00fcl kapasitesi: 1,5 ml<\/li>\n<li>Mikro usb \u015farj portu<\/li>\n<li>Ge\u00e7i\u015f modu<\/li>\n<li>K\u0131sa devre korumas\u0131<\/li>\n<li>D\u00fc\u015f\u00fck \u015farj korumas\u0131<\/li>\n<li>A\u015f\u0131r\u0131 y\u00fckleme korumas\u0131<\/li>\n<li>Kesme\/kapama fonksiyonu 10 saniye<\/li>\n<li>S\u0131z\u0131nt\u0131 \u00f6nleme korumas\u0131<\/li>\n<\/ul>","protected":false},"excerpt":{"rendered":"<p>Just Fog, yepyeni modeliyle verileri tamamen de\u011fi\u015ftiren yeni, minik bir buharla\u015ft\u0131rma cihaz\u0131 sunuyor. Minifit, lider \u00fcreticinin \u00f6nceki modellerinde kar\u015f\u0131la\u015ft\u0131\u011f\u0131m\u0131z ayn\u0131 kalite hissini kullan\u0131mda sunabilen ve sunan ilk Pod elektronik sigara cihaz\u0131d\u0131r. T\u00fcm Pod cihazlarda oldu\u011fu gibi Minifit&#039;te de kullan\u0131c\u0131, cihaz\u0131n inan\u0131lmaz derecede k\u00fc\u00e7\u00fck a\u011f\u0131rl\u0131\u011f\u0131 ve boyutlar\u0131n\u0131n sundu\u011fu g\u00fcnl\u00fck kullan\u0131m konforunun keyfini \u00e7\u0131kar\u0131yor.<\/p>","protected":false},"featured_media":13452,"template":"","meta":{"_acf_changed":false,"_kadence_starter_templates_imported_post":false,"_kad_post_transparent":"","_kad_post_title":"","_kad_post_layout":"","_kad_post_sidebar_id":"","_kad_post_content_style":"","_kad_post_vertical_padding":"","_kad_post_feature":"","_kad_post_feature_position":"","_kad_post_header":false,"_kad_post_footer":false},"product_cat":[512],"product_tag":[],"class_list":{"0":"post-13448","1":"product","2":"type-product","3":"status-publish","4":"has-post-thumbnail","6":"product_cat-ensomatomeni-mpataria-kits","7":"product_shipping_class-mi-kapnika","9":"first","10":"instock","11":"taxable","12":"shipping-taxable","13":"purchasable","14":"product-type-variable","15":"entry","16":"content-bg","17":"loop-entry"},"acf":[],"_links":{"self":[{"href":"https:\/\/nicoteam.gr\/tr\/wp-json\/wp\/v2\/product\/13448","targetHints":{"allow":["GET"]}}],"collection":[{"href":"https:\/\/nicoteam.gr\/tr\/wp-json\/wp\/v2\/product"}],"about":[{"href":"https:\/\/nicoteam.gr\/tr\/wp-json\/wp\/v2\/types\/product"}],"wp:featuredmedia":[{"embeddable":true,"href":"https:\/\/nicoteam.gr\/tr\/wp-json\/wp\/v2\/media\/13452"}],"wp:attachment":[{"href":"https:\/\/nicoteam.gr\/tr\/wp-json\/wp\/v2\/media?parent=13448"}],"wp:term":[{"taxonomy":"product_cat","embeddable":true,"href":"https:\/\/nicoteam.gr\/tr\/wp-json\/wp\/v2\/product_cat?post=13448"},{"taxonomy":"product_tag","embeddable":true,"href":"https:\/\/nicoteam.gr\/tr\/wp-json\/wp\/v2\/product_tag?post=13448"}],"curies":[{"name":"wp","href":"https:\/\/api.w.org\/{rel}","templated":true}]}}