{"id":13446,"date":"2022-02-22T13:54:47","date_gmt":"2022-02-22T11:54:47","guid":{"rendered":"https:\/\/nicoteam.gr\/?post_type=product&#038;p=13446"},"modified":"2023-08-28T10:20:33","modified_gmt":"2023-08-28T08:20:33","slug":"flat-drip-tip-510","status":"publish","type":"product","link":"https:\/\/nicoteam.gr\/tr\/product\/flat-drip-tip-510\/","title":{"rendered":"D\u00fcz Damlama Ucu 510"},"content":{"rendered":"","protected":false},"excerpt":{"rendered":"<p>Tip 510 d\u00fcz u\u00e7lu a\u011f\u0131zl\u0131k<\/p>","protected":false},"featured_media":0,"template":"","meta":{"_acf_changed":false,"_kadence_starter_templates_imported_post":false,"_kad_post_transparent":"","_kad_post_title":"","_kad_post_layout":"","_kad_post_sidebar_id":"","_kad_post_content_style":"","_kad_post_vertical_padding":"","_kad_post_feature":"","_kad_post_feature_position":"","_kad_post_header":false,"_kad_post_footer":false},"product_cat":[510],"product_tag":[],"class_list":{"0":"post-13446","1":"product","2":"type-product","3":"status-publish","5":"product_cat-drip-tips","6":"product_shipping_class-mi-kapnika","8":"first","9":"instock","10":"taxable","11":"shipping-taxable","12":"purchasable","13":"product-type-simple","14":"entry","15":"content-bg","16":"loop-entry"},"acf":[],"_links":{"self":[{"href":"https:\/\/nicoteam.gr\/tr\/wp-json\/wp\/v2\/product\/13446","targetHints":{"allow":["GET"]}}],"collection":[{"href":"https:\/\/nicoteam.gr\/tr\/wp-json\/wp\/v2\/product"}],"about":[{"href":"https:\/\/nicoteam.gr\/tr\/wp-json\/wp\/v2\/types\/product"}],"wp:attachment":[{"href":"https:\/\/nicoteam.gr\/tr\/wp-json\/wp\/v2\/media?parent=13446"}],"wp:term":[{"taxonomy":"product_cat","embeddable":true,"href":"https:\/\/nicoteam.gr\/tr\/wp-json\/wp\/v2\/product_cat?post=13446"},{"taxonomy":"product_tag","embeddable":true,"href":"https:\/\/nicoteam.gr\/tr\/wp-json\/wp\/v2\/product_tag?post=13446"}],"curies":[{"name":"wp","href":"https:\/\/api.w.org\/{rel}","templated":true}]}}