{"id":13444,"date":"2022-02-22T13:42:46","date_gmt":"2022-02-22T11:42:46","guid":{"rendered":"https:\/\/nicoteam.gr\/?post_type=product&#038;p=13444"},"modified":"2024-05-08T09:08:25","modified_gmt":"2024-05-08T07:08:25","slug":"teslacigs-box-nano-120w","status":"publish","type":"product","link":"https:\/\/nicoteam.gr\/tr\/product\/teslacigs-box-nano-120w\/","title":{"rendered":"Teslacigs Kutusu Nano 120W"},"content":{"rendered":"<p>Ayn\u0131 zamanda TC ve TCR fonksiyonuna da sahiptir. G\u00f6vdesi g\u00fczel, kabartmal\u0131 bir tasar\u0131ma sahip \u00e7inko ala\u015f\u0131m\u0131ndan yap\u0131lm\u0131\u015ft\u0131r. Tesla 120, onu daha da g\u00fcvenli ve \u00f6zel k\u0131lan fiziksel bir A\u00e7ma\/Kapama d\u00fc\u011fmesi kilidine sahiptir.B\u00fcy\u00fck d\u00fc\u011fmesi, modun \u00fcst k\u0131sm\u0131ndaki kavisli \u00fczerine ergonomik olarak yerle\u015ftirilmi\u015ftir.<\/p>\n<p>&nbsp;<\/p>\n<p><iframe loading=\"lazy\" title=\"YouTube video oynat\u0131c\u0131s\u0131\" src=\"https:\/\/www.youtube.com\/embed\/qIzwUYQShvU\" width=\"800\" height=\"500\" frameborder=\"0\" allowfullscreen=\"allowfullscreen\"><span data-mce-type=\"bookmark\" style=\"display: inline-block; width: 0px; overflow: hidden; line-height: 0;\" class=\"mce_SELRES_start\"><\/span><\/iframe><\/p>","protected":false},"excerpt":{"rendered":"<p>Tesla Nano serisi bir ba\u015fka Steampunk moduyla geri d\u00f6nd\u00fc \u2013 elektronik sigara! Bu sefer Tesla nano 120, 2 adet 18650 pili (dahil DE\u011e\u0130LD\u0130R) kabul ediyor ve 120W&#039;a ula\u015f\u0131yor.<\/p>","protected":false},"featured_media":13445,"template":"","meta":{"_acf_changed":false,"_kadence_starter_templates_imported_post":false,"_kad_post_transparent":"","_kad_post_title":"","_kad_post_layout":"","_kad_post_sidebar_id":"","_kad_post_content_style":"","_kad_post_vertical_padding":"","_kad_post_feature":"","_kad_post_feature_position":"","_kad_post_header":false,"_kad_post_footer":false},"product_cat":[508],"product_tag":[],"class_list":{"0":"post-13444","1":"product","2":"type-product","3":"status-publish","4":"has-post-thumbnail","6":"product_cat-apospomeni-mpataria","7":"product_shipping_class-mi-kapnika","9":"first","10":"outofstock","11":"sale","12":"taxable","13":"shipping-taxable","14":"purchasable","15":"product-type-simple","16":"entry","17":"content-bg","18":"loop-entry"},"acf":[],"_links":{"self":[{"href":"https:\/\/nicoteam.gr\/tr\/wp-json\/wp\/v2\/product\/13444","targetHints":{"allow":["GET"]}}],"collection":[{"href":"https:\/\/nicoteam.gr\/tr\/wp-json\/wp\/v2\/product"}],"about":[{"href":"https:\/\/nicoteam.gr\/tr\/wp-json\/wp\/v2\/types\/product"}],"wp:featuredmedia":[{"embeddable":true,"href":"https:\/\/nicoteam.gr\/tr\/wp-json\/wp\/v2\/media\/13445"}],"wp:attachment":[{"href":"https:\/\/nicoteam.gr\/tr\/wp-json\/wp\/v2\/media?parent=13444"}],"wp:term":[{"taxonomy":"product_cat","embeddable":true,"href":"https:\/\/nicoteam.gr\/tr\/wp-json\/wp\/v2\/product_cat?post=13444"},{"taxonomy":"product_tag","embeddable":true,"href":"https:\/\/nicoteam.gr\/tr\/wp-json\/wp\/v2\/product_tag?post=13444"}],"curies":[{"name":"wp","href":"https:\/\/api.w.org\/{rel}","templated":true}]}}