{"id":13398,"date":"2022-02-22T12:20:46","date_gmt":"2022-02-22T10:20:46","guid":{"rendered":"https:\/\/nicoteam.gr\/?post_type=product&#038;p=13398"},"modified":"2025-10-18T11:26:29","modified_gmt":"2025-10-18T09:26:29","slug":"joyetech-exceed-grip-kit-2ml","status":"publish","type":"product","link":"https:\/\/nicoteam.gr\/tr\/product\/joyetech-exceed-grip-kit-2ml\/","title":{"rendered":"Joyetech A\u015f\u0131nma Kavrama Kiti 2ml"},"content":{"rendered":"<p>\u0388\u03c7\u03b5\u03b9 \u03b5\u03bd\u03c3\u03c9\u03bc\u03b1\u03c4\u03c9\u03bc\u03ad\u03bd\u03b7 \u03bc\u03c0\u03b1\u03c4\u03b1\u03c1\u03af\u03b1 1000mAh \u03ba\u03b1\u03b9 \u03bc\u03ad\u03b3\u03b9\u03c3\u03c4\u03b7 \u03b9\u03c3\u03c7\u03cd 20W, \u03b5\u03be\u03b1\u03c3\u03c6\u03b1\u03bb\u03af\u03b6\u03bf\u03bd\u03c4\u03b1\u03c2 \u03ad\u03c4\u03c3\u03b9 \u03c3\u03c4\u03bf\u03bd \u03c7\u03c1\u03ae\u03c3\u03c4\u03b7 \u03b1\u03c5\u03c4\u03bf\u03bd\u03bf\u03bc\u03af\u03b1 \u03bc\u03c0\u03b1\u03c4\u03b1\u03c1\u03af\u03b1\u03c2 \u03b3\u03b9\u03b1 \u03cc\u03bb\u03b7 \u03c4\u03b7\u03bd \u03b4\u03b9\u03ac\u03c1\u03ba\u03b5\u03b9\u03b1 \u03c4\u03b7\u03c2 \u03b7\u03bc\u03ad\u03c1\u03b1\u03c2. \u03a4\u03bf Exceed Grip \u03b4\u03b9\u03b1\u03b8\u03ad\u03c4\u03b5\u03b9 \u03c4\u03b7\u03bd \u03ba\u03b1\u03b9\u03bd\u03bf\u03c4\u03cc\u03bc\u03bf \u03c4\u03b5\u03c7\u03bd\u03bf\u03bb\u03bf\u03b3\u03af\u03b1 DBP (Dry Burn Protection) \u03c0\u03bf\u03c5 \u03b2\u03b1\u03c3\u03af\u03b6\u03b5\u03c4\u03b1\u03b9 \u03c3\u03c4\u03b7\u03bd \u03c4\u03b5\u03c7\u03bd\u03bf\u03bb\u03bf\u03b3\u03af\u03b1 \u0391\u03c5\u03c4\u03cc\u03bc\u03b1\u03c4\u03bf\u03c5 \u0395\u03bb\u03ad\u03b3\u03c7\u03bf\u03c5 \u0398\u03b5\u03c1\u03bc\u03bf\u03ba\u03c1\u03b1\u03c3\u03af\u03b1\u03c2, \u03bc\u03b9\u03b1 \u03bd\u03ad\u03b1 \u03c4\u03b5\u03c7\u03bd\u03bf\u03bb\u03bf\u03b3\u03af\u03b1 \u03c0\u03bf\u03c5 \u03b1\u03c0\u03bf\u03c4\u03c1\u03ad\u03c0\u03b5\u03b9 \u03b1\u03be\u03b9\u03cc\u03c0\u03b9\u03c3\u03c4\u03b1 \u03c4\u03bf Dry Burn, \u03b5\u03be\u03b1\u03c3\u03c6\u03b1\u03bb\u03af\u03b6\u03bf\u03bd\u03c4\u03b1\u03c2 \u03c3\u03c4\u03b1\u03b8\u03b5\u03c1\u03ae \u03b1\u03c0\u03cc\u03b4\u03bf\u03c3\u03b7 \u03b3\u03b5\u03cd\u03c3\u03b7\u03c2 \u03ba\u03b1\u03b9 \u03b1\u03c3\u03c6\u03ac\u03bb\u03b5\u03b9\u03b1 \u03c3\u03c4\u03bf\u03bd \u03c7\u03c1\u03ae\u03c3\u03c4\u03b7.<\/p>\n<p>\u03a3\u03c7\u03b5\u03c4\u03b9\u03ba\u03ac \u03bc\u03b5 \u03c4\u03b7\u03bd \u03ba\u03b1\u03c4\u03b1\u03c3\u03ba\u03b5\u03c5\u03ae \u03c4\u03bf\u03c5, \u03c7\u03c1\u03b7\u03c3\u03b9\u03bc\u03bf\u03c0\u03bf\u03b9\u03b5\u03af\u03c4\u03b1\u03b9 \u03c4\u03bf IML (In Molding Label): \u0395\u03af\u03bd\u03b1\u03b9 \u03bc\u03b9\u03b1 \u03c0\u03bf\u03bb\u03cd \u03b4\u03b7\u03bc\u03bf\u03c6\u03b9\u03bb\u03ae\u03c2 \u03ba\u03b1\u03b9 \u03c0\u03c1\u03bf\u03b7\u03b3\u03bc\u03ad\u03bd\u03b7 \u03c4\u03b5\u03c7\u03bd\u03bf\u03bb\u03bf\u03b3\u03af\u03b1 \u03b5\u03c0\u03b5\u03be\u03b5\u03c1\u03b3\u03b1\u03c3\u03af\u03b1\u03c2 \u03b5\u03c0\u03b9\u03c6\u03b1\u03bd\u03b5\u03b9\u03ce\u03bd, \u03c0\u03bf\u03c5 \u03bc\u03c0\u03bf\u03c1\u03b5\u03af \u03bd\u03b1 \u03ba\u03ac\u03bd\u03b5\u03b9 \u03c4\u03bf \u03c7\u03c1\u03ce\u03bc\u03b1 \u03c0\u03b9\u03bf \u03c6\u03c9\u03c4\u03b5\u03b9\u03bd\u03cc, \u03c0\u03b1\u03c1\u03ad\u03c7\u03bf\u03bd\u03c4\u03b1\u03c2 \u03b5\u03c0\u03b9\u03c0\u03bb\u03ad\u03bf\u03bd \u03ba\u03b1\u03bb\u03cd\u03c4\u03b5\u03c1\u03b7 \u03b1\u03bd\u03c4\u03bf\u03c7\u03ae \u03c3\u03b5 \u03c3\u03ba\u03cc\u03bd\u03b7, \u03c5\u03b3\u03c1\u03b1\u03c3\u03af\u03b1 \u03ba\u03b1\u03b9 \u03b3\u03c1\u03b1\u03c4\u03b6\u03bf\u03c5\u03bd\u03b9\u03ad\u03c2. \u0397 \u03c3\u03c5\u03c3\u03ba\u03b5\u03c5\u03ae \u03bc\u03b1\u03c2 \u03b4\u03af\u03bd\u03b5\u03b9 \u03c4\u03b7\u03bd \u03b5\u03c0\u03b9\u03bb\u03bf\u03b3\u03ae \u03b1\u03bd\u03ac\u03bc\u03b5\u03c3\u03b1 \u03c3\u03b5 \u03b4\u03c5\u03bf \u03b4\u03b5\u03be\u03b1\u03bc\u03b5\u03bd\u03ad\u03c2, \u03c4\u03b7\u03bd \u03b4\u03b5\u03be\u03b1\u03bc\u03b5\u03bd\u03ae \u03bc\u03b5 \u03b4\u03c5\u03bd\u03b1\u03c4\u03cc\u03c4\u03b7\u03c4\u03b1 \u03bd\u03b1 \u03b4\u03ad\u03c7\u03b5\u03c4\u03b1\u03b9 \u03ad\u03c4\u03bf\u03b9\u03bc\u03b5\u03c2 \u03b1\u03bd\u03c4\u03b9\u03c3\u03c4\u03ac\u03c3\u03b5\u03b9\u03c2 EX-M 0.4 ohm \u03ba\u03b1\u03b9 \u03ad\u03bd\u03b1 pod \u03bc\u03af\u03b1\u03c2 \u03c7\u03c1\u03ae\u03c3\u03b7\u03c2 \u03bc\u03b5 \u03b5\u03bd\u03c3\u03c9\u03bc\u03b1\u03c4\u03c9\u03bc\u03ad\u03bd\u03b7 \u03b1\u03bd\u03c4\u03af\u03c3\u03c4\u03b1\u03c3\u03b7 Mesh 0.8 ohm. \u039f\u03b9 \u03b4\u03c5\u03bf \u03b4\u03b5\u03be\u03b1\u03bc\u03b5\u03bd\u03ad\u03c2 \u03c7\u03c1\u03b7\u03c3\u03b9\u03bc\u03bf\u03c0\u03bf\u03b9\u03bf\u03cd\u03bd \u03c4\u03bf \u03bd\u03ad\u03bf mesh \u03b2\u03b1\u03bc\u03b2\u03ac\u03ba\u03b9, \u03c4\u03bf \u03bf\u03c0\u03bf\u03af\u03bf \u03c0\u03b1\u03c1\u03ac\u03b3\u03b5\u03c4\u03b1\u03b9 \u03b1\u03c0\u03cc \u03c6\u03c5\u03c4\u03b9\u03ba\u03ad\u03c2 \u03af\u03bd\u03b5\u03c2 \u03ba\u03b1\u03b9 \u03b1\u03c0\u03bf\u03c1\u03c1\u03bf\u03c6\u03ac \u03c4\u03b1\u03c7\u03cd\u03c4\u03b5\u03c1\u03b1 \u03c4\u03bf \u03c5\u03b3\u03c1\u03cc \u03b1\u03bd\u03b1\u03c0\u03bb\u03ae\u03c1\u03c9\u03c3\u03b7\u03c2, \u03b3\u03b9\u03b1 \u03ba\u03b1\u03b8\u03b1\u03c1\u03ae \u03b3\u03b5\u03cd\u03c3\u03b7 \u03bc\u03b5 \u03c3\u03c9\u03c3\u03c4\u03ae \u03b1\u03c0\u03cc\u03b4\u03bf\u03c3\u03b7 \u03c4\u03c9\u03bd \u03b1\u03c1\u03c9\u03bc\u03ac\u03c4\u03c9\u03bd.<\/p>\n<p>\u03a4\u03bf airflow \u03c4\u03b7\u03c2 \u03b4\u03b5\u03be\u03b1\u03bc\u03b5\u03bd\u03ae \u03bc\u03b5 \u03c4\u03b7\u03bd \u03b1\u03bd\u03c4\u03b9\u03ba\u03b1\u03c4\u03b1\u03c3\u03c4\u03ac\u03c3\u03b9\u03bc\u03b7\u00a0<em>rezistans<\/em>\u00a0\u03b8\u03c5\u03bc\u03af\u03b6\u03b5\u03b9 \u03c0\u03b5\u03c1\u03b9\u03c3\u03c3\u03cc\u03c4\u03b5\u03c1\u03bf \u03c0\u03bd\u03b5\u03c5\u03bc\u03bf\u03bd\u03b9\u03ba\u03ae \u03c4\u03b6\u03bf\u03cd\u03c1\u03b1 (DL) \u03bb\u03cc\u03b3\u03bf \u03c4\u03bf\u03c5 \u03c0\u03bf\u03b9\u03bf \u03b1\u03bd\u03bf\u03b9\u03c7\u03c4\u03bf\u03cd \u03b1\u03b5\u03c1\u03b1\u03b3\u03c9\u03b3\u03bf\u03cd \u03c0\u03bf\u03c5 \u03b4\u03b9\u03b1\u03b8\u03ad\u03c4\u03b5\u03b9, \u03b5\u03bd\u03ce \u03b7 \u03b4\u03b5\u03be\u03b1\u03bc\u03b5\u03bd\u03ae pod \u03b4\u03b9\u03b1\u03b8\u03ad\u03c4\u03b5\u03b9 \u03c0\u03b9\u03bf \u03c3\u03c4\u03b5\u03bd\u03cc \u03b1\u03b5\u03c1\u03b1\u03b3\u03c9\u03b3\u03cc \u03b4\u03b7\u03bc\u03b9\u03bf\u03c5\u03c1\u03b3\u03ce\u03bd\u03c4\u03b1\u03c2 \u03ad\u03c4\u03c3\u03b9 \u03c4\u03c3\u03b9\u03b3\u03b1\u03c1\u03af\u03c3\u03b9\u03b1 \u03c4\u03b6\u03bf\u03cd\u03c1\u03b1 (MTL). \u0397 \u03c6\u03cc\u03c1\u03c4\u03b9\u03c3\u03b7 \u03c4\u03b7\u03c2 \u03c3\u03c5\u03c3\u03ba\u03b5\u03c5\u03ae \u03b3\u03af\u03bd\u03b5\u03c4\u03b1\u03b9 \u03c3\u03c5\u03bd\u03b4\u03ad\u03bf\u03bd\u03c4\u03ac\u03c2 \u03c4\u03b7\u03bd \u03bc\u03b5 \u03c5\u03c0\u03bf\u03bb\u03bf\u03b3\u03b9\u03c3\u03c4\u03ae \u03ae \u03bc\u03b5 \u03b1\u03bd\u03c4\u03ac\u03c0\u03c4\u03bf\u03c1\u03b1 \u03c4\u03bf\u03af\u03c7\u03bf\u03c5 (\u03ad\u03be\u03bf\u03b4\u03bf\u03c2 DC: 5V) \u03bc\u03ad\u03c3\u03c9 \u03ba\u03b1\u03bb\u03c9\u03b4\u03af\u03bf\u03c5 USB. \u0397 \u03bb\u03c5\u03c7\u03bd\u03af\u03b1 \u03b5\u03af\u03bd\u03b1\u03b9 \u03ba\u03cc\u03ba\u03ba\u03b9\u03bd\u03b7 \u03ba\u03b1\u03c4\u03ac \u03c4\u03b7 \u03c6\u03cc\u03c1\u03c4\u03b9\u03c3\u03b7 \u03ba\u03b1\u03b9 \u03c3\u03b2\u03ae\u03bd\u03b5\u03b9 \u03bc\u03b5\u03c4\u03ac \u03b1\u03c0\u03cc \u03c0\u03bb\u03ae\u03c1\u03b7 \u03c6\u03cc\u03c1\u03c4\u03b9\u03c3\u03b7. \u03a5\u03c0\u03bf\u03b4\u03b5\u03b9\u03ba\u03bd\u03cd\u03b5\u03b9 \u03b5\u03c0\u03af\u03c3\u03b7\u03c2 \u03c4\u03b7 \u03b4\u03b9\u03ac\u03c1\u03ba\u03b5\u03b9\u03b1 \u03b6\u03c9\u03ae\u03c2 \u03c4\u03b7\u03c2 \u03bc\u03c0\u03b1\u03c4\u03b1\u03c1\u03af\u03b1\u03c2 \u03bc\u03b5 \u03b4\u03b9\u03b1\u03c6\u03bf\u03c1\u03b5\u03c4\u03b9\u03ba\u03ac \u03c7\u03c1\u03ce\u03bc\u03b1\u03c4\u03b1:<\/p>\n<p><em>\u039b\u03b5\u03c5\u03ba\u03cc<\/em>\u00a0&gt; 20% \u03b4\u03b9\u03ac\u03c1\u03ba\u03b5\u03b9\u03b1 \u03bc\u03c0\u03b1\u03c4\u03b1\u03c1\u03af\u03b1\u03c2<br \/>\n<em>\u039a\u03cc\u03ba\u03ba\u03b9\u03bd\u03bf<\/em>\u00a0&lt; 20% \u03b4\u03b9\u03ac\u03c1\u03ba\u03b5\u03b9\u03b1 \u03bc\u03c0\u03b1\u03c4\u03b1\u03c1\u03af\u03b1\u03c2<\/p>\n<p><strong>\u03a0\u03bb\u03ae\u03c1\u03b5\u03b9\u03c2 \u0394\u03b9\u03b1\u03c3\u03c4\u03ac\u03c3\u03b5\u03b9\u03c2 \u03a0\u03c1\u03bf\u03ca\u03cc\u03bd\u03c4\u03bf\u03c2:<\/strong>\u00a040mm x 21mm x 74mm<\/p>\n<ul>\n<li>\u0395\u03bd\u03c3\u03c9\u03bc\u03b1\u03c4\u03c9\u03bc\u03ad\u03bd\u03b7 \u039c\u03c0\u03b1\u03c4\u03b1\u03c1\u03af\u03b1: 1000mAh<\/li>\n<li>\u039c\u03ad\u03b3\u03b9\u03c3\u03c4\u03b7 \u0399\u03c3\u03c7\u03cd\u03c2 \u0395\u03be\u03cc\u03b4\u03bf\u03c5: 20W<\/li>\n<li>\u0394\u03b5\u03be\u03b1\u03bc\u03b5\u03bd\u03ae: 4.5ml, \u03bc\u03b5 \u03b1\u03bd\u03c4\u03af\u03c3\u03c4\u03b1\u03c3\u03b7 EX-M 0.4ohm<\/li>\n<li>\u0394\u03b5\u03be\u03b1\u03bc\u03b5\u03bd\u03ae Pod: 3.5ml, \u03bc\u03b5 \u03b5\u03bd\u03c3\u03c9\u03bc\u03b1\u03c4\u03c9\u03bc\u03ad\u03bd\u03b7 \u03b1\u03bd\u03c4\u03af\u03c3\u03c4\u03b1\u03c3\u03b7 0.8ohm<\/li>\n<\/ul>\n<p><iframe loading=\"lazy\" title=\"YouTube video oynat\u0131c\u0131s\u0131\" src=\"https:\/\/www.youtube.com\/embed\/ix3TRkeAm8M\" width=\"800\" height=\"500\" frameborder=\"0\" allowfullscreen=\"allowfullscreen\"><span data-mce-type=\"bookmark\" style=\"display: inline-block; width: 0px; overflow: hidden; line-height: 0;\" class=\"mce_SELRES_start\"><\/span><span data-mce-type=\"bookmark\" style=\"display: inline-block; width: 0px; overflow: hidden; line-height: 0;\" class=\"mce_SELRES_start\"><\/span><\/iframe><\/p>","protected":false},"excerpt":{"rendered":"<p>\u03a4\u03bf\u00a0<em><strong>Kavramay\u0131 A\u015fmak<\/strong><\/em>\u00a0by Joyetech, k\u00fc\u00e7\u00fck boyutu, sa\u011flam yap\u0131s\u0131 ve elbette etkileyici tasar\u0131m\u0131yla \u00f6ne \u00e7\u0131kan Exceed ailesinin en yeni \u00fcyesi. Cihaz, renkli \u00e7ift IML Panelleri ve rahat tutma yeri ile klasik bir Kutu tasar\u0131m\u0131na sahiptir.<\/p>","protected":false},"featured_media":13402,"template":"","meta":{"_acf_changed":false,"_kadence_starter_templates_imported_post":false,"_kad_post_transparent":"","_kad_post_title":"","_kad_post_layout":"","_kad_post_sidebar_id":"","_kad_post_content_style":"","_kad_post_vertical_padding":"","_kad_post_feature":"","_kad_post_feature_position":"","_kad_post_header":false,"_kad_post_footer":false},"product_cat":[512],"product_tag":[],"class_list":{"0":"post-13398","1":"product","2":"type-product","3":"status-publish","4":"has-post-thumbnail","6":"product_cat-ensomatomeni-mpataria-kits","7":"product_shipping_class-mi-kapnika","9":"first","10":"instock","11":"taxable","12":"shipping-taxable","13":"purchasable","14":"product-type-variable","15":"entry","16":"content-bg","17":"loop-entry"},"acf":[],"_links":{"self":[{"href":"https:\/\/nicoteam.gr\/tr\/wp-json\/wp\/v2\/product\/13398","targetHints":{"allow":["GET"]}}],"collection":[{"href":"https:\/\/nicoteam.gr\/tr\/wp-json\/wp\/v2\/product"}],"about":[{"href":"https:\/\/nicoteam.gr\/tr\/wp-json\/wp\/v2\/types\/product"}],"wp:featuredmedia":[{"embeddable":true,"href":"https:\/\/nicoteam.gr\/tr\/wp-json\/wp\/v2\/media\/13402"}],"wp:attachment":[{"href":"https:\/\/nicoteam.gr\/tr\/wp-json\/wp\/v2\/media?parent=13398"}],"wp:term":[{"taxonomy":"product_cat","embeddable":true,"href":"https:\/\/nicoteam.gr\/tr\/wp-json\/wp\/v2\/product_cat?post=13398"},{"taxonomy":"product_tag","embeddable":true,"href":"https:\/\/nicoteam.gr\/tr\/wp-json\/wp\/v2\/product_tag?post=13398"}],"curies":[{"name":"wp","href":"https:\/\/api.w.org\/{rel}","templated":true}]}}