{"id":13380,"date":"2022-02-22T11:57:12","date_gmt":"2022-02-22T09:57:12","guid":{"rendered":"https:\/\/nicoteam.gr\/?post_type=product&#038;p=13380"},"modified":"2023-08-28T10:20:34","modified_gmt":"2023-08-28T08:20:34","slug":"joyetech-espion-solo-21700-mod-80w-black","status":"publish","type":"product","link":"https:\/\/nicoteam.gr\/tr\/product\/joyetech-espion-solo-21700-mod-80w-black\/","title":{"rendered":"Joyetech Espion Solo 21700 Mod 80W \u2013 G\u00f6z Kama\u015ft\u0131r\u0131c\u0131"},"content":{"rendered":"<p>\u03a9\u03c2 \u03c0\u03b5\u03c1\u03b9\u03bf\u03c1\u03b9\u03c3\u03bc\u03ad\u03bd\u03b7 \u03ad\u03ba\u03b4\u03bf\u03c3\u03b7 \u03c4\u03b7\u03c2 10\u03b7\u03c2 \u03b5\u03c0\u03b5\u03c4\u03b5\u03af\u03bf\u03c5, \u03c4\u03bf ESPION Solo \u03c4\u03b7\u03c2 Joyetech \u03b5\u03af\u03bd\u03b1\u03b9 \u03ad\u03bd\u03b1\u00a0<strong>\u03b1\u03c1\u03b9\u03c3\u03c4\u03bf\u03cd\u03c1\u03b3\u03b7\u03bc\u03b1<\/strong>. \u03a4\u03bf ESPION Solo \u03ad\u03c7\u03b5\u03b9 \u03b9\u03c3\u03c7\u03cd 80W \u03ba\u03b1\u03b9 \u03bc\u03b1\u03b6\u03af \u03bc\u03b5 \u03bc\u03b9\u03b1 \u03c3\u03b5\u03b9\u03c1\u03ac\u00a0<strong>\u03bc\u03bf\u03bd\u03b1\u03b4\u03b9\u03ba\u03ce\u03bd \u03c7\u03b1\u03c1\u03b1\u03ba\u03c4\u03b7\u03c1\u03b9\u03c3\u03c4\u03b9\u03ba\u03ce\u03bd<\/strong>\u00a0\u03c0\u03bf\u03c5 \u03b4\u03b9\u03b1\u03b8\u03ad\u03c4\u03b5\u03b9 \u03c4\u03bf \u03ba\u03b1\u03b8\u03b9\u03c3\u03c4\u03bf\u03cd\u03bd \u03ad\u03bd\u03b1 \u03bc\u03bf\u03bd\u03b1\u03b4\u03b9\u03ba\u03cc Mod \u03b3\u03b9\u03b1 \u03cc\u03bb\u03bf\u03c5\u03c2 \u03c4\u03bf\u03c5\u03c2 \u03bf\u03c0\u03b1\u03b4\u03bf\u03cd\u03c2 \u03c4\u03b7\u03c2 Joyetech \u03ba\u03b1\u03b9 \u03cc\u03c7\u03b9 \u03bc\u03cc\u03bd\u03bf.<\/p>\n<p>\u03a4\u03bf \u03c0\u03b1\u03ba\u03ad\u03c4\u03bf \u03b4\u03b5\u03bd \u03c0\u03b5\u03c1\u03b9\u03ad\u03c7\u03b5\u03b9 \u03bc\u03c0\u03b1\u03c4\u03b1\u03c1\u03af\u03b1.<\/p>\n<p><strong>\u03a7\u03b1\u03c1\u03b1\u03ba\u03c4\u03b7\u03c1\u03b9\u03c3\u03c4\u03b9\u03ba\u03ac \u03ba\u03b1\u03b9 \u03c0\u03c1\u03bf\u03b4\u03b9\u03b1\u03b3\u03c1\u03b1\u03c6\u03ad\u03c2 ESPION Solo \u03c4\u03b7\u03c2 Joyetech:<\/strong><br \/>\n\u03a4\u03cd\u03c0\u03bf\u03c2 \u03bf\u03b8\u03cc\u03bd\u03b7\u03c2: \u039f\u03b8\u03cc\u03bd\u03b7 \u03b1\u03c6\u03ae\u03c2 OLED 1.3 \u03b9\u03bd\u03c4\u03c3\u03ce\u03bd<br \/>\n\u039c\u03ad\u03b3\u03b5\u03b8\u03bf\u03c2 \u03bf\u03b8\u03cc\u03bd\u03b7\u03c2: 64 * 128 px<br \/>\n\u039c\u03ad\u03b3\u03b9\u03c3\u03c4\u03b7 \u03b9\u03c3\u03c7\u03cd \u03b5\u03be\u03cc\u03b4\u03bf\u03c5: 1-80W<br \/>\n\u039b\u03b5\u03b9\u03c4\u03bf\u03c5\u03c1\u03b3\u03af\u03b5\u03c2: Power \/ RTC \/ Bypass \/ TC (Ni, Ti, SS316) \/ TCR<br \/>\n\u0395\u03cd\u03c1\u03bf\u03c2 \u03b1\u03bd\u03c4\u03af\u03c3\u03c4\u03b1\u03c3\u03b7\u03c2: 0,05-1,5ohm \u03b3\u03b9\u03b1 \u03bb\u03b5\u03b9\u03c4\u03bf\u03c5\u03c1\u03b3\u03af\u03b1 TC \/ TCR \u03ba\u03b1\u03af 0,1-3,5ohm \u03b3\u03b9\u03b1 \u03bb\u03b5\u03b9\u03c4\u03bf\u03c5\u03c1\u03b3\u03af\u03b1 Power<br \/>\n\u0395\u03cd\u03c1\u03bf\u03c2 \u03b8\u03b5\u03c1\u03bc\u03bf\u03ba\u03c1\u03b1\u03c3\u03af\u03b1\u03c2: 100-315 \u00b0 C \/ 200-600 \u00b0 F<br \/>\n\u03a4\u03cd\u03c0\u03bf\u03c2 \u03bc\u03c0\u03b1\u03c4\u03b1\u03c1\u03af\u03b1\u03c2: 1*21700 \u03ae 1*18650<br \/>\n\u039c\u03ad\u03b3\u03b9\u03c3\u03c4\u03bf \u03c1\u03b5\u03cd\u03bc\u03b1 \u03c6\u03cc\u03c1\u03c4\u03b9\u03c3\u03b7\u03c2: 2\u0391<br \/>\n\u039c\u03ad\u03b3\u03b9\u03c3\u03c4\u03bf \u03c1\u03b5\u03cd\u03bc\u03b1 \u03b5\u03be\u03cc\u03b4\u03bf\u03c5: 30\u0391<br \/>\n\u039c\u03ad\u03b3\u03b9\u03c3\u03c4\u03b7 \u03c4\u03ac\u03c3\u03b7 \u03b5\u03be\u03cc\u03b4\u03bf\u03c5: 9V<br \/>\n\u0391\u03b3\u03b3\u03af\u03be\u03c4\u03b5 \u03b5\u03bb\u03b5\u03cd\u03b8\u03b5\u03c1\u03b1<\/p>\n<p>\u03a4\u03bf ESPION Solo \u03c4\u03b7\u03c2 Joyetech \u03ad\u03c1\u03c7\u03b5\u03c4\u03b1\u03b9 \u03bc\u03b5<strong>\u00a0\u03bf\u03b8\u03cc\u03bd\u03b7 \u03b1\u03c6\u03ae\u03c2<\/strong>\u00a0OLED 1.3 \u03b9\u03bd\u03c4\u03c3\u03ce\u03bd \u03c3\u03b5 \u03c3\u03c5\u03bd\u03b4\u03c5\u03b1\u03c3\u03bc\u03cc \u03bc\u03b5 \u03ad\u03bd\u03b1\u00a0<strong>\u03b5\u03cd\u03c7\u03c1\u03b7\u03c3\u03c4\u03bf \u03bb\u03b5\u03b9\u03c4\u03bf\u03c5\u03c1\u03b3\u03b9\u03ba\u03cc \u03c3\u03cd\u03c3\u03c4\u03b7\u03bc\u03b1<\/strong>. \u0391\u03c0\u03bb\u03ac \u03b1\u03b3\u03b3\u03af\u03be\u03c4\u03b5 \u03c4\u03b7\u03bd \u03bf\u03b8\u03cc\u03bd\u03b7 \u03b3\u03b9\u03b1 \u03bd\u03b1 \u03b4\u03b5\u03af\u03c4\u03b5 \u03ba\u03b1\u03b9 \u03bd\u03b1 \u03c1\u03c5\u03b8\u03bc\u03af\u03c3\u03b5\u03c4\u03b5 \u03b5\u03bb\u03b5\u03cd\u03b8\u03b5\u03c1\u03b1 \u03c4\u03b9\u03c2 \u03bb\u03b5\u03b9\u03c4\u03bf\u03c5\u03c1\u03b3\u03af\u03b5\u03c2 \u03c3\u03b1\u03c2.<\/p>\n<h4>\u039a\u03bb\u03b5\u03b9\u03b4\u03ce\u03c3\u03c4\u03b5 \u03ad\u03be\u03c5\u03c0\u03bd\u03b1<\/h4>\n<p>\u039c\u03c0\u03bf\u03c1\u03b5\u03af\u03c4\u03b5 \u03bd\u03b1 \u03ba\u03bb\u03b5\u03b9\u03b4\u03ce\u03c3\u03b5\u03c4\u03b5 \u03c4\u03b7\u03bd \u03bf\u03b8\u03cc\u03bd\u03b7 \u03ba\u03ac\u03bd\u03bf\u03bd\u03c4\u03b1\u03c2 \u03ba\u03bb\u03b9\u03ba \u03c3\u03c4\u03bf \u03ba\u03bf\u03c5\u03bc\u03c0\u03af \u03bb\u03b5\u03b9\u03c4\u03bf\u03c5\u03c1\u03b3\u03af\u03b1\u03c2. \u039c\u03c0\u03bf\u03c1\u03b5\u03af\u03c4\u03b5 \u03bd\u03b1 \u03b5\u03bd\u03b5\u03c1\u03b3\u03bf\u03c0\u03bf\u03b9\u03ae\u03c3\u03b5\u03c4\u03b5 \/ \u03b1\u03c0\u03b5\u03bd\u03b5\u03c1\u03b3\u03bf\u03c0\u03bf\u03b9\u03ae\u03c3\u03b5\u03c4\u03b5 \u03c4\u03b7\u03bd \u03bf\u03b8\u03cc\u03bd\u03b7 \u03ba\u03ac\u03bd\u03bf\u03bd\u03c4\u03b1\u03c2 \u03ba\u03bb\u03b9\u03ba \u03c3\u03c4\u03bf \u03ba\u03bf\u03c5\u03bc\u03c0\u03af \u03bb\u03b5\u03b9\u03c4\u03bf\u03c5\u03c1\u03b3\u03af\u03b1\u03c2 2 \u03c6\u03bf\u03c1\u03ad\u03c2 \u03b3\u03c1\u03ae\u03b3\u03bf\u03c1\u03b1.<\/p>\n<h4>\u03a3\u03c5\u03bc\u03b2\u03b1\u03c4\u03cc \u03bc\u03b5 \u03bc\u03c0\u03b1\u03c4\u03b1\u03c1\u03af\u03b1 21700\/18650<\/h4>\n<p>\u039c\u03b5 \u03bc\u03b9\u03b1 \u03bc\u03c0\u03b1\u03c4\u03b1\u03c1\u03af\u03b1 \u03bc\u03b5 4000mAh \u03c4\u03cd\u03c0\u03bf\u03c5 21700, \u03bc\u03c0\u03bf\u03c1\u03b5\u03af\u03c4\u03b5 \u03bd\u03b1 \u03b1\u03c0\u03bf\u03bb\u03b1\u03cd\u03c3\u03b5\u03c4\u03b5 \u03bc\u03b9\u03b1 \u03b3\u03b5\u03bc\u03ac\u03c4\u03b7 \u03b6\u03c9\u03bd\u03c4\u03b1\u03bd\u03ae \u03b5\u03bc\u03c0\u03b5\u03b9\u03c1\u03af\u03b1 \u03b3\u03b9\u03b1 \u03cc\u03bb\u03b7 \u03c4\u03b7\u03bd \u03b7\u03bc\u03ad\u03c1\u03b1. \u03a0\u03b1\u03c1\u03cc\u03bb\u03b1 \u03b1\u03c5\u03c4\u03ac, \u03bc\u03c0\u03bf\u03c1\u03b5\u03af\u03c4\u03b5 \u03bd\u03b1 \u03c7\u03c1\u03b7\u03c3\u03b9\u03bc\u03bf\u03c0\u03bf\u03b9\u03ae\u03c3\u03b5\u03c4\u03b5 \u03c4\u03b7\u03bd \u03ba\u03b1\u03bd\u03bf\u03bd\u03b9\u03ba\u03ae \u03bc\u03c0\u03b1\u03c4\u03b1\u03c1\u03af\u03b1 18650 \u03bc\u03b5 \u03c4\u03b7 \u03b2\u03bf\u03ae\u03b8\u03b5\u03b9\u03b1 \u03b5\u03b9\u03b4\u03b9\u03ba\u03bf\u03cd \u03b1\u03bd\u03c4\u03ac\u03c0\u03c4\u03bf\u03c1\u03b1 (\u039f \u03b1\u03bd\u03c4\u03ac\u03c0\u03c4\u03bf\u03c1\u03b1\u03c2 \u03c0\u03b5\u03c1\u03b9\u03bb\u03b1\u03bc\u03b2\u03ac\u03bd\u03b5\u03c4\u03b1\u03b9 \u03c3\u03c4\u03bf kit).<\/p>","protected":false},"excerpt":{"rendered":"<p>\u00d6zellikle kolay ve h\u0131zl\u0131 bir dokunmatik ekrana sahip geli\u015fmi\u015f ESPION Solo\u00a0<strong>Joyetech<\/strong>\u00a0\u00e7ok kullan\u0131\u015fl\u0131 ve kullan\u0131m\u0131 kolayd\u0131r.<strong>\u00a0ESPION Solo<\/strong>\u00a0Joyetech pil ile uyumludur\u00a0<strong>21700<\/strong>ancak pille de \u00e7al\u0131\u015ft\u0131r\u0131labilir\u00a0<strong>18650<\/strong>.<\/p>","protected":false},"featured_media":18823,"template":"","meta":{"_acf_changed":false,"_kadence_starter_templates_imported_post":false,"_kad_post_transparent":"","_kad_post_title":"","_kad_post_layout":"","_kad_post_sidebar_id":"","_kad_post_content_style":"","_kad_post_vertical_padding":"","_kad_post_feature":"","_kad_post_feature_position":"","_kad_post_header":false,"_kad_post_footer":false},"product_cat":[508],"product_tag":[],"class_list":{"0":"post-13380","1":"product","2":"type-product","3":"status-publish","4":"has-post-thumbnail","6":"product_cat-apospomeni-mpataria","7":"product_shipping_class-mi-kapnika","9":"first","10":"instock","11":"sale","12":"taxable","13":"shipping-taxable","14":"purchasable","15":"product-type-simple","16":"entry","17":"content-bg","18":"loop-entry"},"acf":[],"_links":{"self":[{"href":"https:\/\/nicoteam.gr\/tr\/wp-json\/wp\/v2\/product\/13380","targetHints":{"allow":["GET"]}}],"collection":[{"href":"https:\/\/nicoteam.gr\/tr\/wp-json\/wp\/v2\/product"}],"about":[{"href":"https:\/\/nicoteam.gr\/tr\/wp-json\/wp\/v2\/types\/product"}],"wp:featuredmedia":[{"embeddable":true,"href":"https:\/\/nicoteam.gr\/tr\/wp-json\/wp\/v2\/media\/18823"}],"wp:attachment":[{"href":"https:\/\/nicoteam.gr\/tr\/wp-json\/wp\/v2\/media?parent=13380"}],"wp:term":[{"taxonomy":"product_cat","embeddable":true,"href":"https:\/\/nicoteam.gr\/tr\/wp-json\/wp\/v2\/product_cat?post=13380"},{"taxonomy":"product_tag","embeddable":true,"href":"https:\/\/nicoteam.gr\/tr\/wp-json\/wp\/v2\/product_tag?post=13380"}],"curies":[{"name":"wp","href":"https:\/\/api.w.org\/{rel}","templated":true}]}}