{"id":13364,"date":"2022-02-22T11:30:48","date_gmt":"2022-02-22T09:30:48","guid":{"rendered":"https:\/\/nicoteam.gr\/?post_type=product&#038;p=13364"},"modified":"2023-08-28T10:20:35","modified_gmt":"2023-08-28T08:20:35","slug":"justfog-q16-pro-900mah-1-9ml-kit-black","status":"publish","type":"product","link":"https:\/\/nicoteam.gr\/tr\/product\/justfog-q16-pro-900mah-1-9ml-kit-black\/","title":{"rendered":"Justfog Q16 Pro 900mah 1.9ml Kit Siyah"},"content":{"rendered":"<p>JUSTFOG Q16 Pro<\/p>\n<p>\u2022 Stater Kit JUSTFOG Q16 Pro Clearomizer<\/p>\n<p>\u2022 \u039c\u03ad\u03b3\u03b5\u03b8\u03bf\u03c2: 16 x 60mm<\/p>\n<p>\u2022 \u03a7\u03c9\u03c1\u03b7\u03c4\u03b9\u03ba\u03cc\u03c4\u03b7\u03c4\u03b1: 1,9ml<\/p>\n<p>&nbsp;<\/p>\n<p>JUSTFOG Q16 Pro \u039c\u03c0\u03b1\u03c4\u03b1\u03c1\u03af\u03b1<\/p>\n<p>\u2022 16,5 x 25,2 x 70,4mm<\/p>\n<p>\u2022 \u039c\u03c0\u03b1\u03c4\u03b1\u03c1\u03af\u03b1 \u03a7\u03c9\u03c1\u03b7\u03c4\u03b9\u03ba\u03cc\u03c4\u03b7\u03c4\u03b1: 900mAh<\/p>\n<p>\u2022 \u03a4\u03ac\u03c3\u03b7: 3.5 \/ 3.8 \/ 4.1 \/ 4.4V (4 \u03b5\u03c0\u03af\u03c0\u03b5\u03b4\u03b1)<\/p>\n<p>\u2022 \u03a6\u03cc\u03c1\u03c4\u03b9\u03c3\u03b7: Micro USB, DC 5V<\/p>\n<p><img loading=\"lazy\" decoding=\"async\" class=\"alignnone size-full wp-image-13366\" src=\"https:\/\/nicoteam.gr\/wp-content\/uploads\/2022\/02\/Q16-Pro-Battery-13-1000x1000w.jpg\" alt=\"\" width=\"1000\" height=\"1000\" srcset=\"https:\/\/nicoteam.gr\/wp-content\/uploads\/2022\/02\/Q16-Pro-Battery-13-1000x1000w.jpg 1000w, https:\/\/nicoteam.gr\/wp-content\/uploads\/2022\/02\/Q16-Pro-Battery-13-1000x1000w-300x300.jpg 300w, https:\/\/nicoteam.gr\/wp-content\/uploads\/2022\/02\/Q16-Pro-Battery-13-1000x1000w-100x100.jpg 100w, https:\/\/nicoteam.gr\/wp-content\/uploads\/2022\/02\/Q16-Pro-Battery-13-1000x1000w-600x600.jpg 600w, https:\/\/nicoteam.gr\/wp-content\/uploads\/2022\/02\/Q16-Pro-Battery-13-1000x1000w-150x150.jpg 150w, https:\/\/nicoteam.gr\/wp-content\/uploads\/2022\/02\/Q16-Pro-Battery-13-1000x1000w-768x768.jpg 768w, https:\/\/nicoteam.gr\/wp-content\/uploads\/2022\/02\/Q16-Pro-Battery-13-1000x1000w-96x96.jpg 96w, https:\/\/nicoteam.gr\/wp-content\/uploads\/2022\/02\/Q16-Pro-Battery-13-1000x1000w-42x42.jpg 42w\" sizes=\"auto, (max-width: 1000px) 100vw, 1000px\" \/><\/p>","protected":false},"excerpt":{"rendered":"<p>JUSTFOG Q16 Pro Stater Kiti, 1,9ml kapasiteye ve dahili 900mAh bataryaya sahiptir. JUSTFOG Q16 Pro Clearomizer size kolayl\u0131k sa\u011flayacak bir tasar\u0131m\u0131 benimser. Ayr\u0131ca kolay diren\u00e7 de\u011fi\u015ftirme sistemi ve hava ak\u0131\u015f\u0131 kontrol sistemi ile Clearomizer size kesinlikle iyi bir elektronik sigara deneyimi sunacakt\u0131r. Uygun boyuta sahip JUSTFOG Q16 Pro pilin USB \u00fczerinden \u015farj edilmesi de kolayd\u0131r.<\/p>","protected":false},"featured_media":13365,"template":"","meta":{"_acf_changed":false,"_kadence_starter_templates_imported_post":false,"_kad_post_transparent":"","_kad_post_title":"","_kad_post_layout":"","_kad_post_sidebar_id":"","_kad_post_content_style":"","_kad_post_vertical_padding":"","_kad_post_feature":"","_kad_post_feature_position":"","_kad_post_header":false,"_kad_post_footer":false},"product_cat":[512],"product_tag":[],"class_list":{"0":"post-13364","1":"product","2":"type-product","3":"status-publish","4":"has-post-thumbnail","6":"product_cat-ensomatomeni-mpataria-kits","7":"product_shipping_class-mi-kapnika","9":"first","10":"instock","11":"taxable","12":"shipping-taxable","13":"purchasable","14":"product-type-simple","15":"entry","16":"content-bg","17":"loop-entry"},"acf":[],"_links":{"self":[{"href":"https:\/\/nicoteam.gr\/tr\/wp-json\/wp\/v2\/product\/13364","targetHints":{"allow":["GET"]}}],"collection":[{"href":"https:\/\/nicoteam.gr\/tr\/wp-json\/wp\/v2\/product"}],"about":[{"href":"https:\/\/nicoteam.gr\/tr\/wp-json\/wp\/v2\/types\/product"}],"wp:featuredmedia":[{"embeddable":true,"href":"https:\/\/nicoteam.gr\/tr\/wp-json\/wp\/v2\/media\/13365"}],"wp:attachment":[{"href":"https:\/\/nicoteam.gr\/tr\/wp-json\/wp\/v2\/media?parent=13364"}],"wp:term":[{"taxonomy":"product_cat","embeddable":true,"href":"https:\/\/nicoteam.gr\/tr\/wp-json\/wp\/v2\/product_cat?post=13364"},{"taxonomy":"product_tag","embeddable":true,"href":"https:\/\/nicoteam.gr\/tr\/wp-json\/wp\/v2\/product_tag?post=13364"}],"curies":[{"name":"wp","href":"https:\/\/api.w.org\/{rel}","templated":true}]}}