{"id":13354,"date":"2022-02-22T11:22:39","date_gmt":"2022-02-22T09:22:39","guid":{"rendered":"https:\/\/nicoteam.gr\/?post_type=product&#038;p=13354"},"modified":"2023-08-28T10:20:35","modified_gmt":"2023-08-28T08:20:35","slug":"justfog-q16-c-starter-kit","status":"publish","type":"product","link":"https:\/\/nicoteam.gr\/tr\/product\/justfog-q16-c-starter-kit\/","title":{"rendered":"Justfog Q16 C Ba\u015flang\u0131\u00e7 Kiti"},"content":{"rendered":"<p>Starter Kit \u03b7\u03bb\u03b5\u03ba\u03c4\u03c1\u03bf\u03bd\u03b9\u03ba\u03bf\u03cd \u03c4\u03c3\u03b9\u03b3\u03ac\u03c1\u03bf\u03c5<br \/>\nDisplay \u03b5\u03bd\u03b4\u03b5\u03af\u03be\u03b5\u03c9\u03bd<br \/>\n\u039c\u03c0\u03b1\u03c4\u03b1\u03c1\u03af\u03b1: 900mah<br \/>\n\u0388\u03bd\u03b4\u03b5\u03b9\u03be\u03b7 \u03c5\u03c0\u03bf\u03bb\u03bf\u03af\u03c0\u03bf\u03c5 \u03bc\u03c0\u03b1\u03c4\u03b1\u03c1\u03af\u03b1\u03c2: 5 \u03b5\u03c0\u03b9\u03c0\u03ad\u03b4\u03c9\u03bd<br \/>\nVariable Voltage \u03bb\u03b5\u03b9\u03c4\u03bf\u03c5\u03c1\u03b3\u03af\u03b1 8 \u03b5\u03c0\u03b9\u03c0\u03ad\u03b4\u03c9\u03bd (3,4V- 4.8V)<br \/>\n\u0394\u03b9\u03b1\u03c3\u03c4\u03ac\u03c3\u03b5\u03b9\u03c2 \u03bc\u03c0\u03b1\u03c4\u03b1\u03c1\u03af\u03b1\u03c2: 16mm X 21.5 X 73mm<br \/>\n\u0394\u03b9\u03b1\u03c3\u03c4\u03ac\u03c3\u03b5\u03b9\u03c2 \u03b1\u03c4\u03bc\u03bf\u03c0\u03bf\u03b9\u03b7\u03c4\u03ae: 16mm X 60mm<br \/>\n\u0391\u03bd\u03c4\u03af\u03c3\u03c4\u03b1\u03c3\u03b7 \u03bc\u03b5 \u03c5\u03bb\u03b9\u03ba\u03cc \u03bf\u03c1\u03b3\u03b1\u03bd\u03b9\u03ba\u03bf\u03cd \u03b2\u03b1\u03bc\u03b2\u03b1\u03ba\u03b9\u03bf\u03cd<br \/>\n\u0392\u03ac\u03c1\u03bf\u03c2 \u03bc\u03c0\u03b1\u03c4\u03b1\u03c1\u03af\u03b1\u03c2:36.1g<br \/>\n\u0392\u03ac\u03c1\u03bf\u03c2 \u03b1\u03c4\u03bc\u03bf\u03c0\u03bf\u03b9\u03b7\u03c4\u03ae: 23.8g<br \/>\n\u03a3\u03c0\u03b5\u03af\u03c1\u03c9\u03bc\u03b1 \u039c\u03c0\u03b1\u03c4\u03b1\u03c1\u03af\u03b1\u03c2\/\u0391\u03c4\u03bc\u03bf\u03c0\u03bf\u03b9\u03b7\u03c4\u03ae: 510<br \/>\nAirfow Control \u03bc\u03b5 \u03b4\u03b1\u03c7\u03c4\u03c5\u03bb\u03af\u03b4\u03b9<br \/>\n\u03a5\u03bb\u03b9\u03ba\u03cc \u03b1\u03c4\u03bc\u03bf\u03c0\u03bf\u03b9\u03b7\u03c4\u03ae: \u0395\u03c0\u03b9\u03c7\u03c1\u03c9\u03bc\u03b9\u03bf\u03bc\u03ad\u03bd\u03bf\u03c2 \u03c7\u03b1\u03bb\u03ba\u03cc\u03c2 &amp; \u03b3\u03c5\u03b1\u03bb\u03af Pyrex<br \/>\n\u03a7\u03c9\u03c1\u03b7\u03c4\u03b9\u03ba\u03cc\u03c4\u03b7\u03c4\u03b1 \u03b1\u03c4\u03bc\u03bf\u03c0\u03bf\u03b9\u03b7\u03c4\u03ae: 1.9ml<br \/>\nMikro usb \u015farj portu<br \/>\nGe\u00e7i\u015f modu<br \/>\nK\u0131sa devre korumas\u0131<br \/>\nD\u00fc\u015f\u00fck \u015farj korumas\u0131<br \/>\nA\u015f\u0131r\u0131 y\u00fckleme korumas\u0131<br \/>\nKesme\/kapama fonksiyonu 10 saniye<br \/>\nS\u0131z\u0131nt\u0131 \u00f6nleme korumas\u0131<\/p>","protected":false},"excerpt":{"rendered":"<p>JustFog&#039;un yeni ba\u015flang\u0131\u00e7 paketi se\u00e7ene\u011fi, &quot;J-Easy 9&quot; pilin de\u011fi\u015fken \u00e7al\u0131\u015fmas\u0131n\u0131 ve \u015firketin yeni alt bobin temizleyicisi Just Fog Q16 atomizerini birle\u015ftiriyor. Yeni Just Fog Q16 Starter Kit, g\u00fcnl\u00fck kullan\u0131mda kullan\u0131m\u0131 kolay, verimli ve ayn\u0131 zamanda ta\u015f\u0131mas\u0131 ve saklamas\u0131 son derece rahat hale getiren \u00f6zellikler sunarak, ba\u015flang\u0131\u00e7 kiti elektronik sigara se\u00e7enekleri alan\u0131ndaki verileri tamamen de\u011fi\u015ftiriyor.<\/p>","protected":false},"featured_media":13357,"template":"","meta":{"_acf_changed":false,"_kadence_starter_templates_imported_post":false,"_kad_post_transparent":"","_kad_post_title":"","_kad_post_layout":"","_kad_post_sidebar_id":"","_kad_post_content_style":"","_kad_post_vertical_padding":"","_kad_post_feature":"","_kad_post_feature_position":"","_kad_post_header":false,"_kad_post_footer":false},"product_cat":[512],"product_tag":[],"class_list":{"0":"post-13354","1":"product","2":"type-product","3":"status-publish","4":"has-post-thumbnail","6":"product_cat-ensomatomeni-mpataria-kits","7":"product_shipping_class-mi-kapnika","9":"first","10":"instock","11":"taxable","12":"shipping-taxable","13":"purchasable","14":"product-type-variable","15":"entry","16":"content-bg","17":"loop-entry"},"acf":[],"_links":{"self":[{"href":"https:\/\/nicoteam.gr\/tr\/wp-json\/wp\/v2\/product\/13354","targetHints":{"allow":["GET"]}}],"collection":[{"href":"https:\/\/nicoteam.gr\/tr\/wp-json\/wp\/v2\/product"}],"about":[{"href":"https:\/\/nicoteam.gr\/tr\/wp-json\/wp\/v2\/types\/product"}],"wp:featuredmedia":[{"embeddable":true,"href":"https:\/\/nicoteam.gr\/tr\/wp-json\/wp\/v2\/media\/13357"}],"wp:attachment":[{"href":"https:\/\/nicoteam.gr\/tr\/wp-json\/wp\/v2\/media?parent=13354"}],"wp:term":[{"taxonomy":"product_cat","embeddable":true,"href":"https:\/\/nicoteam.gr\/tr\/wp-json\/wp\/v2\/product_cat?post=13354"},{"taxonomy":"product_tag","embeddable":true,"href":"https:\/\/nicoteam.gr\/tr\/wp-json\/wp\/v2\/product_tag?post=13354"}],"curies":[{"name":"wp","href":"https:\/\/api.w.org\/{rel}","templated":true}]}}