{"id":13322,"date":"2022-02-22T11:01:22","date_gmt":"2022-02-22T09:01:22","guid":{"rendered":"https:\/\/nicoteam.gr\/?post_type=product&#038;p=13322"},"modified":"2023-08-28T10:20:35","modified_gmt":"2023-08-28T08:20:35","slug":"innokin-eqs-pod-kit","status":"publish","type":"product","link":"https:\/\/nicoteam.gr\/tr\/product\/innokin-eqs-pod-kit\/","title":{"rendered":"Innokin EQ Pod Kiti"},"content":{"rendered":"<p><span style=\"color: #666666; font-family: Source Sans Pro;\">EQ Pod&#039;lar\u0131n\u0131 yeniden doldurmak i\u00e7in d\u00f6nd\u00fcrmek kolayd\u0131r ve koruyucu kapak a\u011f\u0131zl\u0131\u011f\u0131 temiz tutar.<\/span><\/p>\n<p><span style=\"color: #666666; font-family: Source Sans Pro;\">\u00dc\u00e7 seviyede istedi\u011finiz g\u00fc\u00e7 yo\u011funlu\u011funu kolayca se\u00e7erek elektronik sigara deneyiminizi en \u00fcst d\u00fczeye \u00e7\u0131kar\u0131n. Sadece EQ&#039;lar\u0131 kapat\u0131n ve ard\u0131ndan ate\u015fleme d\u00fc\u011fmesini bas\u0131l\u0131 tutun; LED s\u0131ras\u0131yla \u00fc\u00e7 g\u00fc\u00e7 seviyesi aras\u0131nda ge\u00e7i\u015f yapacakt\u0131r (ye\u015fil 11,5W, mavi 13,5W, mor 15,5W).<\/span><\/p>\n<p><span style=\"color: #666666; font-family: Source Sans Pro;\">Nikotin tuzlar\u0131 ve &quot;serbest baz&quot; nikotin ile kullan\u0131m i\u00e7in ideal olan EQ&#039;lar, her elektronik sigara kullan\u0131c\u0131s\u0131 i\u00e7in b\u00fcy\u00fck kolayl\u0131k sa\u011flar.<\/span><\/p>\n<p><span style=\"color: #666666; font-family: Source Sans Pro;\">\u00dc\u00e7 renkli pil g\u00f6stergesi (ye\u015fil-sar\u0131-k\u0131rm\u0131z\u0131) kalan kapasiteyi a\u00e7\u0131k\u00e7a g\u00f6sterirken mod ayn\u0131 zamanda &quot;\u015farj ederken vape&quot; teknolojisiyle de uyumludur.<\/span><\/p>\n<p><span style=\"color: #666666; font-family: Source Sans Pro;\">Mikro-USB \u00fczerinden \u015farj edilen EQ&#039;lar, yerle\u015fik g\u00fcvenlik korumalar\u0131na ve g\u00fcn\u00fcn b\u00fcy\u00fck bir b\u00f6l\u00fcm\u00fcnde dayanabilecek b\u00fcy\u00fck bir 800 mah pil kapasitesine sahiptir.<\/span>Boyutu orijinal EQ&#039;dan daha k\u00fc\u00e7\u00fck olan ultra kompakt EQ (85 mm y\u00fcksekli\u011findedir) elinize veya cebinize m\u00fckemmel \u015fekilde s\u0131\u011far.<\/p>\n<p><span style=\"color: #666666; font-family: Source Sans Pro;\">Innokin EQ&#039;lar art\u0131k alt\u0131 g\u00fczel ve dayan\u0131kl\u0131 kaplamayla sunuluyor: Mor, Mercan Pembesi, Gri, Beyaz, Mavi ve Siyah!<\/span><\/p>\n<p><span style=\"color: #666666; font-family: Source Sans Pro;\">K\u00fc\u00e7\u00fck boyut, b\u00fcy\u00fck mutluluklar! Kesinlikle denemelisin!<\/span><\/p>\n<p><iframe loading=\"lazy\" title=\"YouTube video oynat\u0131c\u0131s\u0131\" src=\"https:\/\/www.youtube.com\/embed\/efWzGj-Yfps\" width=\"800\" height=\"450\" frameborder=\"0\" allowfullscreen=\"allowfullscreen\"><span data-mce-type=\"bookmark\" style=\"display: inline-block; width: 0px; overflow: hidden; line-height: 0;\" class=\"mce_SELRES_start\"><\/span><\/iframe><\/p>","protected":false},"excerpt":{"rendered":"<p><span style=\"color: #666666; font-family: Source Sans Pro;\">Innokin&#039;in yeni EQ Pod Kiti burada!<\/span><\/p>\n<p><span style=\"color: #666666; font-family: Source Sans Pro;\">EQ&#039;lar, &#039;mikro oyuklara&#039; sahip geli\u015fmi\u015f Plex3D a\u011f diren\u00e7lerinden olu\u015fan manyetik, yeniden doldurulabilir bir kaps\u00fcl\/kartu\u015f sistemi kullan\u0131r ve daha yo\u011fun ve temiz bir tat i\u00e7in direncin toplam alan\u0131n\u0131 art\u0131r\u0131r. Plex3D&#039;ler geleneksel kablolara g\u00f6re daha h\u0131zl\u0131 \u0131s\u0131n\u0131p so\u011fuyarak bobin \u00f6mr\u00fcn\u00fc uzat\u0131r ve kullan\u0131c\u0131 memnuniyetini en \u00fcst d\u00fczeye \u00e7\u0131kar\u0131r.<\/span><\/p>","protected":false},"featured_media":13323,"template":"","meta":{"_acf_changed":false,"_kadence_starter_templates_imported_post":false,"_kad_post_transparent":"","_kad_post_title":"","_kad_post_layout":"","_kad_post_sidebar_id":"","_kad_post_content_style":"","_kad_post_vertical_padding":"","_kad_post_feature":"","_kad_post_feature_position":"","_kad_post_header":false,"_kad_post_footer":false},"product_cat":[512],"product_tag":[],"class_list":{"0":"post-13322","1":"product","2":"type-product","3":"status-publish","4":"has-post-thumbnail","6":"product_cat-ensomatomeni-mpataria-kits","7":"product_shipping_class-mi-kapnika","9":"first","10":"instock","11":"taxable","12":"shipping-taxable","13":"purchasable","14":"product-type-variable","15":"entry","16":"content-bg","17":"loop-entry"},"acf":[],"_links":{"self":[{"href":"https:\/\/nicoteam.gr\/tr\/wp-json\/wp\/v2\/product\/13322","targetHints":{"allow":["GET"]}}],"collection":[{"href":"https:\/\/nicoteam.gr\/tr\/wp-json\/wp\/v2\/product"}],"about":[{"href":"https:\/\/nicoteam.gr\/tr\/wp-json\/wp\/v2\/types\/product"}],"wp:featuredmedia":[{"embeddable":true,"href":"https:\/\/nicoteam.gr\/tr\/wp-json\/wp\/v2\/media\/13323"}],"wp:attachment":[{"href":"https:\/\/nicoteam.gr\/tr\/wp-json\/wp\/v2\/media?parent=13322"}],"wp:term":[{"taxonomy":"product_cat","embeddable":true,"href":"https:\/\/nicoteam.gr\/tr\/wp-json\/wp\/v2\/product_cat?post=13322"},{"taxonomy":"product_tag","embeddable":true,"href":"https:\/\/nicoteam.gr\/tr\/wp-json\/wp\/v2\/product_tag?post=13322"}],"curies":[{"name":"wp","href":"https:\/\/api.w.org\/{rel}","templated":true}]}}