{"id":13297,"date":"2022-02-22T10:18:10","date_gmt":"2022-02-22T08:18:10","guid":{"rendered":"https:\/\/nicoteam.gr\/?post_type=product&#038;p=13297"},"modified":"2023-08-28T10:20:36","modified_gmt":"2023-08-28T08:20:36","slug":"wismec-noisy-cricket-ii-22mm","status":"publish","type":"product","link":"https:\/\/nicoteam.gr\/tr\/product\/wismec-noisy-cricket-ii-22mm\/","title":{"rendered":"WISMEC G\u00dcR\u00dcLT\u00dcL\u00dc KR\u0130KET II 22mm"},"content":{"rendered":"<p><img loading=\"lazy\" decoding=\"async\" class=\"alignnone size-full wp-image-13301\" src=\"https:\/\/nicoteam.gr\/wp-content\/uploads\/2022\/02\/Noisy_Cricket_2_II_25mm_by_Wismec_4thevapeavenue.png\" alt=\"\" width=\"874\" height=\"641\" srcset=\"https:\/\/nicoteam.gr\/wp-content\/uploads\/2022\/02\/Noisy_Cricket_2_II_25mm_by_Wismec_4thevapeavenue.png 874w, https:\/\/nicoteam.gr\/wp-content\/uploads\/2022\/02\/Noisy_Cricket_2_II_25mm_by_Wismec_4thevapeavenue-600x440.png 600w, https:\/\/nicoteam.gr\/wp-content\/uploads\/2022\/02\/Noisy_Cricket_2_II_25mm_by_Wismec_4thevapeavenue-300x220.png 300w, https:\/\/nicoteam.gr\/wp-content\/uploads\/2022\/02\/Noisy_Cricket_2_II_25mm_by_Wismec_4thevapeavenue-768x563.png 768w, https:\/\/nicoteam.gr\/wp-content\/uploads\/2022\/02\/Noisy_Cricket_2_II_25mm_by_Wismec_4thevapeavenue-96x70.png 96w, https:\/\/nicoteam.gr\/wp-content\/uploads\/2022\/02\/Noisy_Cricket_2_II_25mm_by_Wismec_4thevapeavenue-42x31.png 42w, https:\/\/nicoteam.gr\/wp-content\/uploads\/2022\/02\/Noisy_Cricket_2_II_25mm_by_Wismec_4thevapeavenue-150x110.png 150w\" sizes=\"auto, (max-width: 874px) 100vw, 874px\" \/><\/p>\n<p>Noisy Cricket II\u00a0 \/\/ 22mm<\/p>\n<p>Wismec&#039;ten bir ba\u015fyap\u0131t daha!<\/p>\n<p>Vaporizat\u00f6r\u00fcn maksimum g\u00fc\u00e7 i\u00e7in &quot;Seri&quot; mod veya maksimum \u00f6zerklik ve dayan\u0131kl\u0131l\u0131k i\u00e7in &quot;Paralel&quot; mod aras\u0131nda se\u00e7im yapma olana\u011f\u0131 ile!<\/p>\n<p><img loading=\"lazy\" decoding=\"async\" class=\"alignnone size-full wp-image-13302\" src=\"https:\/\/nicoteam.gr\/wp-content\/uploads\/2022\/02\/Noisy_Cricket_2_II_22mm_by_Wismec_3thevape-avenue.jpg\" alt=\"\" width=\"540\" height=\"220\" srcset=\"https:\/\/nicoteam.gr\/wp-content\/uploads\/2022\/02\/Noisy_Cricket_2_II_22mm_by_Wismec_3thevape-avenue.jpg 540w, https:\/\/nicoteam.gr\/wp-content\/uploads\/2022\/02\/Noisy_Cricket_2_II_22mm_by_Wismec_3thevape-avenue-300x122.jpg 300w, https:\/\/nicoteam.gr\/wp-content\/uploads\/2022\/02\/Noisy_Cricket_2_II_22mm_by_Wismec_3thevape-avenue-96x39.jpg 96w, https:\/\/nicoteam.gr\/wp-content\/uploads\/2022\/02\/Noisy_Cricket_2_II_22mm_by_Wismec_3thevape-avenue-42x17.jpg 42w, https:\/\/nicoteam.gr\/wp-content\/uploads\/2022\/02\/Noisy_Cricket_2_II_22mm_by_Wismec_3thevape-avenue-150x61.jpg 150w\" sizes=\"auto, (max-width: 540px) 100vw, 540px\" \/><\/p>\n<p>\u039b\u03b5\u03b9\u03c4\u03bf\u03c5\u03c1\u03b3\u03b5\u03af \u03bc\u03b5 2 \u03bc\u03c0\u03b1\u03c4\u03b1\u03c1\u03af\u03b5\u03c2 18650 \u03c3\u03b5 \u03c3\u03b5\u03b9\u03c1\u03ac \u03ae \u03c0\u03b1\u03c1\u03ac\u03bb\u03bb\u03b7\u03bb\u03b1.<\/p>\n<p>\u039c\u03b5 \u03cc\u03bb\u03b5\u03c2 \u03c4\u03b9\u03c2 \u03b1\u03c0\u03b1\u03c1\u03b1\u03af\u03c4\u03b7\u03c4\u03b5\u03c2 \u03c0\u03c1\u03bf\u03c3\u03c4\u03b1\u03c3\u03af\u03b5\u03c2!<\/p>\n<p>\u0394\u03b9\u03b1\u03b8\u03ad\u03c4\u03b5\u03b9 \u03b4\u03c5\u03bd\u03b1\u03c4\u03cc\u03c4\u03b7\u03c4\u03b1 \u03bb\u03b5\u03b9\u03c4\u03bf\u03c5\u03c1\u03b3\u03af\u03b1\u03c2 \u03c3\u03b5 \u03c3\u03b5\u03b9\u03c1\u03ac \u03b3\u03b9\u03b1 \u03c0\u03bf\u03bb\u03cd \u03b4\u03cd\u03bd\u03b1\u03bc\u03b7 \u03ae \u03c0\u03b1\u03c1\u03ac\u03bb\u03bb\u03b7\u03bb\u03b1 \u03b3\u03b9\u03b1 \u03bc\u03ad\u03b3\u03b9\u03c3\u03c4\u03b7 \u03b1\u03c5\u03c4\u03bf\u03bd\u03bf\u03bc\u03af\u03b1, \u03c4\u03bf\u03c0\u03bf\u03b8\u03b5\u03c4\u03ce\u03bd\u03c4\u03b1\u03c2 \u03c4\u03bf \u03ba\u03cd\u03ba\u03bb\u03c9\u03bc\u03b1 \u03c0\u03bf\u03c5 \u03c5\u03c0\u03ac\u03c1\u03c7\u03b5\u03b9 \u03c3\u03c4\u03bf \u03ba\u03b1\u03c0\u03ac\u03ba\u03b9 \u03c4\u03b7\u03c2 \u03bc\u03c0\u03b1\u03c4\u03b1\u03c1\u03af\u03b1\u03c2 \u03c3\u03c4\u03b7\u03bd \u03ba\u03b1\u03c4\u03ac\u03bb\u03bb\u03b7\u03bb\u03b7 \u03b8\u03ad\u03c3\u03b7!<\/p>\n<p>\u0393\u03c5\u03c1\u03af\u03b6\u03bf\u03bd\u03c4\u03b1\u03c2 \u03c4\u03bf \u03c0\u03bf\u03c4\u03b5\u03bd\u03c3\u03b9\u03cc\u03bc\u03b5\u03c4\u03c1\u03bf \u03bc\u03c0\u03bf\u03c1\u03b5\u03af\u03c4\u03b5 \u03bd\u03b1 \u03c1\u03c5\u03b8\u03bc\u03af\u03c3\u03b5\u03c4\u03b5 \u03c4\u03b7\u03bd \u03ad\u03be\u03bf\u03b4\u03bf \u03b1\u03c0\u03bf \u03c4\u03b1 2V \u03bc\u03ad\u03c7\u03c1\u03b9 \u03ba\u03b1\u03b9 \u03c4\u03b1 6V.<\/p>\n<p><img loading=\"lazy\" decoding=\"async\" class=\"alignnone size-full wp-image-13303\" src=\"https:\/\/nicoteam.gr\/wp-content\/uploads\/2022\/02\/Noisy_Cricket_2_II_25mm_by_Wismec_5thevapeavenue.jpg\" alt=\"\" width=\"631\" height=\"378\" srcset=\"https:\/\/nicoteam.gr\/wp-content\/uploads\/2022\/02\/Noisy_Cricket_2_II_25mm_by_Wismec_5thevapeavenue.jpg 631w, https:\/\/nicoteam.gr\/wp-content\/uploads\/2022\/02\/Noisy_Cricket_2_II_25mm_by_Wismec_5thevapeavenue-600x359.jpg 600w, https:\/\/nicoteam.gr\/wp-content\/uploads\/2022\/02\/Noisy_Cricket_2_II_25mm_by_Wismec_5thevapeavenue-300x180.jpg 300w, https:\/\/nicoteam.gr\/wp-content\/uploads\/2022\/02\/Noisy_Cricket_2_II_25mm_by_Wismec_5thevapeavenue-96x58.jpg 96w, https:\/\/nicoteam.gr\/wp-content\/uploads\/2022\/02\/Noisy_Cricket_2_II_25mm_by_Wismec_5thevapeavenue-42x25.jpg 42w, https:\/\/nicoteam.gr\/wp-content\/uploads\/2022\/02\/Noisy_Cricket_2_II_25mm_by_Wismec_5thevapeavenue-150x90.jpg 150w\" sizes=\"auto, (max-width: 631px) 100vw, 631px\" \/><\/p>","protected":false},"excerpt":{"rendered":"<p>Wismec&#039;ten bir ba\u015fyap\u0131t daha!<\/p>\n<p>Vaporizat\u00f6r\u00fcn maksimum g\u00fc\u00e7 i\u00e7in &quot;Seri&quot; mod veya maksimum \u00f6zerklik ve dayan\u0131kl\u0131l\u0131k i\u00e7in &quot;Paralel&quot; mod aras\u0131nda se\u00e7im yapma olana\u011f\u0131 ile!<\/p>","protected":false},"featured_media":13300,"template":"","meta":{"_acf_changed":false,"_kadence_starter_templates_imported_post":false,"_kad_post_transparent":"","_kad_post_title":"","_kad_post_layout":"","_kad_post_sidebar_id":"","_kad_post_content_style":"","_kad_post_vertical_padding":"","_kad_post_feature":"","_kad_post_feature_position":"","_kad_post_header":false,"_kad_post_footer":false},"product_cat":[508],"product_tag":[],"class_list":{"0":"post-13297","1":"product","2":"type-product","3":"status-publish","4":"has-post-thumbnail","6":"product_cat-apospomeni-mpataria","7":"product_shipping_class-mi-kapnika","9":"first","10":"instock","11":"taxable","12":"shipping-taxable","13":"purchasable","14":"product-type-simple","15":"entry","16":"content-bg","17":"loop-entry"},"acf":[],"_links":{"self":[{"href":"https:\/\/nicoteam.gr\/tr\/wp-json\/wp\/v2\/product\/13297","targetHints":{"allow":["GET"]}}],"collection":[{"href":"https:\/\/nicoteam.gr\/tr\/wp-json\/wp\/v2\/product"}],"about":[{"href":"https:\/\/nicoteam.gr\/tr\/wp-json\/wp\/v2\/types\/product"}],"wp:featuredmedia":[{"embeddable":true,"href":"https:\/\/nicoteam.gr\/tr\/wp-json\/wp\/v2\/media\/13300"}],"wp:attachment":[{"href":"https:\/\/nicoteam.gr\/tr\/wp-json\/wp\/v2\/media?parent=13297"}],"wp:term":[{"taxonomy":"product_cat","embeddable":true,"href":"https:\/\/nicoteam.gr\/tr\/wp-json\/wp\/v2\/product_cat?post=13297"},{"taxonomy":"product_tag","embeddable":true,"href":"https:\/\/nicoteam.gr\/tr\/wp-json\/wp\/v2\/product_tag?post=13297"}],"curies":[{"name":"wp","href":"https:\/\/api.w.org\/{rel}","templated":true}]}}