{"id":13213,"date":"2022-02-21T14:01:34","date_gmt":"2022-02-21T12:01:34","guid":{"rendered":"https:\/\/nicoteam.gr\/?post_type=product&#038;p=13213"},"modified":"2023-08-28T10:20:37","modified_gmt":"2023-08-28T08:20:37","slug":"%ce%b5%cf%80%ce%b9%cf%83%cf%84%cf%8c%ce%bc%ce%b9%ce%bf-al15","status":"publish","type":"product","link":"https:\/\/nicoteam.gr\/tr\/product\/%ce%b5%cf%80%ce%b9%cf%83%cf%84%cf%8c%ce%bc%ce%b9%ce%bf-al15\/","title":{"rendered":"A\u011f\u0131zl\u0131k AL15 Renkleri"},"content":{"rendered":"","protected":false},"excerpt":{"rendered":"<ul>\n<li>Tip 510<\/li>\n<li>Al\u00fcminyumdan yap\u0131lm\u0131\u015f<\/li>\n<li>Silindirik tasar\u0131ma sahip<\/li>\n<\/ul>","protected":false},"featured_media":0,"template":"","meta":{"_acf_changed":false,"_kadence_starter_templates_imported_post":false,"_kad_post_transparent":"","_kad_post_title":"","_kad_post_layout":"","_kad_post_sidebar_id":"","_kad_post_content_style":"","_kad_post_vertical_padding":"","_kad_post_feature":"","_kad_post_feature_position":"","_kad_post_header":false,"_kad_post_footer":false},"product_cat":[510],"product_tag":[],"class_list":{"0":"post-13213","1":"product","2":"type-product","3":"status-publish","5":"product_cat-drip-tips","6":"product_shipping_class-mi-kapnika","8":"first","9":"instock","10":"taxable","11":"shipping-taxable","12":"purchasable","13":"product-type-variable","14":"entry","15":"content-bg","16":"loop-entry"},"acf":[],"_links":{"self":[{"href":"https:\/\/nicoteam.gr\/tr\/wp-json\/wp\/v2\/product\/13213","targetHints":{"allow":["GET"]}}],"collection":[{"href":"https:\/\/nicoteam.gr\/tr\/wp-json\/wp\/v2\/product"}],"about":[{"href":"https:\/\/nicoteam.gr\/tr\/wp-json\/wp\/v2\/types\/product"}],"wp:attachment":[{"href":"https:\/\/nicoteam.gr\/tr\/wp-json\/wp\/v2\/media?parent=13213"}],"wp:term":[{"taxonomy":"product_cat","embeddable":true,"href":"https:\/\/nicoteam.gr\/tr\/wp-json\/wp\/v2\/product_cat?post=13213"},{"taxonomy":"product_tag","embeddable":true,"href":"https:\/\/nicoteam.gr\/tr\/wp-json\/wp\/v2\/product_tag?post=13213"}],"curies":[{"name":"wp","href":"https:\/\/api.w.org\/{rel}","templated":true}]}}