{"id":13162,"date":"2022-02-21T13:12:44","date_gmt":"2022-02-21T11:12:44","guid":{"rendered":"https:\/\/nicoteam.gr\/?post_type=product&#038;p=13162"},"modified":"2026-05-02T10:30:19","modified_gmt":"2026-05-02T08:30:19","slug":"montecristo-open-junior","status":"publish","type":"product","link":"https:\/\/nicoteam.gr\/tr\/product\/montecristo-open-junior\/","title":{"rendered":"Montecristo A\u00e7\u0131k Gen\u00e7"},"content":{"rendered":"<p>Montecristo&#039;nun Open serisi, karma\u015f\u0131k tatlardan olu\u015fan bir deneyim sunarak hem deneyimli hem de acemi sigara i\u00e7icilerinin ilgisini \u00e7ekmeye devam ederek markaya ba\u015fka bir boyut kazand\u0131rd\u0131.<\/p>\n<p>&nbsp;<\/p>\n<p>\u03a4\u03bf Montecristo Open Junior \u03b5\u03af\u03bd\u03b1\u03b9 \u03ad\u03bd\u03b1\u03c2 \u03c6\u03c1\u03ad\u03c3\u03ba\u03bf\u03c2 \u03ba\u03b1\u03b9 \u03b5\u03bb\u03b1\u03c6\u03c1\u03cd\u03c2 \u03ba\u03b1\u03c0\u03bd\u03cc\u03c2, \u03bc\u03b5 \u03bb\u03b5\u03c0\u03c4\u03cc \u03b4\u03b1\u03c7\u03c4\u03c5\u03bb\u03af\u03b4\u03b9 \u03c0\u03bf\u03c5 \u03ba\u03b1\u03c0\u03bd\u03af\u03b6\u03b5\u03c4\u03b1\u03b9 \u03b1\u03c1\u03ba\u03b5\u03c4\u03ac \u03b5\u03cd\u03ba\u03bf\u03bb\u03b1. \u03a0\u03c1\u03cc\u03ba\u03b5\u03b9\u03c4\u03b1\u03b9 \u03b3\u03b9\u03b1 \u03ad\u03bd\u03b1 \u03c0\u03bf\u03cd\u03c1\u03bf \u03bc\u03b5 \u03bc\u03b5\u03c3\u03c4\u03ae \u03b3\u03b5\u03cd\u03c3\u03b7 \u03ba\u03b1\u03b9 \u03c0\u03bf\u03b9\u03cc\u03c4\u03b7\u03c4\u03b1 \u03b1\u03b4\u03b9\u03b1\u03bc\u03c6\u03b9\u03c3\u03b2\u03ae\u03c4\u03b7\u03c4\u03b7.<\/p>","protected":false},"excerpt":{"rendered":"<h4>Montecristo A\u00e7\u0131k Gen\u00e7<\/h4>\n<p>\u03a4\u03bf\u00a0<strong>Monte Cristo<\/strong>\u00a0K\u00fcba&#039;n\u0131n amiral gemisidir, \u00e7\u00fcnk\u00fc\u00a0<strong>daha y\u00fcksek kalite<\/strong>\u00a0t\u00fcm zamanlar\u0131n \u00fcretimi\u00a0<strong>K\u00fcba<\/strong>. Bir markay\u0131 bu kadar tan\u0131nabilir ve ba\u015far\u0131l\u0131 k\u0131lan sadece pazarlama de\u011fildir. Tam tersine puro\u00a0<strong>Monte Cristo<\/strong>\u00a0ister deneyimli ister acemi olsun, her sigara i\u00e7icisinin zevkini tatmin edebilirler. \u015e\u00f6hreti ondan \u00f6nce gelir, ancak deneyim en zorlu olan\u0131 bile hakl\u0131 \u00e7\u0131kar\u0131r!<\/p>\n<p>\u00c7izgi <em><strong>A\u00e7\u0131k<\/strong> <\/em>by Montecristo, karma\u015f\u0131k tatlardan olu\u015fan bir deneyim sunarak hem deneyimli hem de acemi sigara i\u00e7enlerin be\u011fenisini kazanmaya devam ederek markaya ba\u015fka bir boyut kazand\u0131rd\u0131.<\/p>\n<p><em>Puro \u00f6zellikleri\u00a0<strong>Montecristo A\u00e7\u0131k Gen\u00e7<\/strong><\/em><\/p>\n<ul>\n<li><em>Uzunluk:\u00a0<strong>11 cm<\/strong><\/em><\/li>\n<li><em>Y\u00fcz\u00fck:\u00a0<strong>38<\/strong><\/em><\/li>\n<li><em>Men\u015fei:\u00a0<strong>K\u00fcba<\/strong><\/em><\/li>\n<li><em>Geleneksel el yap\u0131m\u0131\u00a0<strong>K\u00fcba purosu\u00a0<\/strong><\/em><\/li>\n<li><em>T\u00fct\u00fcn yeti\u015ftirme alan\u0131:\u00a0<strong>Vuelta Arriba<\/strong><\/em><\/li>\n<li><em>Yo\u011funluk:\u00a0\u00a0<strong>Il\u0131man<\/strong><\/em><\/li>\n<\/ul>","protected":false},"featured_media":13164,"template":"","meta":{"_acf_changed":false,"_kadence_starter_templates_imported_post":false,"_kad_post_transparent":"default","_kad_post_title":"","_kad_post_layout":"default","_kad_post_sidebar_id":"","_kad_post_content_style":"default","_kad_post_vertical_padding":"default","_kad_post_feature":"","_kad_post_feature_position":"","_kad_post_header":false,"_kad_post_footer":false},"product_cat":[1265,598],"product_tag":[1358],"class_list":{"0":"post-13162","1":"product","2":"type-product","3":"status-publish","4":"has-post-thumbnail","6":"product_cat-montecristo","7":"product_cat-cuba-cigars","8":"product_tag-montecristo","9":"product_shipping_class-kapnika","11":"first","12":"instock","13":"purchasable","14":"product-type-simple","15":"entry","16":"content-bg","17":"loop-entry"},"acf":[],"_links":{"self":[{"href":"https:\/\/nicoteam.gr\/tr\/wp-json\/wp\/v2\/product\/13162","targetHints":{"allow":["GET"]}}],"collection":[{"href":"https:\/\/nicoteam.gr\/tr\/wp-json\/wp\/v2\/product"}],"about":[{"href":"https:\/\/nicoteam.gr\/tr\/wp-json\/wp\/v2\/types\/product"}],"wp:featuredmedia":[{"embeddable":true,"href":"https:\/\/nicoteam.gr\/tr\/wp-json\/wp\/v2\/media\/13164"}],"wp:attachment":[{"href":"https:\/\/nicoteam.gr\/tr\/wp-json\/wp\/v2\/media?parent=13162"}],"wp:term":[{"taxonomy":"product_cat","embeddable":true,"href":"https:\/\/nicoteam.gr\/tr\/wp-json\/wp\/v2\/product_cat?post=13162"},{"taxonomy":"product_tag","embeddable":true,"href":"https:\/\/nicoteam.gr\/tr\/wp-json\/wp\/v2\/product_tag?post=13162"}],"curies":[{"name":"wp","href":"https:\/\/api.w.org\/{rel}","templated":true}]}}