{"id":13132,"date":"2022-02-21T11:31:48","date_gmt":"2022-02-21T09:31:48","guid":{"rendered":"https:\/\/nicoteam.gr\/?post_type=product&#038;p=13132"},"modified":"2025-04-28T12:25:31","modified_gmt":"2025-04-28T10:25:31","slug":"guantanamera-cristales-10s","status":"publish","type":"product","link":"https:\/\/nicoteam.gr\/tr\/product\/guantanamera-cristales-10s\/","title":{"rendered":"Guantanamera Cristales 10s"},"content":{"rendered":"","protected":false},"excerpt":{"rendered":"<p>Guantanamera purolar\u0131, Habanos&#039;un katalo\u011funa nispeten yeni eklenen bir purodur ve Vuelta Arriba b\u00f6lgesinden gelen t\u00fct\u00fcnleri i\u00e7erir. Puro i\u00e7meye yeni ba\u015flayan biri i\u00e7in onlar\u0131 bu d\u00fcnyaya sorunsuz bir \u015fekilde tan\u0131tacaklar\u0131 i\u00e7in ideal bir se\u00e7imdir. Doyurucu ve hafif bir tatt\u0131r.<\/p>","protected":false},"featured_media":13134,"template":"","meta":{"_acf_changed":false,"_kadence_starter_templates_imported_post":false,"_kad_post_transparent":"","_kad_post_title":"","_kad_post_layout":"","_kad_post_sidebar_id":"","_kad_post_content_style":"","_kad_post_vertical_padding":"","_kad_post_feature":"","_kad_post_feature_position":"","_kad_post_header":false,"_kad_post_footer":false},"product_cat":[1260,598],"product_tag":[],"class_list":{"0":"post-13132","1":"product","2":"type-product","3":"status-publish","4":"has-post-thumbnail","6":"product_cat-guantanamera","7":"product_cat-cuba-cigars","8":"product_shipping_class-kapnika","10":"first","11":"instock","12":"purchasable","13":"product-type-simple","14":"entry","15":"content-bg","16":"loop-entry"},"acf":[],"_links":{"self":[{"href":"https:\/\/nicoteam.gr\/tr\/wp-json\/wp\/v2\/product\/13132","targetHints":{"allow":["GET"]}}],"collection":[{"href":"https:\/\/nicoteam.gr\/tr\/wp-json\/wp\/v2\/product"}],"about":[{"href":"https:\/\/nicoteam.gr\/tr\/wp-json\/wp\/v2\/types\/product"}],"wp:featuredmedia":[{"embeddable":true,"href":"https:\/\/nicoteam.gr\/tr\/wp-json\/wp\/v2\/media\/13134"}],"wp:attachment":[{"href":"https:\/\/nicoteam.gr\/tr\/wp-json\/wp\/v2\/media?parent=13132"}],"wp:term":[{"taxonomy":"product_cat","embeddable":true,"href":"https:\/\/nicoteam.gr\/tr\/wp-json\/wp\/v2\/product_cat?post=13132"},{"taxonomy":"product_tag","embeddable":true,"href":"https:\/\/nicoteam.gr\/tr\/wp-json\/wp\/v2\/product_tag?post=13132"}],"curies":[{"name":"wp","href":"https:\/\/api.w.org\/{rel}","templated":true}]}}