{"id":13123,"date":"2022-02-21T11:27:32","date_gmt":"2022-02-21T09:27:32","guid":{"rendered":"https:\/\/nicoteam.gr\/?post_type=product&#038;p=13123"},"modified":"2026-04-13T16:47:50","modified_gmt":"2026-04-13T14:47:50","slug":"guantanamera-decimos-5s","status":"publish","type":"product","link":"https:\/\/nicoteam.gr\/tr\/product\/guantanamera-decimos-5s\/","title":{"rendered":"Guantanamera Decimos 5&#039;ler"},"content":{"rendered":"","protected":false},"excerpt":{"rendered":"<p><strong>Guantanamera Decimos 5&#039;ler<\/strong><\/p>\n<p><em>Purolar <strong>Guantanamera<\/strong> katalo\u011funa nispeten yeni eklenen bir \u00fcr\u00fcn<strong> Habanos,<\/strong> ve Vuelta Arriba b\u00f6lgesinden t\u00fct\u00fcnler i\u00e7eriyor. Puro i\u00e7meye yeni ba\u015flayan biri i\u00e7in ideal bir se\u00e7imdir \u00e7\u00fcnk\u00fc onlar\u0131 bu d\u00fcnyaya sorunsuz bir \u015fekilde tan\u0131tacakt\u0131r. Hakk\u0131nda <strong>doyurucu ve hafif bir tat.<\/strong><\/em><\/p>\n<p><em>Puro \u00f6zellikleri<\/em><strong><em>\u00a0Purolar<\/em><br \/>\n<\/strong><\/p>\n<ul>\n<li><em>Uzunluk:\u00a0<strong>13,4 cm<\/strong><\/em><\/li>\n<li><em>Y\u00fcz\u00fck:\u00a0<strong>38<\/strong><\/em><\/li>\n<li><em>Men\u015fei:\u00a0<strong>K\u00fcba<\/strong><\/em><\/li>\n<li><em>Geleneksel el yap\u0131m\u0131\u00a0<strong>K\u00fcba purosu\u00a0<\/strong><\/em><\/li>\n<li><em>T\u00fct\u00fcn yeti\u015ftirme alan\u0131:\u00a0<strong>Vuelta Arriba<\/strong><\/em><\/li>\n<li><em>Yo\u011funluk:\u00a0<strong>Biraz\u00a0<\/strong><\/em><em><strong>Il\u0131man<\/strong><\/em><\/li>\n<\/ul>","protected":false},"featured_media":13124,"template":"","meta":{"_acf_changed":false,"_kadence_starter_templates_imported_post":false,"_kad_post_transparent":"default","_kad_post_title":"","_kad_post_layout":"default","_kad_post_sidebar_id":"","_kad_post_content_style":"default","_kad_post_vertical_padding":"default","_kad_post_feature":"","_kad_post_feature_position":"","_kad_post_header":false,"_kad_post_footer":false},"product_cat":[1260,598],"product_tag":[1357],"class_list":{"0":"post-13123","1":"product","2":"type-product","3":"status-publish","4":"has-post-thumbnail","6":"product_cat-guantanamera","7":"product_cat-cuba-cigars","8":"product_tag-guantanamera","9":"product_shipping_class-kapnika","11":"first","12":"instock","13":"purchasable","14":"product-type-simple","15":"entry","16":"content-bg","17":"loop-entry"},"acf":[],"_links":{"self":[{"href":"https:\/\/nicoteam.gr\/tr\/wp-json\/wp\/v2\/product\/13123","targetHints":{"allow":["GET"]}}],"collection":[{"href":"https:\/\/nicoteam.gr\/tr\/wp-json\/wp\/v2\/product"}],"about":[{"href":"https:\/\/nicoteam.gr\/tr\/wp-json\/wp\/v2\/types\/product"}],"wp:featuredmedia":[{"embeddable":true,"href":"https:\/\/nicoteam.gr\/tr\/wp-json\/wp\/v2\/media\/13124"}],"wp:attachment":[{"href":"https:\/\/nicoteam.gr\/tr\/wp-json\/wp\/v2\/media?parent=13123"}],"wp:term":[{"taxonomy":"product_cat","embeddable":true,"href":"https:\/\/nicoteam.gr\/tr\/wp-json\/wp\/v2\/product_cat?post=13123"},{"taxonomy":"product_tag","embeddable":true,"href":"https:\/\/nicoteam.gr\/tr\/wp-json\/wp\/v2\/product_tag?post=13123"}],"curies":[{"name":"wp","href":"https:\/\/api.w.org\/{rel}","templated":true}]}}