{"id":13109,"date":"2022-02-21T10:58:03","date_gmt":"2022-02-21T08:58:03","guid":{"rendered":"https:\/\/nicoteam.gr\/?post_type=product&#038;p=13109"},"modified":"2024-03-01T11:00:58","modified_gmt":"2024-03-01T09:00:58","slug":"villiger-export-pack-of-5","status":"publish","type":"product","link":"https:\/\/nicoteam.gr\/tr\/product\/villiger-export-pack-of-5\/","title":{"rendered":"Villiger \u0130hracat\u0131 (5&#039;li Paket)"},"content":{"rendered":"","protected":false},"excerpt":{"rendered":"<p>Villiger Export \u0130svi\u00e7re&#039;den geliyor. Tad\u0131 hafif, p\u00fcr\u00fczs\u00fcz ve tatmin edici olarak kabul edilir. Ayr\u0131nt\u0131l\u0131 olarak yer alan t\u00fct\u00fcnler \u015funlard\u0131r:<\/p>\n<p>Dolgu: Brezilya, Nikaragua, Dominik, Endonezya, \u0130talya<\/p>\n<p>Sarmalay\u0131c\u0131lar:\u00a0<span class=\"s1\">Nikaragua<\/span><\/p>\n<p>Pakette 5 adet puro bulunmaktad\u0131r.<\/p>","protected":false},"featured_media":13110,"template":"","meta":{"_acf_changed":false,"_kadence_starter_templates_imported_post":false,"_kad_post_transparent":"","_kad_post_title":"","_kad_post_layout":"","_kad_post_sidebar_id":"","_kad_post_content_style":"","_kad_post_vertical_padding":"","_kad_post_feature":"","_kad_post_feature_position":"","_kad_post_header":false,"_kad_post_footer":false},"product_cat":[1307,1235,152],"product_tag":[],"class_list":{"0":"post-13109","1":"product","2":"type-product","3":"status-publish","4":"has-post-thumbnail","6":"product_cat-villiger","7":"product_cat-1235","8":"product_cat-cigarillos","9":"product_shipping_class-kapnika","11":"first","12":"instock","13":"purchasable","14":"product-type-simple","15":"entry","16":"content-bg","17":"loop-entry"},"acf":[],"_links":{"self":[{"href":"https:\/\/nicoteam.gr\/tr\/wp-json\/wp\/v2\/product\/13109","targetHints":{"allow":["GET"]}}],"collection":[{"href":"https:\/\/nicoteam.gr\/tr\/wp-json\/wp\/v2\/product"}],"about":[{"href":"https:\/\/nicoteam.gr\/tr\/wp-json\/wp\/v2\/types\/product"}],"wp:featuredmedia":[{"embeddable":true,"href":"https:\/\/nicoteam.gr\/tr\/wp-json\/wp\/v2\/media\/13110"}],"wp:attachment":[{"href":"https:\/\/nicoteam.gr\/tr\/wp-json\/wp\/v2\/media?parent=13109"}],"wp:term":[{"taxonomy":"product_cat","embeddable":true,"href":"https:\/\/nicoteam.gr\/tr\/wp-json\/wp\/v2\/product_cat?post=13109"},{"taxonomy":"product_tag","embeddable":true,"href":"https:\/\/nicoteam.gr\/tr\/wp-json\/wp\/v2\/product_tag?post=13109"}],"curies":[{"name":"wp","href":"https:\/\/api.w.org\/{rel}","templated":true}]}}