{"id":13070,"date":"2022-02-21T10:21:43","date_gmt":"2022-02-21T08:21:43","guid":{"rendered":"https:\/\/nicoteam.gr\/?post_type=product&#038;p=13070"},"modified":"2025-05-27T10:00:50","modified_gmt":"2025-05-27T08:00:50","slug":"reposado-maduro-robusto","status":"publish","type":"product","link":"https:\/\/nicoteam.gr\/tr\/product\/reposado-maduro-robusto\/","title":{"rendered":"Reposado Maduro Robusto (Box of 10s)"},"content":{"rendered":"<p>Kar\u0131\u015f\u0131m<\/p>\n<p>\u2022 Paketleyici: Maduro (Meksika)<\/p>\n<p>\u2022 Ba\u011flay\u0131c\u0131: Nikaragua<\/p>\n<p>\u2022 Dolduran: Nikaragua Men\u015fe \u00dclkesi: Nikaragua<\/p>\n<p>&nbsp;<\/p>\n<p>Yo\u011funluk \u2013 lezzet profili<\/p>\n<p>\u2022 Ses D\u00fczeyi: Y\u00fcksek<\/p>","protected":false},"excerpt":{"rendered":"<p>Reposado Maduro<\/p>\n<p>Seri \u00d6zellikleri:<\/p>\n<p>\u2022 Reposado serisi Nikaragua&#039;dan geliyor ve m\u00fckemmel kaliteyi piyasadaki en ucuz fiyata sunuyor<\/p>\n<p>\u2022 \u0130ki tip sarmalay\u0131c\u0131 mevcuttur: yumu\u015fak ve ipeksi Connecticut ve tam g\u00f6vdeli Colorado ideal g\u00fcnl\u00fck puro olacakt\u0131r.<\/p>\n<p>\u2022 Bu, piyasadaki en pop\u00fcler formatlardaki en ekonomik el yap\u0131m\u0131 puro teklifidir<\/p>","protected":false},"featured_media":13071,"template":"","meta":{"_acf_changed":false,"_kadence_starter_templates_imported_post":false,"_kad_post_transparent":"default","_kad_post_title":"","_kad_post_layout":"default","_kad_post_sidebar_id":"","_kad_post_content_style":"default","_kad_post_vertical_padding":"default","_kad_post_feature":"","_kad_post_feature_position":"","_kad_post_header":false,"_kad_post_footer":false},"product_cat":[1291,595],"product_tag":[],"class_list":{"0":"post-13070","1":"product","2":"type-product","3":"status-publish","4":"has-post-thumbnail","6":"product_cat-reposado","7":"product_cat-nicaragua-cigar","8":"product_shipping_class-kapnika","10":"first","11":"outofstock","12":"purchasable","13":"product-type-simple","14":"entry","15":"content-bg","16":"loop-entry"},"acf":[],"_links":{"self":[{"href":"https:\/\/nicoteam.gr\/tr\/wp-json\/wp\/v2\/product\/13070","targetHints":{"allow":["GET"]}}],"collection":[{"href":"https:\/\/nicoteam.gr\/tr\/wp-json\/wp\/v2\/product"}],"about":[{"href":"https:\/\/nicoteam.gr\/tr\/wp-json\/wp\/v2\/types\/product"}],"wp:featuredmedia":[{"embeddable":true,"href":"https:\/\/nicoteam.gr\/tr\/wp-json\/wp\/v2\/media\/13071"}],"wp:attachment":[{"href":"https:\/\/nicoteam.gr\/tr\/wp-json\/wp\/v2\/media?parent=13070"}],"wp:term":[{"taxonomy":"product_cat","embeddable":true,"href":"https:\/\/nicoteam.gr\/tr\/wp-json\/wp\/v2\/product_cat?post=13070"},{"taxonomy":"product_tag","embeddable":true,"href":"https:\/\/nicoteam.gr\/tr\/wp-json\/wp\/v2\/product_tag?post=13070"}],"curies":[{"name":"wp","href":"https:\/\/api.w.org\/{rel}","templated":true}]}}