{"id":13057,"date":"2022-02-21T09:58:13","date_gmt":"2022-02-21T07:58:13","guid":{"rendered":"https:\/\/nicoteam.gr\/?post_type=product&#038;p=13057"},"modified":"2026-02-26T17:57:51","modified_gmt":"2026-02-26T15:57:51","slug":"reposado-colorado-robusto","status":"publish","type":"product","link":"https:\/\/nicoteam.gr\/tr\/product\/reposado-colorado-robusto\/","title":{"rendered":"Reposado Colorado Robusto (Box of 10s)"},"content":{"rendered":"<p>Kar\u0131\u015f\u0131m<\/p>\n<p>\u2022 Wrapper:\u00a0 Colorado Ecuador<\/p>\n<p>\u2022 Ba\u011flay\u0131c\u0131: Nikaragua<\/p>\n<p>\u2022 Filler: Nicaragua \u03a7\u03ce\u03c1\u03b1 \u03a0\u03c1\u03bf\u03ad\u03bb\u03b5\u03c5\u03c3\u03b7\u03c2: Nicaragua \u0388\u03bd\u03c4\u03b1\u03c3\u03b7 \u2013 \u03b3\u03b5\u03c5\u03c3\u03c4\u03b9\u03ba\u03cc \u03c0\u03c1\u03bf\u03c6\u03af\u03bb<\/p>\n<p>\u2022 \u0388\u03bd\u03c4\u03b1\u03c3\u03b7: \u039c\u03ad\u03c4\u03c1\u03b9\u03b1 \u03c0\u03c1\u03bf\u03c2 \u0394\u03c5\u03bd\u03b1\u03c4\u03ae<\/p>","protected":false},"excerpt":{"rendered":"<p>Reposado Connecticut ve Colorado<\/p>\n<p>Seri \u00d6zellikleri:<\/p>\n<p>\u2022 Reposado serisi Nikaragua&#039;dan geliyor ve m\u00fckemmel kaliteyi piyasadaki en ucuz fiyata sunuyor<\/p>\n<p>\u2022 \u0130ki tip sarmalay\u0131c\u0131 mevcuttur: yumu\u015fak ve ipeksi Connecticut ve tam g\u00f6vdeli Colorado ideal g\u00fcnl\u00fck puro olacakt\u0131r.<\/p>\n<p>\u2022 Bu, piyasadaki en pop\u00fcler formatlardaki en ekonomik el yap\u0131m\u0131 puro teklifidir<\/p>","protected":false},"featured_media":13058,"template":"","meta":{"_acf_changed":false,"_kadence_starter_templates_imported_post":false,"_kad_post_transparent":"","_kad_post_title":"","_kad_post_layout":"","_kad_post_sidebar_id":"","_kad_post_content_style":"","_kad_post_vertical_padding":"","_kad_post_feature":"","_kad_post_feature_position":"","_kad_post_header":false,"_kad_post_footer":false},"product_cat":[1291,595],"product_tag":[],"class_list":{"0":"post-13057","1":"product","2":"type-product","3":"status-publish","4":"has-post-thumbnail","6":"product_cat-reposado","7":"product_cat-nicaragua-cigar","8":"product_shipping_class-kapnika","10":"first","11":"instock","12":"purchasable","13":"product-type-simple","14":"entry","15":"content-bg","16":"loop-entry"},"acf":[],"_links":{"self":[{"href":"https:\/\/nicoteam.gr\/tr\/wp-json\/wp\/v2\/product\/13057","targetHints":{"allow":["GET"]}}],"collection":[{"href":"https:\/\/nicoteam.gr\/tr\/wp-json\/wp\/v2\/product"}],"about":[{"href":"https:\/\/nicoteam.gr\/tr\/wp-json\/wp\/v2\/types\/product"}],"wp:featuredmedia":[{"embeddable":true,"href":"https:\/\/nicoteam.gr\/tr\/wp-json\/wp\/v2\/media\/13058"}],"wp:attachment":[{"href":"https:\/\/nicoteam.gr\/tr\/wp-json\/wp\/v2\/media?parent=13057"}],"wp:term":[{"taxonomy":"product_cat","embeddable":true,"href":"https:\/\/nicoteam.gr\/tr\/wp-json\/wp\/v2\/product_cat?post=13057"},{"taxonomy":"product_tag","embeddable":true,"href":"https:\/\/nicoteam.gr\/tr\/wp-json\/wp\/v2\/product_tag?post=13057"}],"curies":[{"name":"wp","href":"https:\/\/api.w.org\/{rel}","templated":true}]}}