{"id":13055,"date":"2022-02-21T09:56:32","date_gmt":"2022-02-21T07:56:32","guid":{"rendered":"https:\/\/nicoteam.gr\/?post_type=product&#038;p=13055"},"modified":"2026-04-08T11:23:31","modified_gmt":"2026-04-08T09:23:31","slug":"reposado-connecticut-robusto","status":"publish","type":"product","link":"https:\/\/nicoteam.gr\/tr\/product\/reposado-connecticut-robusto\/","title":{"rendered":"Reposado Connecticut Robusto (Box of 10)"},"content":{"rendered":"<p>Kar\u0131\u015f\u0131m<\/p>\n<p>\u2022 Wrapper: Connecticut (Ecuador)<\/p>\n<p>\u2022 Ba\u011flay\u0131c\u0131: Nikaragua<\/p>\n<p>\u2022 Filler: Nicaragua \u03a7\u03ce\u03c1\u03b1 \u03a0\u03c1\u03bf\u03ad\u03bb\u03b5\u03c5\u03c3\u03b7\u03c2: Nicaragua \u0388\u03bd\u03c4\u03b1\u03c3\u03b7 \u2013 \u03b3\u03b5\u03c5\u03c3\u03c4\u03b9\u03ba\u03cc \u03c0\u03c1\u03bf\u03c6\u03af\u03bb<\/p>\n<p>\u2022 \u0388\u03bd\u03c4\u03b1\u03c3\u03b7: \u0395\u03bb\u03b1\u03c6\u03c1\u03ac \u03c0\u03c1\u03bf\u03c2 \u039c\u03ad\u03c4\u03c1\u03b9\u03b1<\/p>","protected":false},"excerpt":{"rendered":"<p>Reposado Connecticut ve Colorado<\/p>\n<p>Seri \u00d6zellikleri:<\/p>\n<p>\u2022 Reposado serisi Nikaragua&#039;dan geliyor ve m\u00fckemmel kaliteyi piyasadaki en ucuz fiyata sunuyor<\/p>\n<p>\u2022 \u0130ki tip sarmalay\u0131c\u0131 mevcuttur: yumu\u015fak ve ipeksi Connecticut ve tam g\u00f6vdeli Colorado ideal g\u00fcnl\u00fck puro olacakt\u0131r.<\/p>\n<p>\u2022 Bu, piyasadaki en pop\u00fcler formatlardaki en ekonomik el yap\u0131m\u0131 puro teklifidir<\/p>","protected":false},"featured_media":13056,"template":"","meta":{"_acf_changed":false,"_kadence_starter_templates_imported_post":false,"_kad_post_transparent":"","_kad_post_title":"","_kad_post_layout":"","_kad_post_sidebar_id":"","_kad_post_content_style":"","_kad_post_vertical_padding":"","_kad_post_feature":"","_kad_post_feature_position":"","_kad_post_header":false,"_kad_post_footer":false},"product_cat":[1291,595],"product_tag":[],"class_list":{"0":"post-13055","1":"product","2":"type-product","3":"status-publish","4":"has-post-thumbnail","6":"product_cat-reposado","7":"product_cat-nicaragua-cigar","8":"product_shipping_class-kapnika","10":"first","11":"instock","12":"purchasable","13":"product-type-simple","14":"entry","15":"content-bg","16":"loop-entry"},"acf":[],"_links":{"self":[{"href":"https:\/\/nicoteam.gr\/tr\/wp-json\/wp\/v2\/product\/13055","targetHints":{"allow":["GET"]}}],"collection":[{"href":"https:\/\/nicoteam.gr\/tr\/wp-json\/wp\/v2\/product"}],"about":[{"href":"https:\/\/nicoteam.gr\/tr\/wp-json\/wp\/v2\/types\/product"}],"wp:featuredmedia":[{"embeddable":true,"href":"https:\/\/nicoteam.gr\/tr\/wp-json\/wp\/v2\/media\/13056"}],"wp:attachment":[{"href":"https:\/\/nicoteam.gr\/tr\/wp-json\/wp\/v2\/media?parent=13055"}],"wp:term":[{"taxonomy":"product_cat","embeddable":true,"href":"https:\/\/nicoteam.gr\/tr\/wp-json\/wp\/v2\/product_cat?post=13055"},{"taxonomy":"product_tag","embeddable":true,"href":"https:\/\/nicoteam.gr\/tr\/wp-json\/wp\/v2\/product_tag?post=13055"}],"curies":[{"name":"wp","href":"https:\/\/api.w.org\/{rel}","templated":true}]}}