{"id":13046,"date":"2022-02-21T09:38:54","date_gmt":"2022-02-21T07:38:54","guid":{"rendered":"https:\/\/nicoteam.gr\/?post_type=product&#038;p=13046"},"modified":"2024-05-01T11:15:56","modified_gmt":"2024-05-01T09:15:56","slug":"principes-robusto-maduro","status":"publish","type":"product","link":"https:\/\/nicoteam.gr\/tr\/product\/principes-robusto-maduro\/","title":{"rendered":"\u0130lkeler Robusto Maduro"},"content":{"rendered":"<p><u>Kar\u0131\u015f\u0131m<\/u><\/p>\n<p><strong>Sarmalay\u0131c\u0131lar:<\/strong>\u00a0\u00a0Endonezya<\/p>\n<p><strong>Ba\u011flay\u0131c\u0131:<\/strong>\u00a0Endonezya<\/p>\n<p><strong>Dolgu maddeleri:\u00a0<\/strong>Dominik (Cibao Vadisi)<\/p>\n<p>&nbsp;<\/p>\n<p><u>Yo\u011funluk \u2013 lezzet profili<\/u><\/p>\n<p><strong>Kokular:\u00a0<\/strong>D\u00fcnyevi notalar, sedir aromalar\u0131 ve a\u011f\u0131zda kalan f\u0131nd\u0131ks\u0131 tat<\/p>","protected":false},"excerpt":{"rendered":"<p>Cazip bir fiyata olgunla\u015ft\u0131r\u0131lm\u0131\u015f t\u00fct\u00fcn i\u00e7eren piyasadaki tek uzun dolgulu el yap\u0131m\u0131 puro<\/p>\n<p>M\u00fckemmel kalitesi ve ekonomik fiyat\u0131yla t\u00fcketici kitlesi taraf\u0131ndan b\u00fcy\u00fck be\u011feni toplayan bir seri<\/p>","protected":false},"featured_media":13047,"template":"","meta":{"_acf_changed":false,"_kadence_starter_templates_imported_post":false,"_kad_post_transparent":"","_kad_post_title":"","_kad_post_layout":"","_kad_post_sidebar_id":"","_kad_post_content_style":"","_kad_post_vertical_padding":"","_kad_post_feature":"","_kad_post_feature_position":"","_kad_post_header":false,"_kad_post_footer":false},"product_cat":[1295,548],"product_tag":[],"class_list":{"0":"post-13046","1":"product","2":"type-product","3":"status-publish","4":"has-post-thumbnail","6":"product_cat-principes","7":"product_cat-poura-dominikana","8":"product_shipping_class-kapnika","10":"first","11":"outofstock","12":"purchasable","13":"product-type-simple","14":"entry","15":"content-bg","16":"loop-entry"},"acf":[],"_links":{"self":[{"href":"https:\/\/nicoteam.gr\/tr\/wp-json\/wp\/v2\/product\/13046","targetHints":{"allow":["GET"]}}],"collection":[{"href":"https:\/\/nicoteam.gr\/tr\/wp-json\/wp\/v2\/product"}],"about":[{"href":"https:\/\/nicoteam.gr\/tr\/wp-json\/wp\/v2\/types\/product"}],"wp:featuredmedia":[{"embeddable":true,"href":"https:\/\/nicoteam.gr\/tr\/wp-json\/wp\/v2\/media\/13047"}],"wp:attachment":[{"href":"https:\/\/nicoteam.gr\/tr\/wp-json\/wp\/v2\/media?parent=13046"}],"wp:term":[{"taxonomy":"product_cat","embeddable":true,"href":"https:\/\/nicoteam.gr\/tr\/wp-json\/wp\/v2\/product_cat?post=13046"},{"taxonomy":"product_tag","embeddable":true,"href":"https:\/\/nicoteam.gr\/tr\/wp-json\/wp\/v2\/product_tag?post=13046"}],"curies":[{"name":"wp","href":"https:\/\/api.w.org\/{rel}","templated":true}]}}