{"id":13019,"date":"2022-02-19T14:01:41","date_gmt":"2022-02-19T12:01:41","guid":{"rendered":"https:\/\/nicoteam.gr\/?post_type=product&#038;p=13019"},"modified":"2023-08-28T10:32:27","modified_gmt":"2023-08-28T08:32:27","slug":"krak-chocolade-saint-vincent-grenadines-70-cacao","status":"publish","type":"product","link":"https:\/\/nicoteam.gr\/tr\/product\/krak-chocolade-saint-vincent-grenadines-70-cacao\/","title":{"rendered":"KRAK \u00c7ikolata | Saint Vincent Grenadinler 70% kakao"},"content":{"rendered":"<p><span>\u03a4\u03bf \u03ba\u03b1\u03ba\u03ac\u03bf \u03b1\u03c0\u03cc \u03c4\u03bf\u03c5\u03c2 \u03b4\u03b9\u03ac\u03c6\u03bf\u03c1\u03bf\u03c5\u03c2 \u03c0\u03b1\u03c1\u03b1\u03b3\u03c9\u03b3\u03bf\u03cd\u03c2 \u03ba\u03b1\u03ba\u03ac\u03bf \u03c3\u03c5\u03bb\u03bb\u03ad\u03b3\u03b5\u03c4\u03b1\u03b9 \u03ba\u03b1\u03b9 \u03b6\u03c5\u03bc\u03ce\u03bd\u03b5\u03c4\u03b1\u03b9 \u03c3\u03b5 \u03bc\u03b9\u03b1 \u03ba\u03b5\u03bd\u03c4\u03c1\u03b9\u03ba\u03ae \u03c4\u03bf\u03c0\u03bf\u03b8\u03b5\u03c3\u03af\u03b1.\u00a0\u0391\u03c5\u03c4\u03cc \u03b5\u03be\u03b1\u03c3\u03c6\u03b1\u03bb\u03af\u03b6\u03b5\u03b9 \u03c4\u03b7 \u03b2\u03ad\u03bb\u03c4\u03b9\u03c3\u03c4\u03b7 \u03ba\u03b1\u03b9 \u03bf\u03bc\u03bf\u03b9\u03cc\u03bc\u03bf\u03c1\u03c6\u03b7 \u03b6\u03cd\u03bc\u03c9\u03c3\u03b7.\u00a0\u039a\u03b1\u03bb\u03cc \u03b3\u03b9\u03b1 \u03c4\u03b7\u03bd \u03c0\u03bf\u03b9\u03cc\u03c4\u03b7\u03c4\u03b1 \u03c4\u03bf\u03c5 \u03ba\u03b1\u03ba\u03ac\u03bf.<\/span><\/p>\n<p>&nbsp;<\/p>\n<p><strong><span>\u03a3\u03c5\u03c3\u03c4\u03b1\u03c4\u03b9\u03ba\u03ac:<\/span><\/strong><span>\u00a0\u03ba\u03b1\u03ba\u03ac\u03bf, \u03b6\u03b1\u03c7\u03b1\u03c1\u03bf\u03ba\u03ac\u03bb\u03b1\u03bc\u03bf, \u03b2\u03bf\u03cd\u03c4\u03c5\u03c1\u03bf \u03ba\u03b1\u03ba\u03ac\u03bf.<\/span><\/p>\n<p><span>80 \u03b3\u03c1\u03b1\u03bc\u03bc\u03ac\u03c1\u03b9\u03b1 \u03bc\u03b1\u03cd\u03c1\u03b7\u03c2 \u03c3\u03bf\u03ba\u03bf\u03bb\u03ac\u03c4\u03b1\u03c2 70%<\/span><\/p>","protected":false},"excerpt":{"rendered":"<p><span>St Vincent Cocoa Company&#039;nin kakao yeti\u015ftirdi\u011fi k\u00fc\u00e7\u00fck bir ada.\u00a0<\/span><span>Yakla\u015f\u0131k 250 hektarl\u0131k araziyi y\u00f6netiyorlar ve yakla\u015f\u0131k 100 \u00e7ift\u00e7iden kakao sat\u0131n al\u0131yorlar.\u00a0<\/span><span>Bu, m\u0131s\u0131r, muz ve zencefil gibi di\u011fer t\u00fcm mahsullerin aras\u0131nda yeti\u015fir.\u00a0<\/span><span>Hindistan cevizi ve maun a\u011fa\u00e7lar\u0131n\u0131n g\u00f6lgesinde.<\/span><\/p>\n<p>\u00dcreticiye g\u00f6re lezzet profili: harika narenciye ve limon kabu\u011fu tad\u0131yla dolu, g\u00fc\u00e7l\u00fc bir kakao. Tonlarca ekmek ve benzeri \u015feyler. Tanenler de \u00f6ne \u00e7\u0131k\u0131yor (\u015farap gibi).<\/p>","protected":false},"featured_media":13021,"template":"","meta":{"_acf_changed":false,"_kadence_starter_templates_imported_post":false,"_kad_post_transparent":"","_kad_post_title":"","_kad_post_layout":"","_kad_post_sidebar_id":"","_kad_post_content_style":"","_kad_post_vertical_padding":"","_kad_post_feature":"","_kad_post_feature_position":"","_kad_post_header":false,"_kad_post_footer":false},"product_cat":[629],"product_tag":[],"class_list":{"0":"post-13019","1":"product","2":"type-product","3":"status-publish","4":"has-post-thumbnail","6":"product_cat-choco","7":"product_shipping_class-mi-kapnika","9":"first","10":"instock","11":"taxable","12":"shipping-taxable","13":"purchasable","14":"product-type-simple","15":"entry","16":"content-bg","17":"loop-entry"},"acf":[],"_links":{"self":[{"href":"https:\/\/nicoteam.gr\/tr\/wp-json\/wp\/v2\/product\/13019","targetHints":{"allow":["GET"]}}],"collection":[{"href":"https:\/\/nicoteam.gr\/tr\/wp-json\/wp\/v2\/product"}],"about":[{"href":"https:\/\/nicoteam.gr\/tr\/wp-json\/wp\/v2\/types\/product"}],"wp:featuredmedia":[{"embeddable":true,"href":"https:\/\/nicoteam.gr\/tr\/wp-json\/wp\/v2\/media\/13021"}],"wp:attachment":[{"href":"https:\/\/nicoteam.gr\/tr\/wp-json\/wp\/v2\/media?parent=13019"}],"wp:term":[{"taxonomy":"product_cat","embeddable":true,"href":"https:\/\/nicoteam.gr\/tr\/wp-json\/wp\/v2\/product_cat?post=13019"},{"taxonomy":"product_tag","embeddable":true,"href":"https:\/\/nicoteam.gr\/tr\/wp-json\/wp\/v2\/product_tag?post=13019"}],"curies":[{"name":"wp","href":"https:\/\/api.w.org\/{rel}","templated":true}]}}