{"id":12981,"date":"2022-02-19T13:20:21","date_gmt":"2022-02-19T11:20:21","guid":{"rendered":"https:\/\/nicoteam.gr\/?post_type=product&#038;p=12981"},"modified":"2024-05-01T12:43:01","modified_gmt":"2024-05-01T10:43:01","slug":"davidoff-avo-uvezian-fogata-short-torpedo","status":"publish","type":"product","link":"https:\/\/nicoteam.gr\/tr\/product\/davidoff-avo-uvezian-fogata-short-torpedo\/","title":{"rendered":"Avo Uvezian Fogata Short Torpedo (Box of 4s)"},"content":{"rendered":"<p><u>Kar\u0131\u015f\u0131m<\/u><\/p>\n<p>&nbsp;<\/p>\n<ul>\n<li>Wrapper:\u00a0Ecuador Habano 2000<\/li>\n<li>Binder:\u00a0Mexico<\/li>\n<li>Filler:\u00a0Dom. Republic, Nicaragua<\/li>\n<\/ul>\n<p>&nbsp;<\/p>\n<p><u>Yo\u011funluk \u2013 lezzet profili<\/u><\/p>\n<p>&nbsp;<\/p>\n<ul>\n<li>\u0388\u03bd\u03c4\u03b1\u03c3\u03b7:\u00a0Full<\/li>\n<li>\u0391\u03c1\u03ce\u03bc\u03b1\u03c4\u03b1:\u00a0\u0388\u03bd\u03c4\u03bf\u03bd\u03bf \u03b1\u03c1\u03c9\u03bc\u03b1\u03c4\u03b9\u03ba\u03cc \u03bc\u03af\u03b3\u03bc\u03b1 \u03bc\u03b5 \u03b1\u03c1\u03ce\u03bc\u03b1\u03c4\u03b1 \u03be\u03b7\u03c1\u03ce\u03bd \u03ba\u03b1\u03c1\u03c0\u03ce\u03bd \u03ba\u03b1\u03b9 \u03ba\u03b1\u03bd\u03ad\u03bb\u03bb\u03b1\u03c2 \u03bd\u03b1 \u03ba\u03c5\u03c1\u03b9\u03b1\u03c1\u03c7\u03bf\u03cd\u03bd. \u039d\u03cc\u03c4\u03b5\u03c2 \u03ba\u03b1\u03c6\u03ad, \u03c3\u03bf\u03ba\u03bf\u03bb\u03ac\u03c4\u03b1\u03c2 \u03ba\u03b1\u03b9 \u03c0\u03b9\u03c0\u03b5\u03c1\u03b9\u03bf\u03cd \u03ad\u03c1\u03c7\u03bf\u03bd\u03c4\u03b1\u03b9 \u03bd\u03b1 \u03c3\u03c5\u03bc\u03c0\u03bb\u03b7\u03c1\u03ce\u03c3\u03bf\u03c5\u03bd \u03ad\u03bd\u03b1 \u03b5\u03ba\u03c1\u03b7\u03ba\u03c4\u03b9\u03ba\u03cc \u03c3\u03cd\u03bd\u03bf\u03bb\u03bf \u03b1\u03c1\u03c9\u03bc\u03ac\u03c4\u03c9\u03bd \u03ba\u03b1\u03b9 \u03b3\u03b5\u03cd\u03c3\u03b5\u03c9\u03bd<\/li>\n<\/ul>","protected":false},"excerpt":{"rendered":"<p>Kar\u0131\u015f\u0131m Paketleyici: Ekvador Habano 2000 Ba\u011flay\u0131c\u0131: Meksika Dolgu: Dom. Cumhuriyet, Nikaragua Yo\u011funluk - lezzet profili Yo\u011funluk: Tam Aromalar: F\u0131nd\u0131k ve tar\u00e7\u0131n aromalar\u0131n\u0131n hakim oldu\u011fu yo\u011fun aromatik kar\u0131\u015f\u0131m. Kahve, \u00e7ikolata ve biber notalar\u0131 patlay\u0131c\u0131 aroma ve tatlar\u0131 tamaml\u0131yor<\/p>","protected":false},"featured_media":12966,"template":"","meta":{"_acf_changed":false,"_kadence_starter_templates_imported_post":false,"_kad_post_transparent":"","_kad_post_title":"","_kad_post_layout":"","_kad_post_sidebar_id":"","_kad_post_content_style":"","_kad_post_vertical_padding":"","_kad_post_feature":"","_kad_post_feature_position":"","_kad_post_header":false,"_kad_post_footer":false},"product_cat":[1309,693,595],"product_tag":[],"class_list":{"0":"post-12981","1":"product","2":"type-product","3":"status-publish","4":"has-post-thumbnail","6":"product_cat-avo-uvezian","7":"product_cat-davidoff-cigar","8":"product_cat-nicaragua-cigar","9":"product_shipping_class-kapnika","11":"first","12":"instock","13":"purchasable","14":"product-type-simple","15":"entry","16":"content-bg","17":"loop-entry"},"acf":[],"_links":{"self":[{"href":"https:\/\/nicoteam.gr\/tr\/wp-json\/wp\/v2\/product\/12981","targetHints":{"allow":["GET"]}}],"collection":[{"href":"https:\/\/nicoteam.gr\/tr\/wp-json\/wp\/v2\/product"}],"about":[{"href":"https:\/\/nicoteam.gr\/tr\/wp-json\/wp\/v2\/types\/product"}],"wp:featuredmedia":[{"embeddable":true,"href":"https:\/\/nicoteam.gr\/tr\/wp-json\/wp\/v2\/media\/12966"}],"wp:attachment":[{"href":"https:\/\/nicoteam.gr\/tr\/wp-json\/wp\/v2\/media?parent=12981"}],"wp:term":[{"taxonomy":"product_cat","embeddable":true,"href":"https:\/\/nicoteam.gr\/tr\/wp-json\/wp\/v2\/product_cat?post=12981"},{"taxonomy":"product_tag","embeddable":true,"href":"https:\/\/nicoteam.gr\/tr\/wp-json\/wp\/v2\/product_tag?post=12981"}],"curies":[{"name":"wp","href":"https:\/\/api.w.org\/{rel}","templated":true}]}}