{"id":12953,"date":"2022-02-19T12:35:48","date_gmt":"2022-02-19T10:35:48","guid":{"rendered":"https:\/\/nicoteam.gr\/?post_type=product&#038;p=12953"},"modified":"2025-06-23T09:32:16","modified_gmt":"2025-06-23T07:32:16","slug":"oliva-serie-v-melanio-figurado","status":"publish","type":"product","link":"https:\/\/nicoteam.gr\/tr\/product\/oliva-serie-v-melanio-figurado\/","title":{"rendered":"Oliva Serie V Melanio \u2013 Figurado"},"content":{"rendered":"<p>Dikkatlice olgunla\u015ft\u0131r\u0131lan bu kar\u0131\u015f\u0131m, \u00f6zellikle lezzetli bir duman \u00fcretir. Ambalaj, Ekvador&#039;da yeti\u015fen Oliva ailesinin e\u015fsiz bir tohumudur. Melanio son derece p\u00fcr\u00fczs\u00fcz bir purodur ve yaln\u0131zca lezzetle dolu en iyi premium ve y\u0131lland\u0131r\u0131lm\u0131\u015f t\u00fct\u00fcnlerden olu\u015fur.<\/p>\n<p>&nbsp;<\/p>\n<p>Paketleyici: Ekvador<\/p>\n<p>Ba\u011flay\u0131c\u0131: Nikaragua<\/p>\n<p>Dolgu: Nikaragua<\/p>","protected":false},"excerpt":{"rendered":"<p>Melanio Gran Reserva, kurucunun ad\u0131n\u0131 ta\u015f\u0131yor ve \u015firketin amiral gemisi.<\/p>\n<p>Serie V gibi, ayn\u0131 zamanda p\u00fcr\u00fczs\u00fcz, tam aromal\u0131 bir puro. T\u00fct\u00fcnler, Oliva Nikaragua Habano&#039;nun bir kar\u0131\u015f\u0131m\u0131 olup, Esteli ve Condega b\u00f6lgelerinden daha ince t\u00fct\u00fcn yapraklar\u0131yla bilinen Jalapa Vadisi t\u00fct\u00fcnlerine a\u011f\u0131rl\u0131k verilmektedir.<\/p>","protected":false},"featured_media":12956,"template":"","meta":{"_acf_changed":false,"_kadence_starter_templates_imported_post":false,"_kad_post_transparent":"","_kad_post_title":"","_kad_post_layout":"","_kad_post_sidebar_id":"","_kad_post_content_style":"","_kad_post_vertical_padding":"","_kad_post_feature":"","_kad_post_feature_position":"","_kad_post_header":false,"_kad_post_footer":false},"product_cat":[1283,595],"product_tag":[],"class_list":{"0":"post-12953","1":"product","2":"type-product","3":"status-publish","4":"has-post-thumbnail","6":"product_cat-oliva-nub","7":"product_cat-nicaragua-cigar","8":"product_shipping_class-kapnika","10":"first","11":"outofstock","12":"purchasable","13":"product-type-simple","14":"entry","15":"content-bg","16":"loop-entry"},"acf":[],"_links":{"self":[{"href":"https:\/\/nicoteam.gr\/tr\/wp-json\/wp\/v2\/product\/12953","targetHints":{"allow":["GET"]}}],"collection":[{"href":"https:\/\/nicoteam.gr\/tr\/wp-json\/wp\/v2\/product"}],"about":[{"href":"https:\/\/nicoteam.gr\/tr\/wp-json\/wp\/v2\/types\/product"}],"wp:featuredmedia":[{"embeddable":true,"href":"https:\/\/nicoteam.gr\/tr\/wp-json\/wp\/v2\/media\/12956"}],"wp:attachment":[{"href":"https:\/\/nicoteam.gr\/tr\/wp-json\/wp\/v2\/media?parent=12953"}],"wp:term":[{"taxonomy":"product_cat","embeddable":true,"href":"https:\/\/nicoteam.gr\/tr\/wp-json\/wp\/v2\/product_cat?post=12953"},{"taxonomy":"product_tag","embeddable":true,"href":"https:\/\/nicoteam.gr\/tr\/wp-json\/wp\/v2\/product_tag?post=12953"}],"curies":[{"name":"wp","href":"https:\/\/api.w.org\/{rel}","templated":true}]}}