{"id":12949,"date":"2022-02-19T12:32:39","date_gmt":"2022-02-19T10:32:39","guid":{"rendered":"https:\/\/nicoteam.gr\/?post_type=product&#038;p=12949"},"modified":"2023-12-14T20:07:10","modified_gmt":"2023-12-14T18:07:10","slug":"oliva-serie-o-maduro-double-toro","status":"publish","type":"product","link":"https:\/\/nicoteam.gr\/tr\/product\/oliva-serie-o-maduro-double-toro\/","title":{"rendered":"Oliva Serie O Maduro &#8211; Double Toro"},"content":{"rendered":"<p>Paketleyici: G\u00fcne\u015fte B\u00fcy\u00fcm\u00fc\u015f Habano<\/p>\n<p>Ba\u011flay\u0131c\u0131: Nikaragual\u0131 Habano<\/p>\n<p>Dolgu: Nikaragual\u0131 Habano<\/p>","protected":false},"excerpt":{"rendered":"<p>Serie O, Nikaragua&#039;n\u0131n imza niteli\u011findeki Puro&#039;sudur. Habano t\u00fct\u00fcnleri geleneksel y\u00f6ntemle yeti\u015ftirilmektedir. Esteli, Condega ve Jalapa Vadisi gibi \u00fclkenin farkl\u0131 b\u00f6lgelerindeki ayn\u0131 tohumlar ger\u00e7ekten farkl\u0131 bir kar\u0131\u015f\u0131m sunuyor.<\/p>","protected":false},"featured_media":12950,"template":"","meta":{"_acf_changed":false,"_kadence_starter_templates_imported_post":false,"_kad_post_transparent":"","_kad_post_title":"","_kad_post_layout":"","_kad_post_sidebar_id":"","_kad_post_content_style":"","_kad_post_vertical_padding":"","_kad_post_feature":"","_kad_post_feature_position":"","_kad_post_header":false,"_kad_post_footer":false},"product_cat":[1283,595],"product_tag":[],"class_list":{"0":"post-12949","1":"product","2":"type-product","3":"status-publish","4":"has-post-thumbnail","6":"product_cat-oliva-nub","7":"product_cat-nicaragua-cigar","8":"product_shipping_class-kapnika","10":"first","11":"outofstock","12":"purchasable","13":"product-type-simple","14":"entry","15":"content-bg","16":"loop-entry"},"acf":[],"_links":{"self":[{"href":"https:\/\/nicoteam.gr\/tr\/wp-json\/wp\/v2\/product\/12949","targetHints":{"allow":["GET"]}}],"collection":[{"href":"https:\/\/nicoteam.gr\/tr\/wp-json\/wp\/v2\/product"}],"about":[{"href":"https:\/\/nicoteam.gr\/tr\/wp-json\/wp\/v2\/types\/product"}],"wp:featuredmedia":[{"embeddable":true,"href":"https:\/\/nicoteam.gr\/tr\/wp-json\/wp\/v2\/media\/12950"}],"wp:attachment":[{"href":"https:\/\/nicoteam.gr\/tr\/wp-json\/wp\/v2\/media?parent=12949"}],"wp:term":[{"taxonomy":"product_cat","embeddable":true,"href":"https:\/\/nicoteam.gr\/tr\/wp-json\/wp\/v2\/product_cat?post=12949"},{"taxonomy":"product_tag","embeddable":true,"href":"https:\/\/nicoteam.gr\/tr\/wp-json\/wp\/v2\/product_tag?post=12949"}],"curies":[{"name":"wp","href":"https:\/\/api.w.org\/{rel}","templated":true}]}}