{"id":12945,"date":"2022-02-19T12:27:32","date_gmt":"2022-02-19T10:27:32","guid":{"rendered":"https:\/\/nicoteam.gr\/?post_type=product&#038;p=12945"},"modified":"2024-09-14T11:53:51","modified_gmt":"2024-09-14T09:53:51","slug":"oliva-serie-g-double-robusto","status":"publish","type":"product","link":"https:\/\/nicoteam.gr\/tr\/product\/oliva-serie-g-double-robusto\/","title":{"rendered":"Oliva Serie G \u2013 \u00c7ift Robusto"},"content":{"rendered":"<p>Wrapper: Cameroon<\/p>\n<p>Binder: Nicaragua<\/p>\n<p>Filler:\u00a0Nicaragua<\/p>","protected":false},"excerpt":{"rendered":"<p>Serie G, Kamerun Sarmalay\u0131c\u0131l\u0131 orta yo\u011funlukta bir purodur. Bu, m\u00fckemmel bir tat dengesi sa\u011flayan sedir ve kahve notalar\u0131na sahip bir puro.<\/p>","protected":false},"featured_media":12946,"template":"","meta":{"_acf_changed":false,"_kadence_starter_templates_imported_post":false,"_kad_post_transparent":"default","_kad_post_title":"","_kad_post_layout":"default","_kad_post_sidebar_id":"","_kad_post_content_style":"default","_kad_post_vertical_padding":"default","_kad_post_feature":"","_kad_post_feature_position":"","_kad_post_header":false,"_kad_post_footer":false},"product_cat":[1283,595],"product_tag":[],"class_list":{"0":"post-12945","1":"product","2":"type-product","3":"status-publish","4":"has-post-thumbnail","6":"product_cat-oliva-nub","7":"product_cat-nicaragua-cigar","8":"product_shipping_class-kapnika","10":"first","11":"outofstock","12":"purchasable","13":"product-type-simple","14":"entry","15":"content-bg","16":"loop-entry"},"acf":[],"_links":{"self":[{"href":"https:\/\/nicoteam.gr\/tr\/wp-json\/wp\/v2\/product\/12945","targetHints":{"allow":["GET"]}}],"collection":[{"href":"https:\/\/nicoteam.gr\/tr\/wp-json\/wp\/v2\/product"}],"about":[{"href":"https:\/\/nicoteam.gr\/tr\/wp-json\/wp\/v2\/types\/product"}],"wp:featuredmedia":[{"embeddable":true,"href":"https:\/\/nicoteam.gr\/tr\/wp-json\/wp\/v2\/media\/12946"}],"wp:attachment":[{"href":"https:\/\/nicoteam.gr\/tr\/wp-json\/wp\/v2\/media?parent=12945"}],"wp:term":[{"taxonomy":"product_cat","embeddable":true,"href":"https:\/\/nicoteam.gr\/tr\/wp-json\/wp\/v2\/product_cat?post=12945"},{"taxonomy":"product_tag","embeddable":true,"href":"https:\/\/nicoteam.gr\/tr\/wp-json\/wp\/v2\/product_tag?post=12945"}],"curies":[{"name":"wp","href":"https:\/\/api.w.org\/{rel}","templated":true}]}}