{"id":12875,"date":"2022-02-19T09:28:03","date_gmt":"2022-02-19T07:28:03","guid":{"rendered":"https:\/\/nicoteam.gr\/?post_type=product&#038;p=12875"},"modified":"2023-12-14T19:40:07","modified_gmt":"2023-12-14T17:40:07","slug":"la-aurora-115-anniversary-gran-toro","status":"publish","type":"product","link":"https:\/\/nicoteam.gr\/tr\/product\/la-aurora-115-anniversary-gran-toro\/","title":{"rendered":"La Aurora 115 Anniversary &#8211; Gran Toro"},"content":{"rendered":"<p><u>Kar\u0131\u015f\u0131m<\/u><\/p>\n<p><strong>Sarmalay\u0131c\u0131lar:<\/strong>\u00a0Ekvador (Sumatra)<\/p>\n<p><strong>Ba\u011flay\u0131c\u0131:<\/strong>\u00a0Brezilya<\/p>\n<p><strong>\u00a0Dolgu maddeleri:\u00a0<\/strong>Brezilya, Dominik Cumhuriyeti, Nikaragua<\/p>\n<p>&nbsp;<\/p>\n<p>&nbsp;<\/p>\n<p><u>Yo\u011funluk \u2013 lezzet profili<\/u><\/p>\n<p><strong>Parf\u00fcmler ve\u00a0<span style=\"font-size: large;\">zevkler<\/span>:<\/strong><br \/>\nBa\u015flang\u0131\u00e7ta, daha karma\u015f\u0131k ve rafine aromalara &quot;a\u00e7\u0131lan&quot; karabiberin baharatl\u0131 notalar\u0131 hakimdir. Tar\u00e7\u0131n, f\u0131nd\u0131k ve narenciye aromalar\u0131yla zenginle\u015ftirilirken, ah\u015fab\u0131n varl\u0131\u011f\u0131 ba\u015ftan sona belirgindir. Biti\u015fi g\u00fc\u00e7l\u00fc ve kremsidir.<\/p>","protected":false},"excerpt":{"rendered":"<p>Dom&#039;daki en eski ve uluslararas\u0131 \u00fcne sahip puro fabrikas\u0131n\u0131n kurulu\u015fundan bu yana ge\u00e7en y\u0131llara sayg\u0131 duru\u015funda bulunan bir y\u0131ld\u00f6n\u00fcm\u00fc kar\u0131\u015f\u0131m\u0131. Demokrasi.<\/p>\n<p>&nbsp;<\/p>\n<p><em>&quot;M\u00fckemmellik zaman al\u0131r, zaman deneyim kazand\u0131r\u0131r ve deneyim miras getirir&quot;<\/em>\u00a0\u2013 Guillermo Le\u00f3n<\/p>\n<p><strong>\u00a0<\/strong><\/p>","protected":false},"featured_media":12878,"template":"","meta":{"_acf_changed":false,"_kadence_starter_templates_imported_post":false,"_kad_post_transparent":"","_kad_post_title":"","_kad_post_layout":"","_kad_post_sidebar_id":"","_kad_post_content_style":"","_kad_post_vertical_padding":"","_kad_post_feature":"","_kad_post_feature_position":"","_kad_post_header":false,"_kad_post_footer":false},"product_cat":[1282,548],"product_tag":[],"class_list":{"0":"post-12875","1":"product","2":"type-product","3":"status-publish","4":"has-post-thumbnail","6":"product_cat-la-aurora","7":"product_cat-poura-dominikana","8":"product_shipping_class-kapnika","10":"first","11":"outofstock","12":"purchasable","13":"product-type-simple","14":"entry","15":"content-bg","16":"loop-entry"},"acf":[],"_links":{"self":[{"href":"https:\/\/nicoteam.gr\/tr\/wp-json\/wp\/v2\/product\/12875","targetHints":{"allow":["GET"]}}],"collection":[{"href":"https:\/\/nicoteam.gr\/tr\/wp-json\/wp\/v2\/product"}],"about":[{"href":"https:\/\/nicoteam.gr\/tr\/wp-json\/wp\/v2\/types\/product"}],"wp:featuredmedia":[{"embeddable":true,"href":"https:\/\/nicoteam.gr\/tr\/wp-json\/wp\/v2\/media\/12878"}],"wp:attachment":[{"href":"https:\/\/nicoteam.gr\/tr\/wp-json\/wp\/v2\/media?parent=12875"}],"wp:term":[{"taxonomy":"product_cat","embeddable":true,"href":"https:\/\/nicoteam.gr\/tr\/wp-json\/wp\/v2\/product_cat?post=12875"},{"taxonomy":"product_tag","embeddable":true,"href":"https:\/\/nicoteam.gr\/tr\/wp-json\/wp\/v2\/product_tag?post=12875"}],"curies":[{"name":"wp","href":"https:\/\/api.w.org\/{rel}","templated":true}]}}