{"id":12858,"date":"2022-02-19T08:50:34","date_gmt":"2022-02-19T06:50:34","guid":{"rendered":"https:\/\/nicoteam.gr\/?post_type=product&#038;p=12858"},"modified":"2023-12-14T19:40:06","modified_gmt":"2023-12-14T17:40:06","slug":"la-aurora-107-series-toro","status":"publish","type":"product","link":"https:\/\/nicoteam.gr\/tr\/product\/la-aurora-107-series-toro\/","title":{"rendered":"La Aurora 107 Series Toro"},"content":{"rendered":"<p><strong>Ya\u015fland\u0131r\u0131lm\u0131\u015f t\u00fct\u00fcnler:\u00a0<\/strong>6 ya\u015f\u0131nda<\/p>\n<p>&nbsp;<\/p>\n<p><u>Kar\u0131\u015f\u0131m<\/u><\/p>\n<p><strong>Sarmalay\u0131c\u0131lar:<\/strong>\u00a0G\u00fcne\u015fte b\u00fcy\u00fcyen Ekvador, Geni\u015f Yaprakl\u0131 (Maduro)<\/p>\n<p><strong>Ba\u011flay\u0131c\u0131:<\/strong>\u00a0Cibao Vadisi b\u00f6lgesinden Dominik<\/p>\n<p><strong>Dolgu maddeleri:<\/strong>\u00a0Nikaragua, Brezilya, Peru ve Dominik (Cibao Vadisi)<\/p>\n<p>&nbsp;<\/p>\n<p><u>Yo\u011funluk \u2013 lezzet profili<\/u><\/p>\n<p><strong>Aromalar ve tatlar:\u00a0<\/strong>P\u00fcr\u00fczs\u00fcz ve hafif baharatl\u0131 bir ba\u015flang\u0131\u00e7la 107<\/p>\n<p>sonras\u0131nda g\u00fc\u00e7lenerek derin ve zengin t\u00fct\u00fcn aromalar\u0131 verir.<\/p>\n<p>tatl\u0131 bir biti\u015fe sahip kakao ve baharat aromalar\u0131<\/p>","protected":false},"excerpt":{"rendered":"<p>Birinci s\u0131n\u0131f el yap\u0131m\u0131 puro d\u00fcnyas\u0131nda 107 y\u0131ll\u0131k deneyim yoktur<\/p>\n<p>asla yetmez ama m\u00fckemmele yakla\u015fabiliriz.<\/p>\n<p>107 serisi tam da \u015funu i\u015faret ediyor: yap\u0131mda 107 y\u0131ll\u0131k deneyim<\/p>\n<p>en iyi ekiple ve en iyilerle \u00e7al\u0131\u015fan el yap\u0131m\u0131 purolar<\/p>\n<p>karma\u015f\u0131k bir puro sunan d\u00fcnyan\u0131n t\u00fct\u00fcnleri<\/p>\n<p><strong>\u00a0<\/strong><\/p>","protected":false},"featured_media":12859,"template":"","meta":{"_acf_changed":false,"_kadence_starter_templates_imported_post":false,"_kad_post_transparent":"","_kad_post_title":"","_kad_post_layout":"","_kad_post_sidebar_id":"","_kad_post_content_style":"","_kad_post_vertical_padding":"","_kad_post_feature":"","_kad_post_feature_position":"","_kad_post_header":false,"_kad_post_footer":false},"product_cat":[1282,548],"product_tag":[],"class_list":{"0":"post-12858","1":"product","2":"type-product","3":"status-publish","4":"has-post-thumbnail","6":"product_cat-la-aurora","7":"product_cat-poura-dominikana","8":"product_shipping_class-kapnika","10":"first","11":"outofstock","12":"purchasable","13":"product-type-simple","14":"entry","15":"content-bg","16":"loop-entry"},"acf":[],"_links":{"self":[{"href":"https:\/\/nicoteam.gr\/tr\/wp-json\/wp\/v2\/product\/12858","targetHints":{"allow":["GET"]}}],"collection":[{"href":"https:\/\/nicoteam.gr\/tr\/wp-json\/wp\/v2\/product"}],"about":[{"href":"https:\/\/nicoteam.gr\/tr\/wp-json\/wp\/v2\/types\/product"}],"wp:featuredmedia":[{"embeddable":true,"href":"https:\/\/nicoteam.gr\/tr\/wp-json\/wp\/v2\/media\/12859"}],"wp:attachment":[{"href":"https:\/\/nicoteam.gr\/tr\/wp-json\/wp\/v2\/media?parent=12858"}],"wp:term":[{"taxonomy":"product_cat","embeddable":true,"href":"https:\/\/nicoteam.gr\/tr\/wp-json\/wp\/v2\/product_cat?post=12858"},{"taxonomy":"product_tag","embeddable":true,"href":"https:\/\/nicoteam.gr\/tr\/wp-json\/wp\/v2\/product_tag?post=12858"}],"curies":[{"name":"wp","href":"https:\/\/api.w.org\/{rel}","templated":true}]}}