{"id":12845,"date":"2022-02-18T14:15:31","date_gmt":"2022-02-18T12:15:31","guid":{"rendered":"https:\/\/nicoteam.gr\/?post_type=product&#038;p=12845"},"modified":"2026-04-30T11:16:02","modified_gmt":"2026-04-30T09:16:02","slug":"la-aurora-original-blends-connecticut-1987-gran-toro","status":"publish","type":"product","link":"https:\/\/nicoteam.gr\/tr\/product\/la-aurora-original-blends-connecticut-1987-gran-toro\/","title":{"rendered":"La Aurora Original Blends Connecticut 1987 Gran Toro (Box of 20s)"},"content":{"rendered":"<p><u>Kar\u0131\u015f\u0131m<\/u><\/p>\n<p><strong>Sarmalay\u0131c\u0131lar:<\/strong>\u00a0Connecticut Shade&#039;de yeti\u015fen<\/p>\n<p><strong>Ba\u011flay\u0131c\u0131:<\/strong>\u00a0Dominik Cumhuriyeti<\/p>\n<p><strong>\u00a0Dolgu maddeleri:\u00a0<\/strong>Dominik Cumhuriyeti, Nikaragua<\/p>\n<p>&nbsp;<\/p>\n<p>&nbsp;<\/p>\n<p><u>Yo\u011funluk \u2013 lezzet profili<\/u><\/p>\n<p><strong>Parf\u00fcmler ve\u00a0<span style=\"font-size: large;\">zevkler<\/span>:<\/strong><br \/>\nBa\u015flang\u0131\u00e7ta toprak notalar\u0131 ve sedir aromalar\u0131, arka planda ve biti\u015fte kremsi kahve notalar\u0131, karabiber, f\u0131nd\u0131k ve tatl\u0131 narenciye notalar\u0131.<\/p>","protected":false},"excerpt":{"rendered":"<p>La Aurora&#039;n\u0131n imzas\u0131 ve bilgi birikimiyle keyifli ve dengeli bir deneyim i\u00e7in Golden Connecticut ambalaj\u0131.<strong><br \/>\n<\/strong><\/p>","protected":false},"featured_media":12852,"template":"","meta":{"_acf_changed":false,"_kadence_starter_templates_imported_post":false,"_kad_post_transparent":"","_kad_post_title":"","_kad_post_layout":"","_kad_post_sidebar_id":"","_kad_post_content_style":"","_kad_post_vertical_padding":"","_kad_post_feature":"","_kad_post_feature_position":"","_kad_post_header":false,"_kad_post_footer":false},"product_cat":[1282,548],"product_tag":[],"class_list":{"0":"post-12845","1":"product","2":"type-product","3":"status-publish","4":"has-post-thumbnail","6":"product_cat-la-aurora","7":"product_cat-poura-dominikana","8":"product_shipping_class-kapnika","10":"first","11":"instock","12":"purchasable","13":"product-type-simple","14":"entry","15":"content-bg","16":"loop-entry"},"acf":[],"_links":{"self":[{"href":"https:\/\/nicoteam.gr\/tr\/wp-json\/wp\/v2\/product\/12845","targetHints":{"allow":["GET"]}}],"collection":[{"href":"https:\/\/nicoteam.gr\/tr\/wp-json\/wp\/v2\/product"}],"about":[{"href":"https:\/\/nicoteam.gr\/tr\/wp-json\/wp\/v2\/types\/product"}],"wp:featuredmedia":[{"embeddable":true,"href":"https:\/\/nicoteam.gr\/tr\/wp-json\/wp\/v2\/media\/12852"}],"wp:attachment":[{"href":"https:\/\/nicoteam.gr\/tr\/wp-json\/wp\/v2\/media?parent=12845"}],"wp:term":[{"taxonomy":"product_cat","embeddable":true,"href":"https:\/\/nicoteam.gr\/tr\/wp-json\/wp\/v2\/product_cat?post=12845"},{"taxonomy":"product_tag","embeddable":true,"href":"https:\/\/nicoteam.gr\/tr\/wp-json\/wp\/v2\/product_tag?post=12845"}],"curies":[{"name":"wp","href":"https:\/\/api.w.org\/{rel}","templated":true}]}}