{"id":12791,"date":"2022-02-18T11:36:29","date_gmt":"2022-02-18T09:36:29","guid":{"rendered":"https:\/\/nicoteam.gr\/?post_type=product&#038;p=12791"},"modified":"2025-08-21T10:53:47","modified_gmt":"2025-08-21T08:53:47","slug":"joya-de-nicaragua-antano-gran-reserva-robusto-grande","status":"publish","type":"product","link":"https:\/\/nicoteam.gr\/tr\/product\/joya-de-nicaragua-antano-gran-reserva-robusto-grande\/","title":{"rendered":"Joya de Nikaragua Antano Gran Reserva Robusto Grande"},"content":{"rendered":"<p>Olduk\u00e7a yo\u011fun ve baharatl\u0131 bir puro. Kahve, deri ve karamel notalar\u0131 uyumlu bir \u015fekilde bir arada bulunur ve karma\u015f\u0131k ve ayn\u0131 zamanda rafine bir sigara i\u00e7me deneyimi sunar.<\/p>","protected":false},"excerpt":{"rendered":"<p>Joya de Nicaragua Anta\u00f1o Gran Reserva serisi, Anta\u00f1o serisi ile tamamen ayn\u0131 karakterde olup, t\u00fct\u00fcn harman\u0131 en zengin ve en ya\u011fl\u0131 Nikaragua t\u00fct\u00fcnlerinden olu\u015fmaktad\u0131r. Bu seride, puroya daha rafine ve olgun bir karakter kazand\u0131ran, yaln\u0131zca 5 y\u0131l y\u0131lland\u0131r\u0131lan t\u00fct\u00fcnler kullan\u0131lm\u0131\u015ft\u0131r.<\/p>","protected":false},"featured_media":12793,"template":"","meta":{"_acf_changed":false,"_kadence_starter_templates_imported_post":false,"_kad_post_transparent":"","_kad_post_title":"","_kad_post_layout":"","_kad_post_sidebar_id":"","_kad_post_content_style":"","_kad_post_vertical_padding":"","_kad_post_feature":"","_kad_post_feature_position":"","_kad_post_header":false,"_kad_post_footer":false},"product_cat":[1286,595],"product_tag":[],"class_list":{"0":"post-12791","1":"product","2":"type-product","3":"status-publish","4":"has-post-thumbnail","6":"product_cat-joya-de-nicaragua","7":"product_cat-nicaragua-cigar","8":"product_shipping_class-kapnika","10":"first","11":"outofstock","12":"purchasable","13":"product-type-simple","14":"entry","15":"content-bg","16":"loop-entry"},"acf":[],"_links":{"self":[{"href":"https:\/\/nicoteam.gr\/tr\/wp-json\/wp\/v2\/product\/12791","targetHints":{"allow":["GET"]}}],"collection":[{"href":"https:\/\/nicoteam.gr\/tr\/wp-json\/wp\/v2\/product"}],"about":[{"href":"https:\/\/nicoteam.gr\/tr\/wp-json\/wp\/v2\/types\/product"}],"wp:featuredmedia":[{"embeddable":true,"href":"https:\/\/nicoteam.gr\/tr\/wp-json\/wp\/v2\/media\/12793"}],"wp:attachment":[{"href":"https:\/\/nicoteam.gr\/tr\/wp-json\/wp\/v2\/media?parent=12791"}],"wp:term":[{"taxonomy":"product_cat","embeddable":true,"href":"https:\/\/nicoteam.gr\/tr\/wp-json\/wp\/v2\/product_cat?post=12791"},{"taxonomy":"product_tag","embeddable":true,"href":"https:\/\/nicoteam.gr\/tr\/wp-json\/wp\/v2\/product_tag?post=12791"}],"curies":[{"name":"wp","href":"https:\/\/api.w.org\/{rel}","templated":true}]}}