{"id":12781,"date":"2022-02-18T11:26:27","date_gmt":"2022-02-18T09:26:27","guid":{"rendered":"https:\/\/nicoteam.gr\/?post_type=product&#038;p=12781"},"modified":"2024-09-14T11:53:09","modified_gmt":"2024-09-14T09:53:09","slug":"joya-de-nicaragua-red-short-churchill","status":"publish","type":"product","link":"https:\/\/nicoteam.gr\/tr\/product\/joya-de-nicaragua-red-short-churchill\/","title":{"rendered":"Joya de Nikaragua K\u0131rm\u0131z\u0131 K\u0131sa Churchill"},"content":{"rendered":"","protected":false},"excerpt":{"rendered":"<p>Joya de Nicaragua Red serisi, modern sigara i\u00e7enler i\u00e7in ho\u015f bir deneyim sunuyor gibi g\u00f6r\u00fcn\u00fcyor. Orta \u015fiddette ve dengeli t\u00fct\u00fcn kar\u0131\u015f\u0131m\u0131, \u00e7e\u015fitli durumlar i\u00e7in uygun bir puro \u00f6nerir.<\/p>\n<p>F\u0131nd\u0131k ve biber notalar\u0131 tat deneyimine \u00e7e\u015fitlilik ve karma\u015f\u0131kl\u0131k katar. Dengeli ve lezzetli notalar sunan orta g\u00f6vdeli purolar\u0131n hayran\u0131ysan\u0131z, Joya de Nikaragua K\u0131rm\u0131z\u0131s\u0131 denemek i\u00e7in ilgin\u00e7 bir se\u00e7enek olabilir.<\/p>","protected":false},"featured_media":12782,"template":"","meta":{"_acf_changed":false,"_kadence_starter_templates_imported_post":false,"_kad_post_transparent":"default","_kad_post_title":"","_kad_post_layout":"default","_kad_post_sidebar_id":"","_kad_post_content_style":"default","_kad_post_vertical_padding":"default","_kad_post_feature":"","_kad_post_feature_position":"","_kad_post_header":false,"_kad_post_footer":false},"product_cat":[1286,595],"product_tag":[],"class_list":{"0":"post-12781","1":"product","2":"type-product","3":"status-publish","4":"has-post-thumbnail","6":"product_cat-joya-de-nicaragua","7":"product_cat-nicaragua-cigar","8":"product_shipping_class-kapnika","10":"first","11":"outofstock","12":"purchasable","13":"product-type-simple","14":"entry","15":"content-bg","16":"loop-entry"},"acf":[],"_links":{"self":[{"href":"https:\/\/nicoteam.gr\/tr\/wp-json\/wp\/v2\/product\/12781","targetHints":{"allow":["GET"]}}],"collection":[{"href":"https:\/\/nicoteam.gr\/tr\/wp-json\/wp\/v2\/product"}],"about":[{"href":"https:\/\/nicoteam.gr\/tr\/wp-json\/wp\/v2\/types\/product"}],"wp:featuredmedia":[{"embeddable":true,"href":"https:\/\/nicoteam.gr\/tr\/wp-json\/wp\/v2\/media\/12782"}],"wp:attachment":[{"href":"https:\/\/nicoteam.gr\/tr\/wp-json\/wp\/v2\/media?parent=12781"}],"wp:term":[{"taxonomy":"product_cat","embeddable":true,"href":"https:\/\/nicoteam.gr\/tr\/wp-json\/wp\/v2\/product_cat?post=12781"},{"taxonomy":"product_tag","embeddable":true,"href":"https:\/\/nicoteam.gr\/tr\/wp-json\/wp\/v2\/product_tag?post=12781"}],"curies":[{"name":"wp","href":"https:\/\/api.w.org\/{rel}","templated":true}]}}