{"id":12759,"date":"2022-02-18T10:43:04","date_gmt":"2022-02-18T08:43:04","guid":{"rendered":"https:\/\/nicoteam.gr\/?post_type=product&#038;p=12759"},"modified":"2025-08-30T11:17:43","modified_gmt":"2025-08-30T09:17:43","slug":"davidoff-winston-churchill-the-late-hour-robusto","status":"publish","type":"product","link":"https:\/\/nicoteam.gr\/tr\/product\/davidoff-winston-churchill-the-late-hour-robusto\/","title":{"rendered":"Davidoff Winston Churchill The Late Hour &#8211; Robusto (Box of 4s)"},"content":{"rendered":"<p>T\u00fct\u00fcnler, puroya benzersiz bir karma\u015f\u0131kl\u0131k, derin aromalar veren, damakta benzersiz bir uyar\u0131m yaratan f\u0131\u00e7\u0131 ve viski aromalar\u0131n\u0131 emer.<\/p>\n<p>Sir Winston&#039;\u0131n en yarat\u0131c\u0131 oldu\u011fu d\u00f6nemdeki karanl\u0131\u011f\u0131 yans\u0131tmak i\u00e7in Davidoff, bitter \u00e7ikolata renginde, parlak ve ya\u011fl\u0131 bir Habano Ekvador ambalaj\u0131 se\u00e7ti.<\/p>\n<p><u>\u00d6nemli ayr\u0131mlar<\/u><\/p>\n<p>Cigar Journal&#039;\u0131n TOP 25 Puro 2017 s\u0131ralamas\u0131nda 3. s\u0131rada.<\/p>\n<p>En \u0130yi Marka Dom. Cumhuriyet, Puro Trophy \u00d6d\u00fclleri 2018 (Cigar Journal)<\/p>\n<p><u>Kar\u0131\u015f\u0131m<\/u><\/p>\n<p>\u2022 Paketleyici: Ekvador Habano<\/p>\n<p>\u2022 Ba\u011flay\u0131c\u0131: Meksika<\/p>\n<p>\u2022 Doldurucu: Dom. Cumhuriyeti, Nikaragua<\/p>\n<p>&nbsp;<\/p>\n<p><u>Yo\u011funluk \u2013 Lezzet profili<\/u><\/p>\n<p>Ortadan Tama \u2013 Karabiberin g\u00fczel ve sa\u011flam tatlar\u0131, sert kahve, tatl\u0131 ve baharatl\u0131 notalar dama\u011f\u0131 her an b\u00fcy\u00fclemektedir.<\/p>","protected":false},"excerpt":{"rendered":"<p>Davidoff&#039;un \u00f6d\u00fcll\u00fc Winston Churchill puro serisi bir kez daha yenilik yap\u0131yor ve Scotch Single Malt Viski f\u0131\u00e7\u0131lar\u0131nda y\u0131lland\u0131r\u0131lm\u0131\u015f t\u00fct\u00fcnlerle benzersiz The Late Hour&#039;u sunuyor.<\/p>\n<p>T\u00fct\u00fcnler, puroya benzersiz bir karma\u015f\u0131kl\u0131k, derin aromalar veren, damakta benzersiz bir uyar\u0131m yaratan f\u0131\u00e7\u0131 ve viski aromalar\u0131n\u0131 emer.<\/p>","protected":false},"featured_media":12760,"template":"","meta":{"_acf_changed":false,"_kadence_starter_templates_imported_post":false,"_kad_post_transparent":"default","_kad_post_title":"","_kad_post_layout":"default","_kad_post_sidebar_id":"","_kad_post_content_style":"default","_kad_post_vertical_padding":"default","_kad_post_feature":"","_kad_post_feature_position":"","_kad_post_header":false,"_kad_post_footer":false},"product_cat":[1281,693],"product_tag":[],"class_list":{"0":"post-12759","1":"product","2":"type-product","3":"status-publish","4":"has-post-thumbnail","6":"product_cat-davidoff","7":"product_cat-davidoff-cigar","8":"product_shipping_class-kapnika","10":"first","11":"instock","12":"purchasable","13":"product-type-simple","14":"entry","15":"content-bg","16":"loop-entry"},"acf":[],"_links":{"self":[{"href":"https:\/\/nicoteam.gr\/tr\/wp-json\/wp\/v2\/product\/12759","targetHints":{"allow":["GET"]}}],"collection":[{"href":"https:\/\/nicoteam.gr\/tr\/wp-json\/wp\/v2\/product"}],"about":[{"href":"https:\/\/nicoteam.gr\/tr\/wp-json\/wp\/v2\/types\/product"}],"wp:featuredmedia":[{"embeddable":true,"href":"https:\/\/nicoteam.gr\/tr\/wp-json\/wp\/v2\/media\/12760"}],"wp:attachment":[{"href":"https:\/\/nicoteam.gr\/tr\/wp-json\/wp\/v2\/media?parent=12759"}],"wp:term":[{"taxonomy":"product_cat","embeddable":true,"href":"https:\/\/nicoteam.gr\/tr\/wp-json\/wp\/v2\/product_cat?post=12759"},{"taxonomy":"product_tag","embeddable":true,"href":"https:\/\/nicoteam.gr\/tr\/wp-json\/wp\/v2\/product_tag?post=12759"}],"curies":[{"name":"wp","href":"https:\/\/api.w.org\/{rel}","templated":true}]}}