{"id":12697,"date":"2022-02-17T13:40:33","date_gmt":"2022-02-17T11:40:33","guid":{"rendered":"https:\/\/nicoteam.gr\/?post_type=product&#038;p=12697"},"modified":"2025-08-29T10:27:13","modified_gmt":"2025-08-29T08:27:13","slug":"ag-mourtides-piramides-lf","status":"publish","type":"product","link":"https:\/\/nicoteam.gr\/tr\/product\/ag-mourtides-piramides-lf\/","title":{"rendered":"A&#038;G Mourtides Piramides LF  (Box of 25s)"},"content":{"rendered":"<p><u><strong>\u0391\u03c1\u03c9\u03bc\u03b1<\/strong><\/u><br \/>\n\u0388\u03bd\u03c4\u03bf\u03bd\u03bf\u03c2 \u03ba\u03b1\u03b9 \u03c0\u03bb\u03bf\u03cd\u03c3\u03b9\u03bf\u03c2 \u03c7\u03b1\u03c1\u03b1\u03ba\u03c4\u03ae\u03c1\u03b1\u03c2 \u03c0\u03bf\u03c5 \u03b5\u03be\u03b5\u03bb\u03af\u03c3\u03c3\u03b5\u03c4\u03b1\u03b9 \u03bf\u03bc\u03b1\u03bb\u03ac \u03ba\u03b1\u03b9 \u03b5\u03ba\u03b4\u03b7\u03bb\u03ce\u03bd\u03b5\u03b9 \u03c3\u03c4\u03b1\u03b4\u03b9\u03b1\u03ba\u03ac \u03cc\u03bb\u03bf \u03c4\u03bf \u03b1\u03c1\u03c9\u03bc\u03b1\u03c4\u03b9\u03ba\u03cc \u03c4\u03bf\u03c5 \u03c6\u03ac\u03c3\u03bc\u03b1. \u039a\u03b9\u03bd\u03b5\u03af\u03c4\u03b1\u03b9 \u03c3\u03b5 \u03b3\u03ae\u03b9\u03bd\u03b5\u03c2 \u03ba\u03b1\u03b9 \u03b2\u03bf\u03c4\u03b1\u03bd\u03b9\u03ba\u03ad\u03c2 \u03bd\u03cc\u03c4\u03b5\u03c2 \u03b5\u03bd\u03ce \u03c4\u03bf \u03bc\u03ad\u03bb\u03b9 \u03ba\u03b1\u03b9 \u03c4\u03bf \u03ba\u03b1\u03ba\u03ac\u03bf \u03ba\u03ac\u03bd\u03bf\u03c5\u03bd \u03b1\u03b9\u03c3\u03b8\u03b7\u03c4\u03ae \u03c4\u03b7\u03bd \u03c0\u03b1\u03c1\u03bf\u03c5\u03c3\u03af\u03b1 \u03c4\u03bf\u03c5\u03c2.<\/p>\n<p><u><strong>Tatmak<\/strong><\/u><br \/>\n\u03a0\u03bb\u03b7\u03b8\u03c9\u03c1\u03b9\u03ba\u03ac \u03c0\u03bf\u03cd\u03c1\u03b1 \u03c0\u03bf\u03c5 \u03b3\u03b5\u03bc\u03af\u03b6\u03bf\u03c5\u03bd \u03c4\u03bf \u03c3\u03c4\u03cc\u03bc\u03b1 \u03bc\u03b5 \u03b3\u03ae\u03b9\u03bd\u03b1 \u03b1\u03c1\u03ce\u03bc\u03b1\u03c4\u03b1 \u03ba\u03b1\u03b9 \u03ba\u03c1\u03b1\u03c4\u03ac\u03bd\u03b5 \u03c4\u03b7 \u03b3\u03b5\u03cd\u03c3\u03b7 \u03c4\u03bf\u03c5\u03c2 \u03bc\u03ad\u03c7\u03c1\u03b9 \u03c4\u03bf \u03c4\u03ad\u03bb\u03bf\u03c2. \u03a7\u03b1\u03c1\u03b1\u03ba\u03c4\u03b7\u03c1\u03af\u03b6\u03bf\u03bd\u03c4\u03b1\u03b9 \u03b1\u03c0\u03cc \u03c0\u03bf\u03bb\u03cd \u03bf\u03bc\u03b1\u03bb\u03cc \u00ab\u03c4\u03c1\u03ac\u03b2\u03b7\u03b3\u03bc\u03b1\u00bb \u03ba\u03b1\u03b9 \u03bc\u03b9\u03b1 \u03bc\u03bf\u03bd\u03b1\u03b4\u03b9\u03ba\u03ae \u03b5\u03c0\u03af\u03b3\u03b5\u03c5\u03c3\u03b7 \u03ba\u03b1\u03b2\u03bf\u03c5\u03c1\u03b4\u03b9\u03c3\u03bc\u03ad\u03bd\u03bf\u03c5 \u03ba\u03b1\u03c6\u03ad \u03ba\u03b1\u03b9 \u03ba\u03b1\u03ba\u03ac\u03bf.<\/p>","protected":false},"excerpt":{"rendered":"<p>Colorado tonlar\u0131nda kusursuz bir kaplamaya sahip, zarif ve iyi \u015fekillendirilmi\u015f bir piramit.<\/p>\n<p>Hafif ya\u011fl\u0131 bir karaktere sahip, kadifemsi p\u00fcr\u00fczs\u00fcz bir dokuya sahiptir. \u0130deal uzunluk ve \u00e7ap oranlar\u0131 m\u00fckemmel bir kavrama hissi sunar.<\/p>","protected":false},"featured_media":12698,"template":"","meta":{"_acf_changed":false,"_kadence_starter_templates_imported_post":false,"_kad_post_transparent":"","_kad_post_title":"","_kad_post_layout":"","_kad_post_sidebar_id":"","_kad_post_content_style":"","_kad_post_vertical_padding":"","_kad_post_feature":"","_kad_post_feature_position":"","_kad_post_header":false,"_kad_post_footer":false},"product_cat":[1304,150],"product_tag":[],"class_list":{"0":"post-12697","1":"product","2":"type-product","3":"status-publish","4":"has-post-thumbnail","6":"product_cat-ag-mourtides","7":"product_cat-honduras-cigar","8":"product_shipping_class-kapnika","10":"first","11":"outofstock","12":"purchasable","13":"product-type-simple","14":"entry","15":"content-bg","16":"loop-entry"},"acf":[],"_links":{"self":[{"href":"https:\/\/nicoteam.gr\/tr\/wp-json\/wp\/v2\/product\/12697","targetHints":{"allow":["GET"]}}],"collection":[{"href":"https:\/\/nicoteam.gr\/tr\/wp-json\/wp\/v2\/product"}],"about":[{"href":"https:\/\/nicoteam.gr\/tr\/wp-json\/wp\/v2\/types\/product"}],"wp:featuredmedia":[{"embeddable":true,"href":"https:\/\/nicoteam.gr\/tr\/wp-json\/wp\/v2\/media\/12698"}],"wp:attachment":[{"href":"https:\/\/nicoteam.gr\/tr\/wp-json\/wp\/v2\/media?parent=12697"}],"wp:term":[{"taxonomy":"product_cat","embeddable":true,"href":"https:\/\/nicoteam.gr\/tr\/wp-json\/wp\/v2\/product_cat?post=12697"},{"taxonomy":"product_tag","embeddable":true,"href":"https:\/\/nicoteam.gr\/tr\/wp-json\/wp\/v2\/product_tag?post=12697"}],"curies":[{"name":"wp","href":"https:\/\/api.w.org\/{rel}","templated":true}]}}