{"id":12693,"date":"2022-02-17T13:34:07","date_gmt":"2022-02-17T11:34:07","guid":{"rendered":"https:\/\/nicoteam.gr\/?post_type=product&#038;p=12693"},"modified":"2025-12-17T18:18:59","modified_gmt":"2025-12-17T16:18:59","slug":"ag-mourtides-lanceros-lf","status":"publish","type":"product","link":"https:\/\/nicoteam.gr\/tr\/product\/ag-mourtides-lanceros-lf\/","title":{"rendered":"A&amp;G Mourtides Lanceros LF"},"content":{"rendered":"<p>Yapraklar\u0131\u00a0<strong>Paketleyici\u00a0<\/strong>d\u0131r-dir\u00a0<strong>Corojo\u00a0<\/strong>purolara karakteristik bir colorado tonu verir.<\/p>\n<p>Lezzet profilleri \u015fu \u015fekilde karakterize edilir:\u00a0<strong>Ortalama\u00a0<\/strong>gerginlikler.<\/p>","protected":false},"excerpt":{"rendered":"<p>Bu serideki purolar Honduras men\u015feli tamamen el yap\u0131m\u0131d\u0131r. Puronun orta k\u0131sm\u0131na dolum, genellikle premium puro \u00fcretiminde tercih edilen bir dolum y\u00f6ntemi olan b\u00fct\u00fcn t\u00fct\u00fcn yapraklar\u0131yla (Long Filler) yap\u0131l\u0131r.<\/p>","protected":false},"featured_media":12694,"template":"","meta":{"_acf_changed":false,"_kadence_starter_templates_imported_post":false,"_kad_post_transparent":"","_kad_post_title":"","_kad_post_layout":"","_kad_post_sidebar_id":"","_kad_post_content_style":"","_kad_post_vertical_padding":"","_kad_post_feature":"","_kad_post_feature_position":"","_kad_post_header":false,"_kad_post_footer":false},"product_cat":[1304,150],"product_tag":[],"class_list":{"0":"post-12693","1":"product","2":"type-product","3":"status-publish","4":"has-post-thumbnail","6":"product_cat-ag-mourtides","7":"product_cat-honduras-cigar","8":"product_shipping_class-kapnika","10":"first","11":"instock","12":"purchasable","13":"product-type-simple","14":"entry","15":"content-bg","16":"loop-entry"},"acf":[],"_links":{"self":[{"href":"https:\/\/nicoteam.gr\/tr\/wp-json\/wp\/v2\/product\/12693","targetHints":{"allow":["GET"]}}],"collection":[{"href":"https:\/\/nicoteam.gr\/tr\/wp-json\/wp\/v2\/product"}],"about":[{"href":"https:\/\/nicoteam.gr\/tr\/wp-json\/wp\/v2\/types\/product"}],"wp:featuredmedia":[{"embeddable":true,"href":"https:\/\/nicoteam.gr\/tr\/wp-json\/wp\/v2\/media\/12694"}],"wp:attachment":[{"href":"https:\/\/nicoteam.gr\/tr\/wp-json\/wp\/v2\/media?parent=12693"}],"wp:term":[{"taxonomy":"product_cat","embeddable":true,"href":"https:\/\/nicoteam.gr\/tr\/wp-json\/wp\/v2\/product_cat?post=12693"},{"taxonomy":"product_tag","embeddable":true,"href":"https:\/\/nicoteam.gr\/tr\/wp-json\/wp\/v2\/product_tag?post=12693"}],"curies":[{"name":"wp","href":"https:\/\/api.w.org\/{rel}","templated":true}]}}