{"id":12680,"date":"2023-12-11T10:09:13","date_gmt":"2023-12-11T08:09:13","guid":{"rendered":"https:\/\/nicoteam.gr\/?post_type=product&#038;p=12680"},"modified":"2025-08-29T10:29:49","modified_gmt":"2025-08-29T08:29:49","slug":"ag-mourtides-perlas-sf","status":"publish","type":"product","link":"https:\/\/nicoteam.gr\/tr\/product\/ag-mourtides-perlas-sf\/","title":{"rendered":"A&#038;G Mourtides Perlas SF (Box of 25s)"},"content":{"rendered":"<p>\u03a4\u03b1 \u03c6\u03cd\u03bb\u03bb\u03b1 \u03c4\u03bf\u03c5 Wrapper \u03b5\u03af\u03bd\u03b1\u03b9 Corojo \u03ba\u03b1\u03b9 \u03c7\u03b1\u03c1\u03af\u03b6\u03bf\u03c5\u03bd \u03c3\u03c4\u03b1 \u03c0\u03bf\u03cd\u03c1\u03b1 \u03c4\u03b7\u03bd \u03c7\u03b1\u03c1\u03b1\u03ba\u03c4\u03b7\u03c1\u03b9\u03c3\u03c4\u03b9\u03ba\u03ae \u03c4\u03bf\u03c5 Colorado \u03b1\u03c0\u03cc\u03c7\u03c1\u03c9\u03c3\u03b7.<\/p>\n<p>&nbsp;<\/p>\n<p>Lezzet profilleri \u015fu \u015fekilde karakterize edilir:\u00a0<strong>Ortalama\u00a0<\/strong>gerginlikler.<\/p>","protected":false},"excerpt":{"rendered":"<p>A&amp;G Mourtides \u201cSF\u201d serisi Vitola Perla purodan olu\u015fuyor. Tamamen Honduras&#039;tan el yap\u0131m\u0131 olup, Uzun Doldurucularda kullan\u0131lan t\u00fct\u00fcnle ayn\u0131 kalitede t\u00fct\u00fcn yapraklar\u0131yla (K\u0131sa Filler) doldurulmu\u015ftur.<\/p>","protected":false},"featured_media":12682,"template":"","meta":{"_acf_changed":false,"_kadence_starter_templates_imported_post":false,"_kad_post_transparent":"","_kad_post_title":"","_kad_post_layout":"","_kad_post_sidebar_id":"","_kad_post_content_style":"","_kad_post_vertical_padding":"","_kad_post_feature":"","_kad_post_feature_position":"","_kad_post_header":false,"_kad_post_footer":false},"product_cat":[1304,150],"product_tag":[],"class_list":{"0":"post-12680","1":"product","2":"type-product","3":"status-publish","4":"has-post-thumbnail","6":"product_cat-ag-mourtides","7":"product_cat-honduras-cigar","8":"product_shipping_class-kapnika","10":"first","11":"outofstock","12":"purchasable","13":"product-type-simple","14":"entry","15":"content-bg","16":"loop-entry"},"acf":[],"_links":{"self":[{"href":"https:\/\/nicoteam.gr\/tr\/wp-json\/wp\/v2\/product\/12680","targetHints":{"allow":["GET"]}}],"collection":[{"href":"https:\/\/nicoteam.gr\/tr\/wp-json\/wp\/v2\/product"}],"about":[{"href":"https:\/\/nicoteam.gr\/tr\/wp-json\/wp\/v2\/types\/product"}],"wp:featuredmedia":[{"embeddable":true,"href":"https:\/\/nicoteam.gr\/tr\/wp-json\/wp\/v2\/media\/12682"}],"wp:attachment":[{"href":"https:\/\/nicoteam.gr\/tr\/wp-json\/wp\/v2\/media?parent=12680"}],"wp:term":[{"taxonomy":"product_cat","embeddable":true,"href":"https:\/\/nicoteam.gr\/tr\/wp-json\/wp\/v2\/product_cat?post=12680"},{"taxonomy":"product_tag","embeddable":true,"href":"https:\/\/nicoteam.gr\/tr\/wp-json\/wp\/v2\/product_tag?post=12680"}],"curies":[{"name":"wp","href":"https:\/\/api.w.org\/{rel}","templated":true}]}}