{"id":12663,"date":"2022-02-17T13:13:02","date_gmt":"2022-02-17T11:13:02","guid":{"rendered":"https:\/\/nicoteam.gr\/?post_type=product&#038;p=12663"},"modified":"2023-08-28T10:26:16","modified_gmt":"2023-08-28T08:26:16","slug":"dum-charbon-gaz-%ce%b8%ce%b5%cf%81%ce%bc%ce%ac%cf%83%cf%84%cf%81%ce%b1-%ce%ba%ce%ac%cf%81%ce%b2%ce%bf%cf%85%ce%bd%ce%bf%cf%85-ad-g650","status":"publish","type":"product","link":"https:\/\/nicoteam.gr\/tr\/product\/dum-charbon-gaz-%ce%b8%ce%b5%cf%81%ce%bc%ce%ac%cf%83%cf%84%cf%81%ce%b1-%ce%ba%ce%ac%cf%81%ce%b2%ce%bf%cf%85%ce%bd%ce%bf%cf%85-ad-g650\/","title":{"rendered":"DUM Charbon gaz K\u00f6m\u00fcr \u0131s\u0131t\u0131c\u0131 AD-G650"},"content":{"rendered":"<p>\u0395\u03af\u03bd\u03b1\u03b9 \u03ba\u03b1\u03c4\u03b1\u03c3\u03ba\u03b5\u03c5\u03b1\u03c3\u03bc\u03ad\u03bd\u03b7 \u03b5\u03be \u03bf\u03bb\u03bf\u03ba\u03bb\u03ae\u03c1\u03bf\u03c5 \u03b1\u03c0\u03cc \u03bc\u03ad\u03c4\u03b1\u03bb\u03bb\u03bf.<br \/>\n\u0395\u03af\u03bd\u03b1\u03b9 \u03ba\u03b1\u03c4\u03ac\u03bb\u03bb\u03b7\u03bb\u03bf \u03ba\u03b1\u03b9 \u03b3\u03b9\u03b1 \u03c4\u03b1 \u03ba\u03ac\u03c1\u03b2\u03bf\u03c5\u03bd\u03b1 \u03c4\u03bf\u03c5 \u03bd\u03b1\u03c1\u03b3\u03b9\u03bb\u03ad \u03c3\u03b1\u03c2 \u03ba\u03b1\u03b8\u03ce\u03c2 \u03ba\u03b1\u03b9 \u03b3\u03b9\u03b1 \u03c4\u03bf \u03ba\u03b1\u03c6\u03ad \u03c3\u03b1\u03c2 \u03ae \u03c4\u03bf \u03c4\u03c3\u03ac\u03b9 \u03c3\u03b1\u03c2, \u03b1\u03c6\u03bf\u03cd \u03b4\u03b9\u03b1\u03b8\u03ad\u03c4\u03b5\u03b9 \u03b1\u03c0\u03bf\u03c3\u03c0\u03ce\u03bc\u03b5\u03bd\u03b7 \u03b2\u03ac\u03c3\u03b7.<br \/>\n\u039b\u03b5\u03b9\u03c4\u03bf\u03c5\u03c1\u03b3\u03b5\u03af \u03bc\u03b5 \u03c6\u03c5\u03c3\u03b9\u03bf\u03bb\u03bf\u03b3\u03b9\u03ba\u03ae \u03c6\u03b9\u03ac\u03bb\u03b7 \u03b1\u03b5\u03c1\u03af\u03bf\u03c5 190g. (\u0394\u0395\u039d \u03c0\u03b5\u03c1\u03b9\u03bb\u03b1\u03bc\u03b2\u03ac\u03bd\u03b5\u03c4\u03b1\u03b9 \u03b7 \u03c6\u03b9\u03ac\u03bb\u03b7 \u03b1\u03b5\u03c1\u03af\u03bf\u03c5!)<\/p>\n<p>\u03a0\u03b5\u03c1\u03b9\u03ad\u03c7\u03b5\u03b9 \u03bc\u03b5\u03c4\u03b1\u03bb\u03bb\u03b9\u03ba\u03ae \u03c3\u03af\u03c4\u03b1 \u03b3\u03b9\u03b1 \u03c4\u03b7\u03bd \u03c4\u03bf\u03c0\u03bf\u03b8\u03ad\u03c4\u03b7\u03c3\u03b7 \u03c4\u03bf\u03c5 \u03ba\u03ac\u03c1\u03b2\u03bf\u03c5\u03bd\u03bf\u03c5.<\/p>","protected":false},"excerpt":{"rendered":"<p>\u03a6\u03bf\u03c1\u03b7\u03c4\u03ae \u03b8\u03b5\u03c1\u03bc\u03ac\u03c3\u03c4\u03c1\u03b1 \u03b3\u03b9\u03b1 \u03ba\u03ac\u03c1\u03b2\u03bf\u03c5\u03bb\u03b1 \u03bd\u03b1\u03c1\u03b3\u03b9\u03bb\u03ad.<\/p>\n<p>\u0395\u03af\u03bd\u03b1\u03b9 \u03ba\u03b1\u03c4\u03ac\u03bb\u03bb\u03b7\u03bb\u03bf \u03ba\u03b1\u03b9 \u03b3\u03b9\u03b1 \u03c4\u03b1 \u03ba\u03ac\u03c1\u03b2\u03bf\u03c5\u03bd\u03b1 \u03c4\u03bf\u03c5 \u03bd\u03b1\u03c1\u03b3\u03b9\u03bb\u03ad \u03c3\u03b1\u03c2 \u03ba\u03b1\u03b8\u03ce\u03c2 \u03ba\u03b1\u03b9 \u03b3\u03b9\u03b1 \u03c4\u03bf\u03bd \u03ba\u03b1\u03c6\u03ad \u03c3\u03b1\u03c2 \u03ae \u03c4\u03bf \u03c4\u03c3\u03ac\u03b9 \u03c3\u03b1\u03c2, \u03b1\u03c6\u03bf\u03cd \u03b4\u03b9\u03b1\u03b8\u03ad\u03c4\u03b5\u03b9 \u03b1\u03c0\u03bf\u03c3\u03c0\u03ce\u03bc\u03b5\u03bd\u03b7 \u03b2\u03ac\u03c3\u03b7.<\/p>","protected":false},"featured_media":0,"template":"","meta":{"_acf_changed":false,"_kadence_starter_templates_imported_post":false,"_kad_post_transparent":"","_kad_post_title":"","_kad_post_layout":"","_kad_post_sidebar_id":"","_kad_post_content_style":"","_kad_post_vertical_padding":"","_kad_post_feature":"","_kad_post_feature_position":"","_kad_post_header":false,"_kad_post_footer":false},"product_cat":[166],"product_tag":[447],"class_list":{"0":"post-12663","1":"product","2":"type-product","3":"status-publish","5":"product_cat-thermastra-karvounou","6":"product_tag-dum","7":"product_shipping_class-mi-kapnika","9":"first","10":"instock","11":"shipping-taxable","12":"purchasable","13":"product-type-variable","14":"entry","15":"content-bg","16":"loop-entry"},"acf":[],"_links":{"self":[{"href":"https:\/\/nicoteam.gr\/tr\/wp-json\/wp\/v2\/product\/12663","targetHints":{"allow":["GET"]}}],"collection":[{"href":"https:\/\/nicoteam.gr\/tr\/wp-json\/wp\/v2\/product"}],"about":[{"href":"https:\/\/nicoteam.gr\/tr\/wp-json\/wp\/v2\/types\/product"}],"wp:attachment":[{"href":"https:\/\/nicoteam.gr\/tr\/wp-json\/wp\/v2\/media?parent=12663"}],"wp:term":[{"taxonomy":"product_cat","embeddable":true,"href":"https:\/\/nicoteam.gr\/tr\/wp-json\/wp\/v2\/product_cat?post=12663"},{"taxonomy":"product_tag","embeddable":true,"href":"https:\/\/nicoteam.gr\/tr\/wp-json\/wp\/v2\/product_tag?post=12663"}],"curies":[{"name":"wp","href":"https:\/\/api.w.org\/{rel}","templated":true}]}}