{"id":12634,"date":"2022-02-17T09:54:38","date_gmt":"2022-02-17T07:54:38","guid":{"rendered":"https:\/\/nicoteam.gr\/?post_type=product&#038;p=12634"},"modified":"2025-04-12T10:46:40","modified_gmt":"2025-04-12T08:46:40","slug":"aladin-%ce%bd%ce%b1%cf%81%ce%b3%ce%b9%ce%bb%ce%b5%cf%83-mvp-360-full-blue-36cm","status":"publish","type":"product","link":"https:\/\/nicoteam.gr\/tr\/product\/aladin-%ce%bd%ce%b1%cf%81%ce%b3%ce%b9%ce%bb%ce%b5%cf%83-mvp-360-full-blue-36cm\/","title":{"rendered":"ALADIN NARG\u0130LE MVP 360 FULL MAV\u0130 36cm"},"content":{"rendered":"<ul>\n<li>T\u00fcr : Tek<\/li>\n<li>\u015ei\u015fe rengi: Mavi<\/li>\n<li>\u03a3\u03ce\u03bc\u03b1 \u03bd\u03b1\u03c1\u03b3\u03b9\u03bb\u03ad: \u0391\u03c3\u03ae\u03bc\u03b9<\/li>\n<li>Y\u00fckseklik: 36cm<\/li>\n<\/ul>\n<p>NARG\u0130LE KULLANIMI<br \/>\nMetal boru yakla\u015f\u0131k 1 cm suyun alt\u0131na bat\u0131ncaya kadar borunun i\u00e7ine su koyuyoruz.<br \/>\nNargile aromas\u0131n\u0131 (8-10 gr t\u00fct\u00fcn) kasenin \u00fczerini tamamen kapatmadan kil kaseye ekleyin.<br \/>\nKil kasesinin tamam\u0131n\u0131 kaplayacak kadar b\u00fcy\u00fck bir par\u00e7a al\u00fcminyum folyo al\u0131n ve sar\u0131n. Bir k\u00fcrdan ile yap\u0131n<br \/>\nFolyo \u00fczerinde 10-14 delik.<br \/>\nK\u00f6m\u00fcr\u00fc yak\u0131n (tercihen k\u00fcp \u015feklinde) ve al\u00fcminyum folyo \u00fczerine yerle\u015ftirin (al\u00fcminyum folyo \u00fczerine d\u00fc\u015fen k\u00fcller temizlenmeli ki nefes al\u0131rken duman \u00e7\u0131kmas\u0131n).<br \/>\nE\u011flence!<\/p>","protected":false},"excerpt":{"rendered":"<p>MVP 360 nargile, iyi donan\u0131ml\u0131 paslanmaz \u00e7elik nargile isteyen herkes i\u00e7in olduk\u00e7a uygun fiyata kaliteli paslanmaz \u00e7elik nargiledir.<\/p>","protected":false},"featured_media":12635,"template":"","meta":{"_acf_changed":false,"_kadence_starter_templates_imported_post":false,"_kad_post_transparent":"","_kad_post_title":"","_kad_post_layout":"","_kad_post_sidebar_id":"","_kad_post_content_style":"","_kad_post_vertical_padding":"","_kad_post_feature":"","_kad_post_feature_position":"","_kad_post_header":false,"_kad_post_footer":false},"product_cat":[609],"product_tag":[],"class_list":{"0":"post-12634","1":"product","2":"type-product","3":"status-publish","4":"has-post-thumbnail","6":"product_cat-smol-shisha","7":"product_shipping_class-mi-kapnika","8":"pa_-36cm","10":"first","11":"instock","12":"taxable","13":"shipping-taxable","14":"purchasable","15":"product-type-simple","16":"entry","17":"content-bg","18":"loop-entry"},"acf":[],"_links":{"self":[{"href":"https:\/\/nicoteam.gr\/tr\/wp-json\/wp\/v2\/product\/12634","targetHints":{"allow":["GET"]}}],"collection":[{"href":"https:\/\/nicoteam.gr\/tr\/wp-json\/wp\/v2\/product"}],"about":[{"href":"https:\/\/nicoteam.gr\/tr\/wp-json\/wp\/v2\/types\/product"}],"wp:featuredmedia":[{"embeddable":true,"href":"https:\/\/nicoteam.gr\/tr\/wp-json\/wp\/v2\/media\/12635"}],"wp:attachment":[{"href":"https:\/\/nicoteam.gr\/tr\/wp-json\/wp\/v2\/media?parent=12634"}],"wp:term":[{"taxonomy":"product_cat","embeddable":true,"href":"https:\/\/nicoteam.gr\/tr\/wp-json\/wp\/v2\/product_cat?post=12634"},{"taxonomy":"product_tag","embeddable":true,"href":"https:\/\/nicoteam.gr\/tr\/wp-json\/wp\/v2\/product_tag?post=12634"}],"curies":[{"name":"wp","href":"https:\/\/api.w.org\/{rel}","templated":true}]}}