{"id":12531,"date":"2022-02-15T12:51:55","date_gmt":"2022-02-15T10:51:55","guid":{"rendered":"https:\/\/nicoteam.gr\/?post_type=product&#038;p=12531"},"modified":"2023-08-28T10:26:19","modified_gmt":"2023-08-28T08:26:19","slug":"champ-al-malik-%ce%bd%ce%b1%cf%81%ce%b3%ce%b9%ce%bb%ce%b5%cf%83-tabounte-black-50-cm","status":"publish","type":"product","link":"https:\/\/nicoteam.gr\/tr\/product\/champ-al-malik-%ce%bd%ce%b1%cf%81%ce%b3%ce%b9%ce%bb%ce%b5%cf%83-tabounte-black-50-cm\/","title":{"rendered":"CHAMP AL MALIK TABOUNTE S\u0130YAH NARG\u0130LE 50 cm"},"content":{"rendered":"<ul>\n<li>T\u00fcr : Tek<\/li>\n<li>\u015ei\u015fe rengi: \u015eeffaf<\/li>\n<li>Nargile g\u00f6vdesi: Siyah<\/li>\n<li>Y\u00fckseklik: 50 cm<\/li>\n<\/ul>\n<p>NARG\u0130LE KULLANIMI<br \/>\nMetal boru yakla\u015f\u0131k 1 cm suyun alt\u0131na bat\u0131ncaya kadar borunun i\u00e7ine su koyuyoruz.<br \/>\nNargile aromas\u0131n\u0131 (8-10 gr t\u00fct\u00fcn) kasenin \u00fczerini tamamen kapatmadan kil kaseye ekleyin.<br \/>\nKil kasesinin tamam\u0131n\u0131 kaplayacak kadar b\u00fcy\u00fck bir par\u00e7a al\u00fcminyum folyo al\u0131n ve sar\u0131n. Bir k\u00fcrdan ile yap\u0131n<br \/>\nFolyo \u00fczerinde 10-14 delik.<br \/>\nK\u00f6m\u00fcr\u00fc yak\u0131n (tercihen k\u00fcp \u015feklinde) ve al\u00fcminyum folyo \u00fczerine yerle\u015ftirin (al\u00fcminyum folyo \u00fczerine d\u00fc\u015fen k\u00fcller temizlenmeli ki nefes al\u0131rken duman \u00e7\u0131kmas\u0131n).<br \/>\nE\u011flence!<\/p>","protected":false},"excerpt":{"rendered":"<p>Cinsi: Tekli \u015ei\u015fe Renk: \u015eeffaf Nargile g\u00f6vdesi: Siyah Y\u00fckseklik: 50 cm NARG\u0130LE KULLANIMI Metal boru yakla\u015f\u0131k 1 cm suya bat\u0131ncaya kadar borunun i\u00e7ine su koyun. Nargile aromas\u0131n\u0131 (8-10 gr t\u00fct\u00fcn) kasenin \u00fczerini tamamen kapatmadan kil kaseye ekleyin. Yeterince b\u00fcy\u00fck bir al\u00fcminyum folyo par\u00e7as\u0131 al\u0131n\u2026<\/p>","protected":false},"featured_media":12533,"template":"","meta":{"_acf_changed":false,"_kadence_starter_templates_imported_post":false,"_kad_post_transparent":"","_kad_post_title":"","_kad_post_layout":"","_kad_post_sidebar_id":"","_kad_post_content_style":"","_kad_post_vertical_padding":"","_kad_post_feature":"","_kad_post_feature_position":"","_kad_post_header":false,"_kad_post_footer":false},"product_cat":[610],"product_tag":[],"class_list":{"0":"post-12531","1":"product","2":"type-product","3":"status-publish","4":"has-post-thumbnail","6":"product_cat-medium-shisha","7":"product_shipping_class-mi-kapnika","8":"pa_-50-cm","10":"first","11":"instock","12":"taxable","13":"shipping-taxable","14":"purchasable","15":"product-type-simple","16":"entry","17":"content-bg","18":"loop-entry"},"acf":[],"_links":{"self":[{"href":"https:\/\/nicoteam.gr\/tr\/wp-json\/wp\/v2\/product\/12531","targetHints":{"allow":["GET"]}}],"collection":[{"href":"https:\/\/nicoteam.gr\/tr\/wp-json\/wp\/v2\/product"}],"about":[{"href":"https:\/\/nicoteam.gr\/tr\/wp-json\/wp\/v2\/types\/product"}],"wp:featuredmedia":[{"embeddable":true,"href":"https:\/\/nicoteam.gr\/tr\/wp-json\/wp\/v2\/media\/12533"}],"wp:attachment":[{"href":"https:\/\/nicoteam.gr\/tr\/wp-json\/wp\/v2\/media?parent=12531"}],"wp:term":[{"taxonomy":"product_cat","embeddable":true,"href":"https:\/\/nicoteam.gr\/tr\/wp-json\/wp\/v2\/product_cat?post=12531"},{"taxonomy":"product_tag","embeddable":true,"href":"https:\/\/nicoteam.gr\/tr\/wp-json\/wp\/v2\/product_tag?post=12531"}],"curies":[{"name":"wp","href":"https:\/\/api.w.org\/{rel}","templated":true}]}}