{"id":12450,"date":"2022-02-15T10:18:18","date_gmt":"2022-02-15T08:18:18","guid":{"rendered":"https:\/\/nicoteam.gr\/?post_type=product&#038;p=12450"},"modified":"2023-08-28T10:26:20","modified_gmt":"2023-08-28T08:26:20","slug":"champ-al-malik-%cf%80%ce%ae%ce%bb%ce%b9%ce%bd%ce%b7-%ce%b2%ce%ac%cf%83%ce%b7-%ce%ba%ce%b1%cf%80%ce%bd%ce%bf%cf%8d-%ce%bd%ce%b1%cf%81%ce%b3%ce%b9%ce%bb%ce%ad","status":"publish","type":"product","link":"https:\/\/nicoteam.gr\/tr\/product\/champ-al-malik-%cf%80%ce%ae%ce%bb%ce%b9%ce%bd%ce%b7-%ce%b2%ce%ac%cf%83%ce%b7-%ce%ba%ce%b1%cf%80%ce%bd%ce%bf%cf%8d-%ce%bd%ce%b1%cf%81%ce%b3%ce%b9%ce%bb%ce%ad\/","title":{"rendered":"CHAMP Al Malik Clay Nargile T\u00fct\u00fcn Taba\u011f\u0131"},"content":{"rendered":"<ul class=\"logistic-list\">\n<li>\u0394\u03b9\u03b1\u03c3\u03c4\u03ac\u03c3\u03b5\u03b9\u03c2 (cm): 6,5 x 6,5 x 7,5<\/li>\n<li>\u0392\u03ac\u03c1\u03bf\u03c2 (kg): 0,5<\/li>\n<\/ul>","protected":false},"excerpt":{"rendered":"<p>\u03a0\u03cd\u03bb\u03b9\u03bd\u03b7 \u0392\u03ac\u03c3\u03b7 \u0393\u03b9\u03b1 \u03a4\u03bf \u039a\u03b1\u03c1\u03b2\u03bf\u03c5\u03bd\u03ac\u03ba\u03b9 \u03a4\u03bf\u03c5 \u039d\u03b1\u03c1\u03b3\u03b9\u03bb\u03ad<\/p>","protected":false},"featured_media":14520,"template":"","meta":{"_acf_changed":false,"_kadence_starter_templates_imported_post":false,"_kad_post_transparent":"","_kad_post_title":"","_kad_post_layout":"","_kad_post_sidebar_id":"","_kad_post_content_style":"","_kad_post_vertical_padding":"","_kad_post_feature":"","_kad_post_feature_position":"","_kad_post_header":false,"_kad_post_footer":false},"product_cat":[605],"product_tag":[],"class_list":{"0":"post-12450","1":"product","2":"type-product","3":"status-publish","4":"has-post-thumbnail","6":"product_cat-pilino","7":"product_shipping_class-mi-kapnika","9":"first","10":"instock","11":"taxable","12":"shipping-taxable","13":"purchasable","14":"product-type-simple","15":"entry","16":"content-bg","17":"loop-entry"},"acf":[],"_links":{"self":[{"href":"https:\/\/nicoteam.gr\/tr\/wp-json\/wp\/v2\/product\/12450","targetHints":{"allow":["GET"]}}],"collection":[{"href":"https:\/\/nicoteam.gr\/tr\/wp-json\/wp\/v2\/product"}],"about":[{"href":"https:\/\/nicoteam.gr\/tr\/wp-json\/wp\/v2\/types\/product"}],"wp:featuredmedia":[{"embeddable":true,"href":"https:\/\/nicoteam.gr\/tr\/wp-json\/wp\/v2\/media\/14520"}],"wp:attachment":[{"href":"https:\/\/nicoteam.gr\/tr\/wp-json\/wp\/v2\/media?parent=12450"}],"wp:term":[{"taxonomy":"product_cat","embeddable":true,"href":"https:\/\/nicoteam.gr\/tr\/wp-json\/wp\/v2\/product_cat?post=12450"},{"taxonomy":"product_tag","embeddable":true,"href":"https:\/\/nicoteam.gr\/tr\/wp-json\/wp\/v2\/product_tag?post=12450"}],"curies":[{"name":"wp","href":"https:\/\/api.w.org\/{rel}","templated":true}]}}